{"id":9231,"date":"2024-05-27T03:06:27","date_gmt":"2024-05-27T03:06:27","guid":{"rendered":"https:\/\/www.cfaebooks.com\/?post_type=product&#038;p=9231"},"modified":"2026-04-03T07:58:03","modified_gmt":"2026-04-03T07:58:03","slug":"alternative-investments-an-allocators-approach-4th-edition-caia-level-ii","status":"publish","type":"product","link":"https:\/\/www.cfaebooks.com\/fi\/products\/alternative-investments-an-allocators-approach-4th-edition-caia-level-ii\/","title":{"rendered":"Vaihtoehtoiset sijoitukset: (CAIA Level II): An Allocator's Approach, 4. painos (CAIA Level II)."},"content":{"rendered":"<p>Myyt\u00e4v\u00e4n\u00e4 on e-kirja Vaihtoehtoiset sijoitukset: (CAIA Level II) PDF. <\/p>\n\n\n\n<p>T\u00e4m\u00e4 ei ole fyysinen kirja, vaan digitaalinen PDF-kopio. \u00c4l\u00e4 osta, jos haluat fyysisen painetun kopion. Kun olet kassalla, voit ladata e-kirjan heti.<\/p>","protected":false},"excerpt":{"rendered":"<p>For sale is an e-Book Alternative Investments: An Allocator&#8217;s Approach, 4th Edition (CAIA Level II) PDF. This is not a physical book it is a\u00a0PDF\u00a0digital copy. Please do not purchase if you want a physical hard copy. After checkout you can download the e-Book instantly.<\/p>","protected":false},"featured_media":9238,"comment_status":"closed","ping_status":"closed","template":"","meta":[],"product_brand":[],"product_cat":[318],"product_tag":[247,251,250,248,253,252,249,169],"class_list":{"0":"post-9231","1":"product","2":"type-product","3":"status-publish","4":"has-post-thumbnail","6":"product_cat-caia-level-2","7":"product_tag-caia","8":"product_tag-caia-books","9":"product_tag-caia-ebooks","10":"product_tag-caia-exam","11":"product_tag-caia-level-ii","12":"product_tag-caia-prep","13":"product_tag-caia-test","14":"product_tag-wiley","16":"first","17":"instock","18":"downloadable","19":"virtual","20":"sold-individually","21":"purchasable","22":"product-type-simple"},"_links":{"self":[{"href":"https:\/\/www.cfaebooks.com\/fi\/wp-json\/wp\/v2\/product\/9231","targetHints":{"allow":["GET"]}}],"collection":[{"href":"https:\/\/www.cfaebooks.com\/fi\/wp-json\/wp\/v2\/product"}],"about":[{"href":"https:\/\/www.cfaebooks.com\/fi\/wp-json\/wp\/v2\/types\/product"}],"replies":[{"embeddable":true,"href":"https:\/\/www.cfaebooks.com\/fi\/wp-json\/wp\/v2\/comments?post=9231"}],"wp:featuredmedia":[{"embeddable":true,"href":"https:\/\/www.cfaebooks.com\/fi\/wp-json\/wp\/v2\/media\/9238"}],"wp:attachment":[{"href":"https:\/\/www.cfaebooks.com\/fi\/wp-json\/wp\/v2\/media?parent=9231"}],"wp:term":[{"taxonomy":"product_brand","embeddable":true,"href":"https:\/\/www.cfaebooks.com\/fi\/wp-json\/wp\/v2\/product_brand?post=9231"},{"taxonomy":"product_cat","embeddable":true,"href":"https:\/\/www.cfaebooks.com\/fi\/wp-json\/wp\/v2\/product_cat?post=9231"},{"taxonomy":"product_tag","embeddable":true,"href":"https:\/\/www.cfaebooks.com\/fi\/wp-json\/wp\/v2\/product_tag?post=9231"}],"curies":[{"name":"wp","href":"https:\/\/api.w.org\/{rel}","templated":true}]}}