{"id":8199,"date":"2024-03-03T13:54:09","date_gmt":"2024-03-03T13:54:09","guid":{"rendered":"https:\/\/www.cfaebooks.com\/?post_type=product&#038;p=8199"},"modified":"2026-04-03T07:56:24","modified_gmt":"2026-04-03T07:56:24","slug":"juice-notes-cfa-level-i-2024-fintree","status":"publish","type":"product","link":"https:\/\/www.cfaebooks.com\/fi\/products\/juice-notes-cfa-level-i-2024-fintree\/","title":{"rendered":"Mehu Muistiinpanot CFA-taso I 2024 Fintree"},"content":{"rendered":"<p>For sale is an e-Book 2024 CFA level I Fintree Juice Notes PDF.<\/p>\n\n\n\n<p>Includes Set of 10 books:<\/p>\n\n\n\n<ol class=\"wp-block-list\">\n<li>Eettiset ja ammatilliset normit<\/li>\n\n\n\n<li>Kvantitatiiviset menetelm\u00e4t<\/li>\n\n\n\n<li>Taloustiede<\/li>\n\n\n\n<li>Tilinp\u00e4\u00e4t\u00f6sanalyysi<\/li>\n\n\n\n<li>Yritysten liikkeeseenlaskijat<\/li>\n\n\n\n<li>P\u00e4\u00e4omasijoitukset<\/li>\n\n\n\n<li>Korkotulot<\/li>\n\n\n\n<li>Johdannaiset<\/li>\n\n\n\n<li>Vaihtoehtoiset sijoitukset<\/li>\n\n\n\n<li>Salkunhallinta<\/li>\n<\/ol>\n\n\n\n<p>T\u00e4m\u00e4 ei ole fyysinen kirja, vaan digitaalinen PDF-kopio. \u00c4l\u00e4 osta, jos haluat fyysisen painetun kopion. Kun olet kassalla, voit ladata e-kirjan heti.<\/p>","protected":false},"excerpt":{"rendered":"<p>For sale is an e-Book 2024 CFA level I Fintree Juice Notes PDF. Includes Set of 10 books: This is not a physical book it is a&nbsp;PDF&nbsp;digital copy. Please do not purchase if you want a physical hard copy. After checkout you can download the e-Book instantly.<\/p>","protected":false},"featured_media":8402,"comment_status":"closed","ping_status":"closed","template":"","meta":[],"product_brand":[],"product_cat":[260],"product_tag":[86,93,88,90,87,91,92,173],"class_list":{"0":"post-8199","1":"product","2":"type-product","3":"status-publish","4":"has-post-thumbnail","6":"product_cat-cfa-level-1","7":"product_tag-cfa-2024","8":"product_tag-cfa-books","9":"product_tag-cfa-ebooks","10":"product_tag-cfa-exam","11":"product_tag-cfa-level-i","12":"product_tag-cfa-prep","13":"product_tag-cfa-test","14":"product_tag-juicenotes","16":"first","17":"instock","18":"downloadable","19":"virtual","20":"sold-individually","21":"purchasable","22":"product-type-simple"},"_links":{"self":[{"href":"https:\/\/www.cfaebooks.com\/fi\/wp-json\/wp\/v2\/product\/8199","targetHints":{"allow":["GET"]}}],"collection":[{"href":"https:\/\/www.cfaebooks.com\/fi\/wp-json\/wp\/v2\/product"}],"about":[{"href":"https:\/\/www.cfaebooks.com\/fi\/wp-json\/wp\/v2\/types\/product"}],"replies":[{"embeddable":true,"href":"https:\/\/www.cfaebooks.com\/fi\/wp-json\/wp\/v2\/comments?post=8199"}],"wp:featuredmedia":[{"embeddable":true,"href":"https:\/\/www.cfaebooks.com\/fi\/wp-json\/wp\/v2\/media\/8402"}],"wp:attachment":[{"href":"https:\/\/www.cfaebooks.com\/fi\/wp-json\/wp\/v2\/media?parent=8199"}],"wp:term":[{"taxonomy":"product_brand","embeddable":true,"href":"https:\/\/www.cfaebooks.com\/fi\/wp-json\/wp\/v2\/product_brand?post=8199"},{"taxonomy":"product_cat","embeddable":true,"href":"https:\/\/www.cfaebooks.com\/fi\/wp-json\/wp\/v2\/product_cat?post=8199"},{"taxonomy":"product_tag","embeddable":true,"href":"https:\/\/www.cfaebooks.com\/fi\/wp-json\/wp\/v2\/product_tag?post=8199"}],"curies":[{"name":"wp","href":"https:\/\/api.w.org\/{rel}","templated":true}]}}