{"id":8191,"date":"2024-03-03T07:11:13","date_gmt":"2024-03-03T07:11:13","guid":{"rendered":"https:\/\/www.cfaebooks.com\/?post_type=product&#038;p=8191"},"modified":"2026-04-03T07:56:20","modified_gmt":"2026-04-03T07:56:20","slug":"2024-uworld-taso-1-cfa-ohjelman-opinto-opas-muistiinpanot-taydellinen-sarja-2","status":"publish","type":"product","link":"https:\/\/www.cfaebooks.com\/fi\/products\/2024-uworld-taso-1-cfa-ohjelman-opinto-opas-muistiinpanot-taydellinen-sarja-2\/","title":{"rendered":"2024 UWorld Level 1 CFA-ohjelman opinto-opas T\u00e4ydellinen sarja + kaava-arkki"},"content":{"rendered":"<p>For sale is an e-Book 2024 CFA Level 1 UWorld Program Study Guide Notes Complete Set + Formula Sheet PDF.<\/p>\n\n\n\n<p>Sis\u00e4lt\u00e4\u00e4 6 niteen sarjan: <\/p>\n\n\n\n<p>Nide 1: Kvantitatiiviset menetelm\u00e4t, Nide 2: Taloustiede ja tilinp\u00e4\u00e4t\u00f6sanalyysi, Nide 3: Tilinp\u00e4\u00e4t\u00f6sanalyysi ja yritysten liikkeeseenlaskijat, Nide 4: Yritysten liikkeeseenlaskijat, osakesijoitukset ja korkosijoitukset, Nide 5: Korkosijoitukset, johdannaiset, vaihtoehtoiset sijoitukset ja salkunhoitoNide 6: Salkunhoito sek\u00e4 eettiset ja ammatilliset standardit.<\/p>\n\n\n\n<ul class=\"wp-block-list\">\n<li>T\u00e4m\u00e4 ei ole fyysinen kirja, vaan digitaalinen PDF-kopio. \u00c4l\u00e4 osta, jos haluat fyysisen painetun kopion.<\/li>\n\n\n\n<li>Kun olet kassalla, voit ladata e-kirjan heti.<\/li>\n<\/ul>","protected":false},"excerpt":{"rendered":"<p>For sale is an e-Book 2024 CFA Level 1 UWorld Program Study Guide Notes Complete Set + Formula Sheet PDF. Includes Set of 6 volumes: Volume 1: Quantitative Methods, Volume 2: Economics and Financial Statement Analysis, Volume 3: Financial Statement Analysis and Corporate Issuers, Volume 4: Corporate Issuers, Equity Investments, and Fixed Income, Volume 5: [&hellip;]<\/p>\n","protected":false},"featured_media":8192,"comment_status":"closed","ping_status":"closed","template":"","meta":[],"product_brand":[],"product_cat":[260],"product_tag":[86,93,88,90,87,91,92,171,169],"class_list":{"0":"post-8191","1":"product","2":"type-product","3":"status-publish","4":"has-post-thumbnail","6":"product_cat-cfa-level-1","7":"product_tag-cfa-2024","8":"product_tag-cfa-books","9":"product_tag-cfa-ebooks","10":"product_tag-cfa-exam","11":"product_tag-cfa-level-i","12":"product_tag-cfa-prep","13":"product_tag-cfa-test","14":"product_tag-study-guide","15":"product_tag-wiley","17":"first","18":"instock","19":"downloadable","20":"virtual","21":"sold-individually","22":"purchasable","23":"product-type-simple"},"_links":{"self":[{"href":"https:\/\/www.cfaebooks.com\/fi\/wp-json\/wp\/v2\/product\/8191","targetHints":{"allow":["GET"]}}],"collection":[{"href":"https:\/\/www.cfaebooks.com\/fi\/wp-json\/wp\/v2\/product"}],"about":[{"href":"https:\/\/www.cfaebooks.com\/fi\/wp-json\/wp\/v2\/types\/product"}],"replies":[{"embeddable":true,"href":"https:\/\/www.cfaebooks.com\/fi\/wp-json\/wp\/v2\/comments?post=8191"}],"wp:featuredmedia":[{"embeddable":true,"href":"https:\/\/www.cfaebooks.com\/fi\/wp-json\/wp\/v2\/media\/8192"}],"wp:attachment":[{"href":"https:\/\/www.cfaebooks.com\/fi\/wp-json\/wp\/v2\/media?parent=8191"}],"wp:term":[{"taxonomy":"product_brand","embeddable":true,"href":"https:\/\/www.cfaebooks.com\/fi\/wp-json\/wp\/v2\/product_brand?post=8191"},{"taxonomy":"product_cat","embeddable":true,"href":"https:\/\/www.cfaebooks.com\/fi\/wp-json\/wp\/v2\/product_cat?post=8191"},{"taxonomy":"product_tag","embeddable":true,"href":"https:\/\/www.cfaebooks.com\/fi\/wp-json\/wp\/v2\/product_tag?post=8191"}],"curies":[{"name":"wp","href":"https:\/\/api.w.org\/{rel}","templated":true}]}}