{"id":8183,"date":"2024-03-03T06:17:35","date_gmt":"2024-03-03T06:17:35","guid":{"rendered":"https:\/\/www.cfaebooks.com\/?post_type=product&#038;p=8183"},"modified":"2026-04-03T07:56:17","modified_gmt":"2026-04-03T07:56:17","slug":"2024-cfa-taso-1-ift-opintomonisteet","status":"publish","type":"product","link":"https:\/\/www.cfaebooks.com\/fi\/products\/2024-cfa-taso-1-ift-opintomonisteet\/","title":{"rendered":"2024 CFA-tason 1 IFT-opintomonisteet"},"content":{"rendered":"<p>Myyt\u00e4v\u00e4n\u00e4 on e-kirja 2024 CFA Level 1 IFT Study Notes PDF. T\u00e4m\u00e4 ei ole fyysinen kirja, vaan digitaalinen PDF-kopio. \u00c4l\u00e4 osta t\u00e4t\u00e4 tuotetta, jos haluat fyysisen painetun version. Kassalle siirtymisen j\u00e4lkeen voit ladata e-kirjan v\u00e4litt\u00f6m\u00e4sti.<\/p>\n\n\n\n<p>Sis\u00e4lt\u00e4\u00e4 seuraavat aiheet:<\/p>\n\n\n\n<ol class=\"wp-block-list\">\n<li>Kvantitatiiviset menetelm\u00e4t<\/li>\n\n\n\n<li>Taloustiede<\/li>\n\n\n\n<li>Yritysten liikkeeseenlaskijat<\/li>\n\n\n\n<li>Tilinp\u00e4\u00e4t\u00f6sanalyysi<\/li>\n\n\n\n<li>P\u00e4\u00e4omasijoitukset<\/li>\n\n\n\n<li>Korkotulot<\/li>\n\n\n\n<li>Johdannaiset<\/li>\n\n\n\n<li>Vaihtoehtoiset sijoitukset<\/li>\n\n\n\n<li>Salkunhallinta<\/li>\n\n\n\n<li>Eettiset ja ammatilliset normit<\/li>\n<\/ol>\n\n\n\n<p>Saat yksityiskohtaisia opintomonisteita, jotka kattavat kaikki LOS:t ja jotka sis\u00e4lt\u00e4v\u00e4t:<\/p>\n\n\n\n<ul class=\"wp-block-list\">\n<li>Esimerkkej\u00e4<\/li>\n\n\n\n<li>Harjoituskysymykset<\/li>\n\n\n\n<li>Yhteenveto kustakin k\u00e4sittelyst\u00e4<\/li>\n<\/ul>","protected":false},"excerpt":{"rendered":"<p>For sale is an e-Book 2024 CFA Level 1 IFT Study Notes PDF. This is not a physical book it is a\u00a0PDF\u00a0digital copy. Please do not purchase if you want a physical hard copy. After checkout you can download the e-Book instantly. Includes the following topics: You will get detailed Study Notes covering all LOS, [&hellip;]<\/p>\n","protected":false},"featured_media":8313,"comment_status":"closed","ping_status":"closed","template":"","meta":[],"product_brand":[],"product_cat":[349],"product_tag":[86,93,88,90,87,91,92,167,168],"class_list":{"0":"post-8183","1":"product","2":"type-product","3":"status-publish","4":"has-post-thumbnail","6":"product_cat-cfa-level-1-2024","7":"product_tag-cfa-2024","8":"product_tag-cfa-books","9":"product_tag-cfa-ebooks","10":"product_tag-cfa-exam","11":"product_tag-cfa-level-i","12":"product_tag-cfa-prep","13":"product_tag-cfa-test","14":"product_tag-ift","15":"product_tag-study-notes","17":"first","18":"instock","19":"downloadable","20":"virtual","21":"sold-individually","22":"purchasable","23":"product-type-simple"},"_links":{"self":[{"href":"https:\/\/www.cfaebooks.com\/fi\/wp-json\/wp\/v2\/product\/8183","targetHints":{"allow":["GET"]}}],"collection":[{"href":"https:\/\/www.cfaebooks.com\/fi\/wp-json\/wp\/v2\/product"}],"about":[{"href":"https:\/\/www.cfaebooks.com\/fi\/wp-json\/wp\/v2\/types\/product"}],"replies":[{"embeddable":true,"href":"https:\/\/www.cfaebooks.com\/fi\/wp-json\/wp\/v2\/comments?post=8183"}],"wp:featuredmedia":[{"embeddable":true,"href":"https:\/\/www.cfaebooks.com\/fi\/wp-json\/wp\/v2\/media\/8313"}],"wp:attachment":[{"href":"https:\/\/www.cfaebooks.com\/fi\/wp-json\/wp\/v2\/media?parent=8183"}],"wp:term":[{"taxonomy":"product_brand","embeddable":true,"href":"https:\/\/www.cfaebooks.com\/fi\/wp-json\/wp\/v2\/product_brand?post=8183"},{"taxonomy":"product_cat","embeddable":true,"href":"https:\/\/www.cfaebooks.com\/fi\/wp-json\/wp\/v2\/product_cat?post=8183"},{"taxonomy":"product_tag","embeddable":true,"href":"https:\/\/www.cfaebooks.com\/fi\/wp-json\/wp\/v2\/product_tag?post=8183"}],"curies":[{"name":"wp","href":"https:\/\/api.w.org\/{rel}","templated":true}]}}