{"id":14107,"date":"2025-10-04T15:37:46","date_gmt":"2025-10-04T15:37:46","guid":{"rendered":"https:\/\/www.cfaebooks.com\/?post_type=product&#038;p=14107"},"modified":"2026-04-03T08:06:23","modified_gmt":"2026-04-03T08:06:23","slug":"cfa-2026-level-3-salt-solutions-mock-exams-all-pathways","status":"publish","type":"product","link":"https:\/\/www.cfaebooks.com\/fi\/products\/cfa-2026-level-3-salt-solutions-mock-exams-all-pathways\/","title":{"rendered":"CFA 2026 Taso 3 Salt Solutions -harjoituskokeet (kaikki polut)"},"content":{"rendered":"<p>For sale is an e-Book 2026 CFA Salt Solutions Mock Exams Level 3 All Pathways PDF.<\/p>\n\n\n\n<ul class=\"wp-block-list\">\n<li>Including 9 mock exams, each with 2 sessions.<\/li>\n\n\n\n<li>Including: \n<ul class=\"wp-block-list\">\n<li>Portfolionhallintapolku<\/li>\n\n\n\n<li>Yksityisten markkinoiden polku<\/li>\n\n\n\n<li>Private Wealth Pathway<\/li>\n<\/ul>\n<\/li>\n\n\n\n<li>Sis\u00e4lt\u00e4\u00e4 erillisen tiedoston kysymyksille ja vastauksille, jotta voit tehd\u00e4 kysymykset ja verrata vastauksiasi.<\/li>\n\n\n\n<li>Teksti\u00e4 voi hakea k\u00e4ytt\u00e4m\u00e4ll\u00e4 tietokoneen n\u00e4pp\u00e4imist\u00f6n hakutoimintoa 'ctrl+f' ja \u00e4lypuhelimen\/tabletin hakua.<\/li>\n\n\n\n<li>T\u00e4m\u00e4 ei ole fyysinen kirja, vaan digitaalinen PDF-kopio. \u00c4l\u00e4 osta, jos haluat fyysisen painetun kopion.<\/li>\n\n\n\n<li>Kun olet kassalla, voit ladata e-kirjan heti.<\/li>\n<\/ul>","protected":false},"excerpt":{"rendered":"<p>For sale is an e-Book 2026 CFA Salt Solutions Mock Exams Level 3 All Pathways PDF.<\/p>","protected":false},"featured_media":14089,"comment_status":"closed","ping_status":"closed","template":"","meta":[],"product_brand":[],"product_cat":[265],"product_tag":[369,93,88,90,180,371,361,311,91,92],"class_list":{"0":"post-14107","1":"product","2":"type-product","3":"status-publish","4":"has-post-thumbnail","6":"product_cat-cfa-level-3","7":"product_tag-cfa-2026","8":"product_tag-cfa-books","9":"product_tag-cfa-ebooks","10":"product_tag-cfa-exam","11":"product_tag-cfa-level-3","12":"product_tag-cfa-level-3-2026","13":"product_tag-cfa-mock-exams","14":"product_tag-cfa-mocks","15":"product_tag-cfa-prep","16":"product_tag-cfa-test","18":"first","19":"instock","20":"downloadable","21":"virtual","22":"sold-individually","23":"purchasable","24":"product-type-simple"},"_links":{"self":[{"href":"https:\/\/www.cfaebooks.com\/fi\/wp-json\/wp\/v2\/product\/14107","targetHints":{"allow":["GET"]}}],"collection":[{"href":"https:\/\/www.cfaebooks.com\/fi\/wp-json\/wp\/v2\/product"}],"about":[{"href":"https:\/\/www.cfaebooks.com\/fi\/wp-json\/wp\/v2\/types\/product"}],"replies":[{"embeddable":true,"href":"https:\/\/www.cfaebooks.com\/fi\/wp-json\/wp\/v2\/comments?post=14107"}],"wp:featuredmedia":[{"embeddable":true,"href":"https:\/\/www.cfaebooks.com\/fi\/wp-json\/wp\/v2\/media\/14089"}],"wp:attachment":[{"href":"https:\/\/www.cfaebooks.com\/fi\/wp-json\/wp\/v2\/media?parent=14107"}],"wp:term":[{"taxonomy":"product_brand","embeddable":true,"href":"https:\/\/www.cfaebooks.com\/fi\/wp-json\/wp\/v2\/product_brand?post=14107"},{"taxonomy":"product_cat","embeddable":true,"href":"https:\/\/www.cfaebooks.com\/fi\/wp-json\/wp\/v2\/product_cat?post=14107"},{"taxonomy":"product_tag","embeddable":true,"href":"https:\/\/www.cfaebooks.com\/fi\/wp-json\/wp\/v2\/product_tag?post=14107"}],"curies":[{"name":"wp","href":"https:\/\/api.w.org\/{rel}","templated":true}]}}