{"id":13573,"date":"2025-01-30T08:44:00","date_gmt":"2025-01-30T08:44:00","guid":{"rendered":"https:\/\/www.cfaebooks.com\/?post_type=product&#038;p=13573"},"modified":"2026-04-03T08:05:43","modified_gmt":"2026-04-03T08:05:43","slug":"cfa-2025-tason-1-harjoituspaketin-kysymykset-ja-vastaukset","status":"publish","type":"product","link":"https:\/\/www.cfaebooks.com\/fi\/products\/cfa-2025-tason-1-harjoituspaketin-kysymykset-ja-vastaukset\/","title":{"rendered":"CFA 2025 Level 1 Practice Pack -kysymykset ja vastaukset"},"content":{"rendered":"<p>For sale is the 2025 CFA Level 1 Practice Pack Questions and Answers, a comprehensive digital study resource designed to enhance your exam preparation with high-quality practice questions.<\/p>\n\n\n\n<p>Sis\u00e4lt\u00e4\u00e4 seuraavat aiheet:<\/p>\n\n\n\n<ul class=\"wp-block-list\">\n<li>Kvantitatiiviset menetelm\u00e4t<\/li>\n\n\n\n<li>Taloustiede<\/li>\n\n\n\n<li>Yritysten liikkeeseenlaskijat<\/li>\n\n\n\n<li>Tilinp\u00e4\u00e4t\u00f6sanalyysi<\/li>\n\n\n\n<li>P\u00e4\u00e4omasijoitukset<\/li>\n\n\n\n<li>Korkotulot<\/li>\n\n\n\n<li>Johdannaiset<\/li>\n\n\n\n<li>Vaihtoehtoiset sijoitukset<\/li>\n\n\n\n<li>Salkunhallinta<\/li>\n\n\n\n<li>Eettiset ja ammatilliset normit<\/li>\n<\/ul>\n\n\n\n<p>This is not a physical book it is a\u00a0digital material. Please do not purchase if you want a physical hard copy. After checkout you can download the material immediately.<\/p>","protected":false},"excerpt":{"rendered":"<p>For sale is the 2025 CFA Level 1 Practice Pack Questions and Answers, a comprehensive digital study resource designed to enhance your exam preparation with high-quality practice questions. Includes the following topics: This is not a physical book it is a\u00a0digital material. Please do not purchase if you want a physical hard copy. After checkout [&hellip;]<\/p>\n","protected":false},"featured_media":13577,"comment_status":"closed","ping_status":"closed","template":"","meta":[],"product_brand":[],"product_cat":[260],"product_tag":[261,93,88,90,174,87,91,92,176],"class_list":{"0":"post-13573","1":"product","2":"type-product","3":"status-publish","4":"has-post-thumbnail","6":"product_cat-cfa-level-1","7":"product_tag-cfa-2025","8":"product_tag-cfa-books","9":"product_tag-cfa-ebooks","10":"product_tag-cfa-exam","11":"product_tag-cfa-institute","12":"product_tag-cfa-level-i","13":"product_tag-cfa-prep","14":"product_tag-cfa-test","15":"product_tag-mock-exam","17":"first","18":"instock","19":"downloadable","20":"virtual","21":"sold-individually","22":"purchasable","23":"product-type-simple"},"_links":{"self":[{"href":"https:\/\/www.cfaebooks.com\/fi\/wp-json\/wp\/v2\/product\/13573","targetHints":{"allow":["GET"]}}],"collection":[{"href":"https:\/\/www.cfaebooks.com\/fi\/wp-json\/wp\/v2\/product"}],"about":[{"href":"https:\/\/www.cfaebooks.com\/fi\/wp-json\/wp\/v2\/types\/product"}],"replies":[{"embeddable":true,"href":"https:\/\/www.cfaebooks.com\/fi\/wp-json\/wp\/v2\/comments?post=13573"}],"wp:featuredmedia":[{"embeddable":true,"href":"https:\/\/www.cfaebooks.com\/fi\/wp-json\/wp\/v2\/media\/13577"}],"wp:attachment":[{"href":"https:\/\/www.cfaebooks.com\/fi\/wp-json\/wp\/v2\/media?parent=13573"}],"wp:term":[{"taxonomy":"product_brand","embeddable":true,"href":"https:\/\/www.cfaebooks.com\/fi\/wp-json\/wp\/v2\/product_brand?post=13573"},{"taxonomy":"product_cat","embeddable":true,"href":"https:\/\/www.cfaebooks.com\/fi\/wp-json\/wp\/v2\/product_cat?post=13573"},{"taxonomy":"product_tag","embeddable":true,"href":"https:\/\/www.cfaebooks.com\/fi\/wp-json\/wp\/v2\/product_tag?post=13573"}],"curies":[{"name":"wp","href":"https:\/\/api.w.org\/{rel}","templated":true}]}}