{"id":13376,"date":"2025-08-13T12:36:47","date_gmt":"2025-08-13T12:36:47","guid":{"rendered":"https:\/\/www.cfaebooks.com\/?post_type=product&#038;p=13376"},"modified":"2026-04-03T08:05:19","modified_gmt":"2026-04-03T08:05:19","slug":"cfa-2026-ift-opintomonisteet-tason-3-salkunhallintapolku-kaavakkeella-2","status":"publish","type":"product","link":"https:\/\/www.cfaebooks.com\/fi\/products\/cfa-2026-ift-opintomonisteet-tason-3-salkunhallintapolku-kaavakkeella-2\/","title":{"rendered":"CFA 2026 IFT Study Notes Level 3 Portfolionhallintapolku ja kaava-arkki (CFA 2026 IFT Study Notes Level 3 Portfolio Management Pathway with Formula Sheet)"},"content":{"rendered":"<p>For sale is an e-Book 2026 CFA Level 3 IFT Study Notes Portfolio Management Pathway with Formula Sheet PDF.<\/p>\n\n\n\n<p>Sis\u00e4lt\u00e4\u00e4 seuraavat aiheet:<\/p>\n\n\n\n<ul class=\"wp-block-list\">\n<li>Nide 1 - Omaisuuserien sijoittaminen<\/li>\n\n\n\n<li><em>Nide 2 - Salkun rakentaminen<\/em><\/li>\n\n\n\n<li><em>Nide 3 - Suorituskyvyn mittaaminen<\/em><\/li>\n\n\n\n<li><em>Nide 4 - Johdannaiset ja riskienhallinta<\/em><\/li>\n\n\n\n<li><em>Nide 5 - Eettiset ja ammatilliset normit<\/em><\/li>\n\n\n\n<li>Portfolionhallintapolku<\/li>\n\n\n\n<li><em>Vuoden 2026 tason III tieto- ja kaavaesite<\/em><\/li>\n<\/ul>\n\n\n\n<p>Teksti\u00e4 voi hakea tietokoneen n\u00e4pp\u00e4imist\u00f6n hakutoiminnolla \"ctrl f\" ja \u00e4lypuhelimen\/tabletin hakutoiminnolla.<\/p>\n\n\n\n<p>Saat yksityiskohtaisia opintomonisteita, jotka kattavat kaikki LOS:t ja jotka sis\u00e4lt\u00e4v\u00e4t:&nbsp;<strong><em>Yhteenveto kustakin k\u00e4sittelyst\u00e4 ja esimerkkej\u00e4<\/em><\/strong><\/p>\n\n\n\n<ul class=\"wp-block-list\">\n<li>Kun olet kassalla, voit ladata e-kirjan heti.<\/li>\n\n\n\n<li>T\u00e4m\u00e4 ei ole fyysinen kirja, vaan digitaalinen PDF-kopio. \u00c4l\u00e4 osta, jos haluat fyysisen painetun kopion.<\/li>\n<\/ul>\n\n\n\n<p><\/p>","protected":false},"excerpt":{"rendered":"<p>For sale is an e-Book 2026 CFA Level 3 IFT Study Notes Portfolio Management Pathway with Formula Sheet PDF. Includes the following topics: The text is searchable using the find feature on your computer keyboard &#8216;ctrl f&#8217; and through search on your smartphone\/tablet. You will get detailed Study Notes covering all LOS, and which include:&nbsp;Summary [&hellip;]<\/p>\n","protected":false},"featured_media":13377,"comment_status":"closed","ping_status":"closed","template":"","meta":[],"product_brand":[],"product_cat":[265],"product_tag":[369,93,88,90,180,371,91,363,92,372,168],"class_list":{"0":"post-13376","1":"product","2":"type-product","3":"status-publish","4":"has-post-thumbnail","6":"product_cat-cfa-level-3","7":"product_tag-cfa-2026","8":"product_tag-cfa-books","9":"product_tag-cfa-ebooks","10":"product_tag-cfa-exam","11":"product_tag-cfa-level-3","12":"product_tag-cfa-level-3-2026","13":"product_tag-cfa-prep","14":"product_tag-cfa-study-notes","15":"product_tag-cfa-test","16":"product_tag-ift-study-notes","17":"product_tag-study-notes","19":"first","20":"instock","21":"downloadable","22":"virtual","23":"sold-individually","24":"purchasable","25":"product-type-simple"},"_links":{"self":[{"href":"https:\/\/www.cfaebooks.com\/fi\/wp-json\/wp\/v2\/product\/13376","targetHints":{"allow":["GET"]}}],"collection":[{"href":"https:\/\/www.cfaebooks.com\/fi\/wp-json\/wp\/v2\/product"}],"about":[{"href":"https:\/\/www.cfaebooks.com\/fi\/wp-json\/wp\/v2\/types\/product"}],"replies":[{"embeddable":true,"href":"https:\/\/www.cfaebooks.com\/fi\/wp-json\/wp\/v2\/comments?post=13376"}],"wp:featuredmedia":[{"embeddable":true,"href":"https:\/\/www.cfaebooks.com\/fi\/wp-json\/wp\/v2\/media\/13377"}],"wp:attachment":[{"href":"https:\/\/www.cfaebooks.com\/fi\/wp-json\/wp\/v2\/media?parent=13376"}],"wp:term":[{"taxonomy":"product_brand","embeddable":true,"href":"https:\/\/www.cfaebooks.com\/fi\/wp-json\/wp\/v2\/product_brand?post=13376"},{"taxonomy":"product_cat","embeddable":true,"href":"https:\/\/www.cfaebooks.com\/fi\/wp-json\/wp\/v2\/product_cat?post=13376"},{"taxonomy":"product_tag","embeddable":true,"href":"https:\/\/www.cfaebooks.com\/fi\/wp-json\/wp\/v2\/product_tag?post=13376"}],"curies":[{"name":"wp","href":"https:\/\/api.w.org\/{rel}","templated":true}]}}