{"id":13238,"date":"2025-07-31T03:18:33","date_gmt":"2025-07-31T03:18:33","guid":{"rendered":"https:\/\/www.cfaebooks.com\/?post_type=product&#038;p=13238"},"modified":"2026-04-03T08:05:13","modified_gmt":"2026-04-03T08:05:13","slug":"cfa-2026-taso-1-ift-tutkimus-muistiinpanot-kaava-arkki-kanssa-2","status":"publish","type":"product","link":"https:\/\/www.cfaebooks.com\/fi\/products\/cfa-2026-taso-1-ift-tutkimus-muistiinpanot-kaava-arkki-kanssa-2\/","title":{"rendered":"CFA 2026 Taso 1 IFT Study Notes ja kaava Sheet"},"content":{"rendered":"<p>For sale is an e-Book 2026 CFA Level 1 IFT Study Notes with Formula Sheet PDF.<\/p>\n\n\n\n<p>Sis\u00e4lt\u00e4\u00e4 seuraavat aiheet: <\/p>\n\n\n\n<ol class=\"wp-block-list\">\n<li>Edellytyksen\u00e4 olevat lukemiset<\/li>\n\n\n\n<li><em>Kvantitatiiviset menetelm\u00e4t<\/em><\/li>\n\n\n\n<li><em>Taloustiede<\/em><\/li>\n\n\n\n<li><em>Yritysten liikkeeseenlaskijat<\/em><\/li>\n\n\n\n<li><em>Tilinp\u00e4\u00e4t\u00f6sanalyysi<\/em><\/li>\n\n\n\n<li><em>P\u00e4\u00e4omasijoitukset<\/em><\/li>\n\n\n\n<li><em>Korkotulot<\/em><\/li>\n\n\n\n<li><em>Johdannaiset<\/em><\/li>\n\n\n\n<li><em>Vaihtoehtoiset sijoitukset<\/em><\/li>\n\n\n\n<li><em>Salkunhallinta<\/em><\/li>\n\n\n\n<li><em>Eettiset ja ammatilliset normit<\/em>.<\/li>\n<\/ol>\n\n\n\n<p>Saat yksityiskohtaisia opintomonisteita, jotka kattavat kaikki LOS:t ja jotka sis\u00e4lt\u00e4v\u00e4t: <strong><em>Yhteenveto kustakin k\u00e4sittelyst\u00e4 ja esimerkkej\u00e4<\/em><\/strong><\/p>\n\n\n\n<ul class=\"wp-block-list\">\n<li>Kun olet kassalla, voit ladata e-kirjan heti.<\/li>\n\n\n\n<li>T\u00e4m\u00e4 ei ole fyysinen kirja, vaan digitaalinen PDF-kopio. \u00c4l\u00e4 osta, jos haluat fyysisen painetun kopion.<\/li>\n<\/ul>","protected":false},"excerpt":{"rendered":"<p>For sale is an e-Book 2026 CFA Level 1 IFT Study Notes with Formula Sheet PDF. Includes the following topics: You will get detailed Study Notes covering all LOS, and which include: Summary of each reading and Examples<\/p>","protected":false},"featured_media":13387,"comment_status":"closed","ping_status":"closed","template":"","meta":[],"product_brand":[],"product_cat":[260],"product_tag":[369,93,88,90,370,87,91,92,167,168],"class_list":{"0":"post-13238","1":"product","2":"type-product","3":"status-publish","4":"has-post-thumbnail","6":"product_cat-cfa-level-1","7":"product_tag-cfa-2026","8":"product_tag-cfa-books","9":"product_tag-cfa-ebooks","10":"product_tag-cfa-exam","11":"product_tag-cfa-level-1-2026","12":"product_tag-cfa-level-i","13":"product_tag-cfa-prep","14":"product_tag-cfa-test","15":"product_tag-ift","16":"product_tag-study-notes","18":"first","19":"instock","20":"downloadable","21":"virtual","22":"sold-individually","23":"purchasable","24":"product-type-simple"},"_links":{"self":[{"href":"https:\/\/www.cfaebooks.com\/fi\/wp-json\/wp\/v2\/product\/13238","targetHints":{"allow":["GET"]}}],"collection":[{"href":"https:\/\/www.cfaebooks.com\/fi\/wp-json\/wp\/v2\/product"}],"about":[{"href":"https:\/\/www.cfaebooks.com\/fi\/wp-json\/wp\/v2\/types\/product"}],"replies":[{"embeddable":true,"href":"https:\/\/www.cfaebooks.com\/fi\/wp-json\/wp\/v2\/comments?post=13238"}],"wp:featuredmedia":[{"embeddable":true,"href":"https:\/\/www.cfaebooks.com\/fi\/wp-json\/wp\/v2\/media\/13387"}],"wp:attachment":[{"href":"https:\/\/www.cfaebooks.com\/fi\/wp-json\/wp\/v2\/media?parent=13238"}],"wp:term":[{"taxonomy":"product_brand","embeddable":true,"href":"https:\/\/www.cfaebooks.com\/fi\/wp-json\/wp\/v2\/product_brand?post=13238"},{"taxonomy":"product_cat","embeddable":true,"href":"https:\/\/www.cfaebooks.com\/fi\/wp-json\/wp\/v2\/product_cat?post=13238"},{"taxonomy":"product_tag","embeddable":true,"href":"https:\/\/www.cfaebooks.com\/fi\/wp-json\/wp\/v2\/product_tag?post=13238"}],"curies":[{"name":"wp","href":"https:\/\/api.w.org\/{rel}","templated":true}]}}