{"id":12867,"date":"2025-06-20T14:28:05","date_gmt":"2025-06-20T14:28:05","guid":{"rendered":"https:\/\/www.cfaebooks.com\/?post_type=product&#038;p=12867"},"modified":"2026-04-03T08:04:30","modified_gmt":"2026-04-03T08:04:30","slug":"cfa-2025-uworld-videoluennot-taso-3-yksityisen-varallisuuden-polku-private-wealth-pathway-2","status":"publish","type":"product","link":"https:\/\/www.cfaebooks.com\/fi\/products\/cfa-2025-uworld-videoluennot-taso-3-yksityisen-varallisuuden-polku-private-wealth-pathway-2\/","title":{"rendered":"CFA 2025 UWorldin videoluennot Level 3 Private Wealth Pathway (yksityisen varallisuuden polku)"},"content":{"rendered":"<p>Myyt\u00e4v\u00e4n\u00e4 on <strong>2025 CFA UWorld Video Lectures Level 3 Private Wealth Pathway<\/strong>.<\/p>\n\n\n\n<p>Sis\u00e4lt\u00e4\u00e4 seuraavat aiheet:&nbsp;<\/p>\n\n\n\n<ul class=\"wp-block-list\">\n<li>Omaisuuserien allokaatio<\/li>\n\n\n\n<li>Salkun rakentaminen<\/li>\n\n\n\n<li>Suorituskyvyn hallinta<\/li>\n\n\n\n<li>Johdannaiset ja riskienhallinta<\/li>\n\n\n\n<li>Eettiset ja ammatilliset normit<\/li>\n\n\n\n<li><strong>Private Wealth Pathway<\/strong><\/li>\n<\/ul>\n\n\n\n<p>Kaikki videot ovat .mp4-muodossa. Voit ladata videon heti kassan j\u00e4lkeen.<\/p>","protected":false},"excerpt":{"rendered":"<p>For sale is the 2025 CFA UWorld Video Lectures Level 3 Private Wealth Pathway. Includes the following topics:&nbsp; All videos are in .mp4 format. After checkout you can download the video immediately.<\/p>","protected":false},"featured_media":12868,"comment_status":"closed","ping_status":"closed","template":"","meta":[],"product_brand":[],"product_cat":[265,269],"product_tag":[261,93,88,90,180,91,92,365,271],"class_list":{"0":"post-12867","1":"product","2":"type-product","3":"status-publish","4":"has-post-thumbnail","6":"product_cat-cfa-level-3","7":"product_cat-cfa-video-lectures","8":"product_tag-cfa-2025","9":"product_tag-cfa-books","10":"product_tag-cfa-ebooks","11":"product_tag-cfa-exam","12":"product_tag-cfa-level-3","13":"product_tag-cfa-prep","14":"product_tag-cfa-test","15":"product_tag-cfa-uworld","16":"product_tag-video-lectures","18":"first","19":"instock","20":"downloadable","21":"virtual","22":"sold-individually","23":"purchasable","24":"product-type-simple"},"_links":{"self":[{"href":"https:\/\/www.cfaebooks.com\/fi\/wp-json\/wp\/v2\/product\/12867","targetHints":{"allow":["GET"]}}],"collection":[{"href":"https:\/\/www.cfaebooks.com\/fi\/wp-json\/wp\/v2\/product"}],"about":[{"href":"https:\/\/www.cfaebooks.com\/fi\/wp-json\/wp\/v2\/types\/product"}],"replies":[{"embeddable":true,"href":"https:\/\/www.cfaebooks.com\/fi\/wp-json\/wp\/v2\/comments?post=12867"}],"wp:featuredmedia":[{"embeddable":true,"href":"https:\/\/www.cfaebooks.com\/fi\/wp-json\/wp\/v2\/media\/12868"}],"wp:attachment":[{"href":"https:\/\/www.cfaebooks.com\/fi\/wp-json\/wp\/v2\/media?parent=12867"}],"wp:term":[{"taxonomy":"product_brand","embeddable":true,"href":"https:\/\/www.cfaebooks.com\/fi\/wp-json\/wp\/v2\/product_brand?post=12867"},{"taxonomy":"product_cat","embeddable":true,"href":"https:\/\/www.cfaebooks.com\/fi\/wp-json\/wp\/v2\/product_cat?post=12867"},{"taxonomy":"product_tag","embeddable":true,"href":"https:\/\/www.cfaebooks.com\/fi\/wp-json\/wp\/v2\/product_tag?post=12867"}],"curies":[{"name":"wp","href":"https:\/\/api.w.org\/{rel}","templated":true}]}}