{"id":12585,"date":"2025-05-12T09:38:57","date_gmt":"2025-05-12T09:38:57","guid":{"rendered":"https:\/\/www.cfaebooks.com\/?post_type=product&#038;p=12585"},"modified":"2026-04-03T08:03:56","modified_gmt":"2026-04-03T08:03:56","slug":"cfa-2025-taso-1-uworld-opinto-opas-ja-kaava-asiakirja-2","status":"publish","type":"product","link":"https:\/\/www.cfaebooks.com\/fi\/products\/cfa-2025-taso-1-uworld-opinto-opas-ja-kaava-asiakirja-2\/","title":{"rendered":"CFA 2025 Taso 1 UWorld Study Guide ja kaava-arkki (CFA 2025 Level 1 UWorld Study Guide with Formula Sheet)"},"content":{"rendered":"<p>Myyt\u00e4v\u00e4n\u00e4 on\u00a0<strong>2025 CFA UWorld Study Guide Level 1 with Formula Sheet<\/strong> PDF.<\/p>\n\n\n\n<p><strong>Sis\u00e4ltyv\u00e4 aihe:<\/strong><\/p>\n\n\n\n<ul class=\"wp-block-list\">\n<li><strong><em>Kvantitatiiviset menetelm\u00e4t<\/em><\/strong><\/li>\n\n\n\n<li><strong><em>Taloustiede<\/em><\/strong><\/li>\n\n\n\n<li><strong><em>Yritysten liikkeeseenlaskijat<\/em><\/strong><\/li>\n\n\n\n<li><strong><em>Tilinp\u00e4\u00e4t\u00f6sanalyysi<\/em><\/strong><\/li>\n\n\n\n<li><strong><em>Oma p\u00e4\u00e4oma<\/em><\/strong><\/li>\n\n\n\n<li><strong><em>Korkotulot<\/em><\/strong><\/li>\n\n\n\n<li><strong><em>Johdannaiset<\/em><\/strong><\/li>\n\n\n\n<li><strong><em>Vaihtoehtoiset sijoitukset<\/em><\/strong><\/li>\n\n\n\n<li><strong><em>Salkunhallinta<\/em><\/strong><\/li>\n\n\n\n<li><strong><em>Eettiset ja ammatilliset normit<\/em>.<\/strong><\/li>\n<\/ul>\n\n\n\n<p>Teksti\u00e4 voi hakea k\u00e4ytt\u00e4m\u00e4ll\u00e4 tietokoneen n\u00e4pp\u00e4imist\u00f6n hakutoimintoa \"ctrl+f\" ja \u00e4lypuhelimen\/tabletin hakua. Kun olet kirjautunut sis\u00e4\u00e4n, voit ladata koeteht\u00e4v\u00e4t v\u00e4litt\u00f6m\u00e4sti.<\/p>","protected":false},"excerpt":{"rendered":"<p>For sale is an the\u00a02025 CFA UWorld Study Guide Level 1 with Formula Sheet PDF. Topic Included: The text is searchable using the find feature on your computer keyboard \u2018ctrl+f\u2019 and through search on your smartphone\/tablet. After checkout you can download the mock exams immediately.<\/p>","protected":false},"featured_media":12777,"comment_status":"closed","ping_status":"closed","template":"","meta":[],"product_brand":[],"product_cat":[260],"product_tag":[261,93,88,90,268,92,171,168],"class_list":{"0":"post-12585","1":"product","2":"type-product","3":"status-publish","4":"has-post-thumbnail","6":"product_cat-cfa-level-1","7":"product_tag-cfa-2025","8":"product_tag-cfa-books","9":"product_tag-cfa-ebooks","10":"product_tag-cfa-exam","11":"product_tag-cfa-level-1-2025","12":"product_tag-cfa-test","13":"product_tag-study-guide","14":"product_tag-study-notes","16":"first","17":"instock","18":"downloadable","19":"virtual","20":"sold-individually","21":"purchasable","22":"product-type-simple"},"_links":{"self":[{"href":"https:\/\/www.cfaebooks.com\/fi\/wp-json\/wp\/v2\/product\/12585","targetHints":{"allow":["GET"]}}],"collection":[{"href":"https:\/\/www.cfaebooks.com\/fi\/wp-json\/wp\/v2\/product"}],"about":[{"href":"https:\/\/www.cfaebooks.com\/fi\/wp-json\/wp\/v2\/types\/product"}],"replies":[{"embeddable":true,"href":"https:\/\/www.cfaebooks.com\/fi\/wp-json\/wp\/v2\/comments?post=12585"}],"wp:featuredmedia":[{"embeddable":true,"href":"https:\/\/www.cfaebooks.com\/fi\/wp-json\/wp\/v2\/media\/12777"}],"wp:attachment":[{"href":"https:\/\/www.cfaebooks.com\/fi\/wp-json\/wp\/v2\/media?parent=12585"}],"wp:term":[{"taxonomy":"product_brand","embeddable":true,"href":"https:\/\/www.cfaebooks.com\/fi\/wp-json\/wp\/v2\/product_brand?post=12585"},{"taxonomy":"product_cat","embeddable":true,"href":"https:\/\/www.cfaebooks.com\/fi\/wp-json\/wp\/v2\/product_cat?post=12585"},{"taxonomy":"product_tag","embeddable":true,"href":"https:\/\/www.cfaebooks.com\/fi\/wp-json\/wp\/v2\/product_tag?post=12585"}],"curies":[{"name":"wp","href":"https:\/\/api.w.org\/{rel}","templated":true}]}}