{"id":12580,"date":"2025-05-12T09:13:02","date_gmt":"2025-05-12T09:13:02","guid":{"rendered":"https:\/\/www.cfaebooks.com\/?post_type=product&#038;p=12580"},"modified":"2026-04-03T08:03:54","modified_gmt":"2026-04-03T08:03:54","slug":"cfa-taso-1-2025-uworld-koe-1-2","status":"publish","type":"product","link":"https:\/\/www.cfaebooks.com\/fi\/products\/cfa-taso-1-2025-uworld-koe-1-2\/","title":{"rendered":"CFA Level 1 2025 UWorld Mock Exam 1, 2"},"content":{"rendered":"<p>Myyt\u00e4v\u00e4n\u00e4 on\u00a0<strong>2025 CFA Level 1 UWorld Mock Exam 1, 2<\/strong> PDF.<\/p>\n\n\n\n<p><strong>You\u2019ll get 2 mock exams, with 2 sessions per exam\u2014just like the actual CFA Level I format.<\/strong><\/p>\n\n\n\n<p><strong>Tied\u00e4 tarkalleen, mit\u00e4 odottaa<\/strong><br>Prepare with confidence using mock exams that closely mirror the real CFA Level I exam. From the interface and question format to the difficulty, timing, and topic weights\u2014every detail is carefully replicated to provide a true exam-day experience.<\/p>\n\n\n\n<p><strong>K\u00e4\u00e4nn\u00e4 todellinen koe vain yhdeksi harjoituskokeeksi<\/strong><br>Confidence comes from familiarity. By consistently training in a realistic exam environment, you&#8217;ll walk into the actual CFA exam feeling prepared\u2014like it&#8217;s just another mock you&#8217;ve already mastered.<\/p>\n\n\n\n<p>Teksti\u00e4 voi hakea k\u00e4ytt\u00e4m\u00e4ll\u00e4 tietokoneen n\u00e4pp\u00e4imist\u00f6n hakutoimintoa \"ctrl+f\" ja \u00e4lypuhelimen\/tabletin hakua. Kun olet kirjautunut sis\u00e4\u00e4n, voit ladata koeteht\u00e4v\u00e4t v\u00e4litt\u00f6m\u00e4sti.<\/p>","protected":false},"excerpt":{"rendered":"<p>For sale is an the\u00a02025 CFA Level 1 UWorld Mock Exam 1, 2 PDF. You\u2019ll get 2 mock exams, with 2 sessions per exam\u2014just like the actual CFA Level I format. Know Exactly What to ExpectPrepare with confidence using mock exams that closely mirror the real CFA Level I exam. From the interface and question [&hellip;]<\/p>\n","protected":false},"featured_media":12584,"comment_status":"closed","ping_status":"closed","template":"","meta":[],"product_brand":[],"product_cat":[260],"product_tag":[261,93,88,90,268,361,92],"class_list":{"0":"post-12580","1":"product","2":"type-product","3":"status-publish","4":"has-post-thumbnail","6":"product_cat-cfa-level-1","7":"product_tag-cfa-2025","8":"product_tag-cfa-books","9":"product_tag-cfa-ebooks","10":"product_tag-cfa-exam","11":"product_tag-cfa-level-1-2025","12":"product_tag-cfa-mock-exams","13":"product_tag-cfa-test","15":"first","16":"instock","17":"downloadable","18":"virtual","19":"sold-individually","20":"purchasable","21":"product-type-simple"},"_links":{"self":[{"href":"https:\/\/www.cfaebooks.com\/fi\/wp-json\/wp\/v2\/product\/12580","targetHints":{"allow":["GET"]}}],"collection":[{"href":"https:\/\/www.cfaebooks.com\/fi\/wp-json\/wp\/v2\/product"}],"about":[{"href":"https:\/\/www.cfaebooks.com\/fi\/wp-json\/wp\/v2\/types\/product"}],"replies":[{"embeddable":true,"href":"https:\/\/www.cfaebooks.com\/fi\/wp-json\/wp\/v2\/comments?post=12580"}],"wp:featuredmedia":[{"embeddable":true,"href":"https:\/\/www.cfaebooks.com\/fi\/wp-json\/wp\/v2\/media\/12584"}],"wp:attachment":[{"href":"https:\/\/www.cfaebooks.com\/fi\/wp-json\/wp\/v2\/media?parent=12580"}],"wp:term":[{"taxonomy":"product_brand","embeddable":true,"href":"https:\/\/www.cfaebooks.com\/fi\/wp-json\/wp\/v2\/product_brand?post=12580"},{"taxonomy":"product_cat","embeddable":true,"href":"https:\/\/www.cfaebooks.com\/fi\/wp-json\/wp\/v2\/product_cat?post=12580"},{"taxonomy":"product_tag","embeddable":true,"href":"https:\/\/www.cfaebooks.com\/fi\/wp-json\/wp\/v2\/product_tag?post=12580"}],"curies":[{"name":"wp","href":"https:\/\/api.w.org\/{rel}","templated":true}]}}