{"id":12500,"date":"2025-05-02T03:18:12","date_gmt":"2025-05-02T03:18:12","guid":{"rendered":"https:\/\/www.cfaebooks.com\/?post_type=product&#038;p=12500"},"modified":"2026-04-03T08:03:44","modified_gmt":"2026-04-03T08:03:44","slug":"cfa-2025-ift-korkean-tuoton-opintomonisteet-taso-2","status":"publish","type":"product","link":"https:\/\/www.cfaebooks.com\/fi\/products\/cfa-2025-ift-korkean-tuoton-opintomonisteet-taso-2\/","title":{"rendered":"CFA 2025 IFT High Yield -opintomonisteet Taso 1"},"content":{"rendered":"<p>Myyt\u00e4v\u00e4n\u00e4 on e-kirja <strong>2025 CFA Level 1 IFT High Yield Notes <\/strong> PDF.<\/p>\n\n\n\n<p><strong>Sis\u00e4ltyv\u00e4 aihe:<\/strong><\/p>\n\n\n\n<ul class=\"wp-block-list\">\n<li><strong><em>Kvantitatiiviset menetelm\u00e4t<\/em><\/strong><\/li>\n\n\n\n<li><strong><em>Taloustiede<\/em><\/strong><\/li>\n\n\n\n<li><strong><em>Yritysten liikkeeseenlaskijat<\/em><\/strong><\/li>\n\n\n\n<li><strong><em>Tilinp\u00e4\u00e4t\u00f6sanalyysi<\/em><\/strong><\/li>\n\n\n\n<li><strong><em>Oma p\u00e4\u00e4oma<\/em> Investments<\/strong><\/li>\n\n\n\n<li><strong><em>Korkotulot<\/em><\/strong><\/li>\n\n\n\n<li><strong><em>Johdannaiset<\/em><\/strong><\/li>\n\n\n\n<li><strong><em>Vaihtoehtoiset sijoitukset<\/em><\/strong><\/li>\n\n\n\n<li><strong><em>Salkunhallinta<\/em><\/strong><\/li>\n\n\n\n<li><strong><strong><em>Eettiset ja ammatilliset normit<\/em><\/strong>.<\/strong><\/li>\n<\/ul>\n\n\n\n<p>Kun olet kassalla, voit ladata e-kirjat heti. N\u00e4m\u00e4 eiv\u00e4t ole fyysisi\u00e4 kirjoja, vaan PDF-digitaalikopioita. \u00c4l\u00e4 osta, jos haluat fyysisen painetun kopion.<\/p>","protected":false},"excerpt":{"rendered":"<p>For sale is an e-Book 2025 CFA Level 1 IFT High Yield Notes PDF. Topic Included: After checkout you can download the e-Books immediately. These are not physical books they are PDF digital copies. Please do not purchase if you want a physical hard copy.<\/p>","protected":false},"featured_media":12501,"comment_status":"closed","ping_status":"closed","template":"","meta":[],"product_brand":[],"product_cat":[260],"product_tag":[261,93,90,87,311,91,92,335,167],"class_list":{"0":"post-12500","1":"product","2":"type-product","3":"status-publish","4":"has-post-thumbnail","6":"product_cat-cfa-level-1","7":"product_tag-cfa-2025","8":"product_tag-cfa-books","9":"product_tag-cfa-exam","10":"product_tag-cfa-level-i","11":"product_tag-cfa-mocks","12":"product_tag-cfa-prep","13":"product_tag-cfa-test","14":"product_tag-high-yield-notes","15":"product_tag-ift","17":"first","18":"instock","19":"downloadable","20":"virtual","21":"sold-individually","22":"purchasable","23":"product-type-simple"},"_links":{"self":[{"href":"https:\/\/www.cfaebooks.com\/fi\/wp-json\/wp\/v2\/product\/12500","targetHints":{"allow":["GET"]}}],"collection":[{"href":"https:\/\/www.cfaebooks.com\/fi\/wp-json\/wp\/v2\/product"}],"about":[{"href":"https:\/\/www.cfaebooks.com\/fi\/wp-json\/wp\/v2\/types\/product"}],"replies":[{"embeddable":true,"href":"https:\/\/www.cfaebooks.com\/fi\/wp-json\/wp\/v2\/comments?post=12500"}],"wp:featuredmedia":[{"embeddable":true,"href":"https:\/\/www.cfaebooks.com\/fi\/wp-json\/wp\/v2\/media\/12501"}],"wp:attachment":[{"href":"https:\/\/www.cfaebooks.com\/fi\/wp-json\/wp\/v2\/media?parent=12500"}],"wp:term":[{"taxonomy":"product_brand","embeddable":true,"href":"https:\/\/www.cfaebooks.com\/fi\/wp-json\/wp\/v2\/product_brand?post=12500"},{"taxonomy":"product_cat","embeddable":true,"href":"https:\/\/www.cfaebooks.com\/fi\/wp-json\/wp\/v2\/product_cat?post=12500"},{"taxonomy":"product_tag","embeddable":true,"href":"https:\/\/www.cfaebooks.com\/fi\/wp-json\/wp\/v2\/product_tag?post=12500"}],"curies":[{"name":"wp","href":"https:\/\/api.w.org\/{rel}","templated":true}]}}