{"id":12493,"date":"2025-05-02T01:44:35","date_gmt":"2025-05-02T01:44:35","guid":{"rendered":"https:\/\/www.cfaebooks.com\/?post_type=product&#038;p=12493"},"modified":"2026-04-03T08:03:42","modified_gmt":"2026-04-03T08:03:42","slug":"cfa-2025-ift-high-yield-study-notes-level-2","status":"publish","type":"product","link":"https:\/\/www.cfaebooks.com\/fi\/products\/cfa-2025-ift-high-yield-study-notes-level-2\/","title":{"rendered":"CFA 2025 IFT High Yield -opintomonisteet Taso 2 (CFA 2025 IFT High Yield)"},"content":{"rendered":"<p>Myyt\u00e4v\u00e4n\u00e4 on\u00a0<strong>2025 CFA Level 2 IFT High Yield Notes <\/strong> PDF.<\/p>\n\n\n\n<p><strong>Sis\u00e4ltyv\u00e4 aihe:<\/strong><\/p>\n\n\n\n<ul class=\"wp-block-list\">\n<li><strong><em>Kvantitatiiviset menetelm\u00e4t<\/em><\/strong><\/li>\n\n\n\n<li><strong><em>Taloustiede<\/em><\/strong><\/li>\n\n\n\n<li><strong><em>Tilinp\u00e4\u00e4t\u00f6sanalyysi<\/em><\/strong><\/li>\n\n\n\n<li><strong><em>Yritysten liikkeeseenlaskijat<\/em><\/strong><\/li>\n\n\n\n<li><strong><em>Oma p\u00e4\u00e4oma<\/em><\/strong><\/li>\n\n\n\n<li><strong><em>Korkotulot<\/em><\/strong><\/li>\n\n\n\n<li><strong><em>Johdannaiset<\/em><\/strong><\/li>\n\n\n\n<li><strong><em>Vaihtoehtoiset sijoitukset<\/em><\/strong><\/li>\n\n\n\n<li><strong><em>Salkunhallinta<\/em><\/strong><\/li>\n\n\n\n<li><strong><em>Etiikka<\/em>s<\/strong><\/li>\n<\/ul>\n\n\n\n<p>Teksti\u00e4 voi hakea k\u00e4ytt\u00e4m\u00e4ll\u00e4 tietokoneen n\u00e4pp\u00e4imist\u00f6n hakutoimintoa \"ctrl+f\" ja \u00e4lypuhelimen\/tabletin hakua. N\u00e4m\u00e4 eiv\u00e4t ole fyysisi\u00e4 kirjoja, vaan digitaalisia PDF-kopioita. \u00c4l\u00e4 osta, jos haluat fyysisen painetun kopion. e-kirjat voi ladata heti kassalle.<\/p>","protected":false},"excerpt":{"rendered":"<p>For sale is an the\u00a02025 CFA Level 2 IFT High Yield Notes PDF. Topic Included: The text is searchable using the find feature on your computer keyboard \u2018ctrl+f\u2019 and through search on your smartphone\/tablet. These are not physical books they are PDF digital copies. Please do not purchase if you want a physical hard copy.After [&hellip;]<\/p>\n","protected":false},"featured_media":12494,"comment_status":"closed","ping_status":"closed","template":"","meta":[],"product_brand":[],"product_cat":[266],"product_tag":[261,93,88,90,293,92,335,167,332],"class_list":{"0":"post-12493","1":"product","2":"type-product","3":"status-publish","4":"has-post-thumbnail","6":"product_cat-cfa-level-2","7":"product_tag-cfa-2025","8":"product_tag-cfa-books","9":"product_tag-cfa-ebooks","10":"product_tag-cfa-exam","11":"product_tag-cfa-level-2-2025","12":"product_tag-cfa-test","13":"product_tag-high-yield-notes","14":"product_tag-ift","15":"product_tag-ift-2025","17":"first","18":"instock","19":"downloadable","20":"virtual","21":"sold-individually","22":"purchasable","23":"product-type-simple"},"_links":{"self":[{"href":"https:\/\/www.cfaebooks.com\/fi\/wp-json\/wp\/v2\/product\/12493","targetHints":{"allow":["GET"]}}],"collection":[{"href":"https:\/\/www.cfaebooks.com\/fi\/wp-json\/wp\/v2\/product"}],"about":[{"href":"https:\/\/www.cfaebooks.com\/fi\/wp-json\/wp\/v2\/types\/product"}],"replies":[{"embeddable":true,"href":"https:\/\/www.cfaebooks.com\/fi\/wp-json\/wp\/v2\/comments?post=12493"}],"wp:featuredmedia":[{"embeddable":true,"href":"https:\/\/www.cfaebooks.com\/fi\/wp-json\/wp\/v2\/media\/12494"}],"wp:attachment":[{"href":"https:\/\/www.cfaebooks.com\/fi\/wp-json\/wp\/v2\/media?parent=12493"}],"wp:term":[{"taxonomy":"product_brand","embeddable":true,"href":"https:\/\/www.cfaebooks.com\/fi\/wp-json\/wp\/v2\/product_brand?post=12493"},{"taxonomy":"product_cat","embeddable":true,"href":"https:\/\/www.cfaebooks.com\/fi\/wp-json\/wp\/v2\/product_cat?post=12493"},{"taxonomy":"product_tag","embeddable":true,"href":"https:\/\/www.cfaebooks.com\/fi\/wp-json\/wp\/v2\/product_tag?post=12493"}],"curies":[{"name":"wp","href":"https:\/\/api.w.org\/{rel}","templated":true}]}}