{"id":12072,"date":"2025-03-12T03:02:39","date_gmt":"2025-03-12T03:02:39","guid":{"rendered":"https:\/\/www.cfaebooks.com\/?post_type=product&#038;p=12072"},"modified":"2026-04-03T08:02:18","modified_gmt":"2026-04-03T08:02:18","slug":"cfa-2025-taso-3-ift-opintomonisteet-kaikki-3-polkua","status":"publish","type":"product","link":"https:\/\/www.cfaebooks.com\/fi\/products\/cfa-2025-taso-3-ift-opintomonisteet-kaikki-3-polkua\/","title":{"rendered":"CFA 2025 Level 3 IFT -opintomonisteet Kaikki 3 polkua"},"content":{"rendered":"<p>For sale is an e-Book 2025 CFA Level 3 IFT Study Notes All Pathways.<\/p>\n\n\n\n<p><strong>Sis\u00e4lt\u00e4\u00e4 kaikki 3 polkua:<\/strong><\/p>\n\n\n\n<ul class=\"wp-block-list\">\n<li>Keskeiset aiheet (5 nidett\u00e4)<\/li>\n\n\n\n<li>Yksityisten markkinoiden v\u00e4yl\u00e4<\/li>\n\n\n\n<li>Portfolionhallintapolku<\/li>\n\n\n\n<li>Private Wealth Pathway<\/li>\n<\/ul>\n\n\n\n<p>T\u00e4m\u00e4 ei ole fyysinen kirja, vaan digitaalinen PDF-kopio. \u00c4l\u00e4 osta, jos haluat fyysisen painetun kopion. Kassan j\u00e4lkeen voit ladata e-kirjat heti.<\/p>","protected":false},"excerpt":{"rendered":"<p>For sale is an e-Book 2025 CFA Level 3 IFT Study Notes All Pathways. Includes all 3 pathways: This is not a physical book it is a PDF digital copy. Please do not purchase if you want a physical hard copy. After checkout you can download the e-Books instantly.<\/p>","protected":false},"featured_media":12081,"comment_status":"closed","ping_status":"closed","template":"","meta":[],"product_brand":[],"product_cat":[265],"product_tag":[261,93,88,90,267,91,92],"class_list":{"0":"post-12072","1":"product","2":"type-product","3":"status-publish","4":"has-post-thumbnail","6":"product_cat-cfa-level-3","7":"product_tag-cfa-2025","8":"product_tag-cfa-books","9":"product_tag-cfa-ebooks","10":"product_tag-cfa-exam","11":"product_tag-cfa-level-3-2025","12":"product_tag-cfa-prep","13":"product_tag-cfa-test","15":"first","16":"instock","17":"downloadable","18":"virtual","19":"sold-individually","20":"purchasable","21":"product-type-simple"},"_links":{"self":[{"href":"https:\/\/www.cfaebooks.com\/fi\/wp-json\/wp\/v2\/product\/12072","targetHints":{"allow":["GET"]}}],"collection":[{"href":"https:\/\/www.cfaebooks.com\/fi\/wp-json\/wp\/v2\/product"}],"about":[{"href":"https:\/\/www.cfaebooks.com\/fi\/wp-json\/wp\/v2\/types\/product"}],"replies":[{"embeddable":true,"href":"https:\/\/www.cfaebooks.com\/fi\/wp-json\/wp\/v2\/comments?post=12072"}],"wp:featuredmedia":[{"embeddable":true,"href":"https:\/\/www.cfaebooks.com\/fi\/wp-json\/wp\/v2\/media\/12081"}],"wp:attachment":[{"href":"https:\/\/www.cfaebooks.com\/fi\/wp-json\/wp\/v2\/media?parent=12072"}],"wp:term":[{"taxonomy":"product_brand","embeddable":true,"href":"https:\/\/www.cfaebooks.com\/fi\/wp-json\/wp\/v2\/product_brand?post=12072"},{"taxonomy":"product_cat","embeddable":true,"href":"https:\/\/www.cfaebooks.com\/fi\/wp-json\/wp\/v2\/product_cat?post=12072"},{"taxonomy":"product_tag","embeddable":true,"href":"https:\/\/www.cfaebooks.com\/fi\/wp-json\/wp\/v2\/product_tag?post=12072"}],"curies":[{"name":"wp","href":"https:\/\/api.w.org\/{rel}","templated":true}]}}