{"id":11805,"date":"2025-01-30T04:46:07","date_gmt":"2025-01-30T04:46:07","guid":{"rendered":"https:\/\/www.cfaebooks.com\/?post_type=product&#038;p=11805"},"modified":"2026-04-03T08:01:58","modified_gmt":"2026-04-03T08:01:58","slug":"2025-frm-osa-2-schweser-muistiinpanot-quicksheet-kanssa-2","status":"publish","type":"product","link":"https:\/\/www.cfaebooks.com\/fi\/products\/2025-frm-osa-2-schweser-muistiinpanot-quicksheet-kanssa-2\/","title":{"rendered":"2025 FRM osa 2 Schweser Notes kanssa Quicksheet"},"content":{"rendered":"<p>For sale is an e-Book 2025 FRM Schweser Notes Part 2 with Quicksheet PDF.<\/p>\n\n\n\n<p>Sis\u00e4lt\u00e4\u00e4 5 kirjan sarjan: <\/p>\n\n\n\n<ul class=\"wp-block-list\">\n<li>Kirja 1 - Markkinariskin mittaaminen ja hallinta<\/li>\n\n\n\n<li>Kirja 2 - Luottoriskin mittaaminen ja hallinta<\/li>\n\n\n\n<li>Kirja 3 - Operatiiviset riskit ja h\u00e4iri\u00f6nsietokyky<\/li>\n\n\n\n<li>Kirja 4 - Likviditeetti- ja varainhankintariskin mittaaminen<\/li>\n\n\n\n<li>Kirja 5 - Riskienhallinta ja sijoitusten hallinta sek\u00e4 rahoitusmarkkinoiden ajankohtaiset kysymykset.<\/li>\n<\/ul>\n\n\n\n<p>T\u00e4m\u00e4 ei ole fyysinen kirja, vaan digitaalinen PDF-kopio. \u00c4l\u00e4 osta, jos haluat fyysisen painetun kopion. Kun olet kassalla, voit ladata e-kirjan heti.<\/p>\n\n\n\n<p><\/p>","protected":false},"excerpt":{"rendered":"<p>For sale is an e-Book 2025 FRM Schweser Notes Part 2 with Quicksheet PDF. Includes Set of 5 books: This is not a physical book it is a&nbsp;PDF&nbsp;digital copy. Please do not purchase if you want a physical hard copy. After checkout you can download the e-Book instantly.<\/p>","protected":false},"featured_media":11806,"comment_status":"closed","ping_status":"closed","template":"","meta":[],"product_brand":[],"product_cat":[325],"product_tag":[184,326,185,186,181,328,188,329,182,183,168],"class_list":{"0":"post-11805","1":"product","2":"type-product","3":"status-publish","4":"has-post-thumbnail","6":"product_cat-frm-part-2","7":"product_tag-frm","8":"product_tag-frm-2025","9":"product_tag-frm-books","10":"product_tag-frm-ebooks","11":"product_tag-frm-exam","12":"product_tag-frm-handbook","13":"product_tag-frm-part-2","14":"product_tag-frm-part-2-2025","15":"product_tag-frm-prep","16":"product_tag-frm-test","17":"product_tag-study-notes","19":"first","20":"instock","21":"downloadable","22":"virtual","23":"sold-individually","24":"purchasable","25":"product-type-simple"},"_links":{"self":[{"href":"https:\/\/www.cfaebooks.com\/fi\/wp-json\/wp\/v2\/product\/11805","targetHints":{"allow":["GET"]}}],"collection":[{"href":"https:\/\/www.cfaebooks.com\/fi\/wp-json\/wp\/v2\/product"}],"about":[{"href":"https:\/\/www.cfaebooks.com\/fi\/wp-json\/wp\/v2\/types\/product"}],"replies":[{"embeddable":true,"href":"https:\/\/www.cfaebooks.com\/fi\/wp-json\/wp\/v2\/comments?post=11805"}],"wp:featuredmedia":[{"embeddable":true,"href":"https:\/\/www.cfaebooks.com\/fi\/wp-json\/wp\/v2\/media\/11806"}],"wp:attachment":[{"href":"https:\/\/www.cfaebooks.com\/fi\/wp-json\/wp\/v2\/media?parent=11805"}],"wp:term":[{"taxonomy":"product_brand","embeddable":true,"href":"https:\/\/www.cfaebooks.com\/fi\/wp-json\/wp\/v2\/product_brand?post=11805"},{"taxonomy":"product_cat","embeddable":true,"href":"https:\/\/www.cfaebooks.com\/fi\/wp-json\/wp\/v2\/product_cat?post=11805"},{"taxonomy":"product_tag","embeddable":true,"href":"https:\/\/www.cfaebooks.com\/fi\/wp-json\/wp\/v2\/product_tag?post=11805"}],"curies":[{"name":"wp","href":"https:\/\/api.w.org\/{rel}","templated":true}]}}