{"id":11178,"date":"2024-11-06T13:31:00","date_gmt":"2024-11-06T13:31:00","guid":{"rendered":"https:\/\/www.cfaebooks.com\/?post_type=product&#038;p=11178"},"modified":"2026-04-03T08:01:14","modified_gmt":"2026-04-03T08:01:14","slug":"cfa-2025-videoluennot-taso-2-ja-tyokirja","status":"publish","type":"product","link":"https:\/\/www.cfaebooks.com\/fi\/products\/cfa-2025-videoluennot-taso-2-ja-tyokirja\/","title":{"rendered":"CFA 2025 Videoluennot Taso 2 ja ty\u00f6kirjan kanssa"},"content":{"rendered":"<p>For sale is the 2025 CFA Schweser Video Lectures Level 2 with Workbook<\/p>\n\n\n\n<p>Sis\u00e4lt\u00e4\u00e4 seuraavat aiheet: <\/p>\n\n\n\n<ul class=\"wp-block-list\">\n<li><em>Kvantitatiiviset menetelm\u00e4t<\/em><\/li>\n\n\n\n<li><em>Taloustiede<\/em><\/li>\n\n\n\n<li><em>Tilinp\u00e4\u00e4t\u00f6sanalyysi<\/em><\/li>\n\n\n\n<li><em>Yritysten liikkeeseenlaskijat<\/em><\/li>\n\n\n\n<li><em>P\u00e4\u00e4omasijoitukset<\/em><\/li>\n\n\n\n<li><em>Korkotulot<\/em><\/li>\n\n\n\n<li><em>Johdannaiset<\/em><\/li>\n\n\n\n<li><em>Vaihtoehtoiset sijoitukset<\/em><\/li>\n\n\n\n<li><em>Portfolio Management and Ethics and Professional Standards<\/em>. <\/li>\n<\/ul>\n\n\n\n<p>Voit ladata videon ja ty\u00f6kirjan heti kassalle tultuasi.<\/p>","protected":false},"excerpt":{"rendered":"<p>For sale is the 2025 CFA Schweser Video Lectures Level 2 with Workbook Includes the following topics: After checkout you can download the video and workbook immediately.<\/p>","protected":false},"featured_media":11179,"comment_status":"closed","ping_status":"closed","template":"","meta":[],"product_brand":[],"product_cat":[269,266],"product_tag":[261,93,88,90,178,293,91,92,302,303,163,175,271,270],"class_list":{"0":"post-11178","1":"product","2":"type-product","3":"status-publish","4":"has-post-thumbnail","6":"product_cat-cfa-video-lectures","7":"product_cat-cfa-level-2","8":"product_tag-cfa-2025","9":"product_tag-cfa-books","10":"product_tag-cfa-ebooks","11":"product_tag-cfa-exam","12":"product_tag-cfa-level-2","13":"product_tag-cfa-level-2-2025","14":"product_tag-cfa-prep","15":"product_tag-cfa-test","16":"product_tag-cfa-video-lectures","17":"product_tag-cfa-video-lessons","18":"product_tag-schweser-qbank","19":"product_tag-video","20":"product_tag-video-lectures","21":"product_tag-video-lessons","23":"first","24":"instock","25":"downloadable","26":"virtual","27":"sold-individually","28":"purchasable","29":"product-type-simple"},"_links":{"self":[{"href":"https:\/\/www.cfaebooks.com\/fi\/wp-json\/wp\/v2\/product\/11178","targetHints":{"allow":["GET"]}}],"collection":[{"href":"https:\/\/www.cfaebooks.com\/fi\/wp-json\/wp\/v2\/product"}],"about":[{"href":"https:\/\/www.cfaebooks.com\/fi\/wp-json\/wp\/v2\/types\/product"}],"replies":[{"embeddable":true,"href":"https:\/\/www.cfaebooks.com\/fi\/wp-json\/wp\/v2\/comments?post=11178"}],"wp:featuredmedia":[{"embeddable":true,"href":"https:\/\/www.cfaebooks.com\/fi\/wp-json\/wp\/v2\/media\/11179"}],"wp:attachment":[{"href":"https:\/\/www.cfaebooks.com\/fi\/wp-json\/wp\/v2\/media?parent=11178"}],"wp:term":[{"taxonomy":"product_brand","embeddable":true,"href":"https:\/\/www.cfaebooks.com\/fi\/wp-json\/wp\/v2\/product_brand?post=11178"},{"taxonomy":"product_cat","embeddable":true,"href":"https:\/\/www.cfaebooks.com\/fi\/wp-json\/wp\/v2\/product_cat?post=11178"},{"taxonomy":"product_tag","embeddable":true,"href":"https:\/\/www.cfaebooks.com\/fi\/wp-json\/wp\/v2\/product_tag?post=11178"}],"curies":[{"name":"wp","href":"https:\/\/api.w.org\/{rel}","templated":true}]}}