{"id":11150,"date":"2024-11-05T04:28:48","date_gmt":"2024-11-05T04:28:48","guid":{"rendered":"https:\/\/www.cfaebooks.com\/?post_type=product&#038;p=11150"},"modified":"2026-04-03T08:01:11","modified_gmt":"2026-04-03T08:01:11","slug":"2025-cfa-kysymyspankki-taso-2","status":"publish","type":"product","link":"https:\/\/www.cfaebooks.com\/fi\/products\/2025-cfa-kysymyspankki-taso-2\/","title":{"rendered":"2025 CFA-kysymyspankki taso 2"},"content":{"rendered":"<p>For sale is an e-Book 2025 CFA Schweser Question Bank Level 2 PDF.<\/p>\n\n\n\n<ul class=\"wp-block-list\">\n<li>Yli 1000 kysymyst\u00e4 ja vastausta.<\/li>\n\n\n\n<li>Sis\u00e4lt\u00e4\u00e4 kysymyksi\u00e4 ja vastauksia jokaiseen kysymykseen.<\/li>\n\n\n\n<li>Kattaa koko opetussuunnitelman - Erilliset testit jokaiselle aihealueelle. <\/li>\n\n\n\n<li>Se sis\u00e4lt\u00e4\u00e4 seuraavat aiheet: \n<ol class=\"wp-block-list\">\n<li><em>Kvantitatiiviset menetelm\u00e4t<\/em><\/li>\n\n\n\n<li><em>Taloustiede<\/em><\/li>\n\n\n\n<li><em>Tilinp\u00e4\u00e4t\u00f6sanalyysi<\/em><\/li>\n\n\n\n<li><em>Yritysten liikkeeseenlaskijat<\/em><\/li>\n\n\n\n<li><em>Oman p\u00e4\u00e4oman arvostus<\/em><\/li>\n\n\n\n<li><em>Korkotulot<\/em><\/li>\n\n\n\n<li><em>Johdannaiset<\/em><\/li>\n\n\n\n<li><em>Vaihtoehtoiset sijoitukset<\/em><\/li>\n\n\n\n<li><em>Salkunhallinta<\/em><\/li>\n\n\n\n<li>Eettiset ja ammatilliset normit<\/li>\n<\/ol>\n<\/li>\n<\/ul>\n\n\n\n<ul class=\"wp-block-list\">\n<li>T\u00e4m\u00e4 ei ole fyysinen kirja, vaan digitaalinen PDF-kopio. \u00c4l\u00e4 osta, jos haluat fyysisen painetun kopion.<\/li>\n\n\n\n<li>Kun olet kassalla, voit ladata e-kirjan heti.<\/li>\n<\/ul>","protected":false},"excerpt":{"rendered":"<p>For sale is an e-Book 2025 CFA Schweser Question Bank Level 2 PDF.<\/p>","protected":false},"featured_media":11151,"comment_status":"closed","ping_status":"closed","template":"","meta":[],"product_brand":[],"product_cat":[266],"product_tag":[261,93,90,178,293,91,158,162,161,163],"class_list":{"0":"post-11150","1":"product","2":"type-product","3":"status-publish","4":"has-post-thumbnail","6":"product_cat-cfa-level-2","7":"product_tag-cfa-2025","8":"product_tag-cfa-books","9":"product_tag-cfa-exam","10":"product_tag-cfa-level-2","11":"product_tag-cfa-level-2-2025","12":"product_tag-cfa-prep","13":"product_tag-kaplan-schweser","14":"product_tag-qbank","15":"product_tag-question-bank","16":"product_tag-schweser-qbank","18":"first","19":"instock","20":"downloadable","21":"virtual","22":"sold-individually","23":"purchasable","24":"product-type-simple"},"_links":{"self":[{"href":"https:\/\/www.cfaebooks.com\/fi\/wp-json\/wp\/v2\/product\/11150","targetHints":{"allow":["GET"]}}],"collection":[{"href":"https:\/\/www.cfaebooks.com\/fi\/wp-json\/wp\/v2\/product"}],"about":[{"href":"https:\/\/www.cfaebooks.com\/fi\/wp-json\/wp\/v2\/types\/product"}],"replies":[{"embeddable":true,"href":"https:\/\/www.cfaebooks.com\/fi\/wp-json\/wp\/v2\/comments?post=11150"}],"wp:featuredmedia":[{"embeddable":true,"href":"https:\/\/www.cfaebooks.com\/fi\/wp-json\/wp\/v2\/media\/11151"}],"wp:attachment":[{"href":"https:\/\/www.cfaebooks.com\/fi\/wp-json\/wp\/v2\/media?parent=11150"}],"wp:term":[{"taxonomy":"product_brand","embeddable":true,"href":"https:\/\/www.cfaebooks.com\/fi\/wp-json\/wp\/v2\/product_brand?post=11150"},{"taxonomy":"product_cat","embeddable":true,"href":"https:\/\/www.cfaebooks.com\/fi\/wp-json\/wp\/v2\/product_cat?post=11150"},{"taxonomy":"product_tag","embeddable":true,"href":"https:\/\/www.cfaebooks.com\/fi\/wp-json\/wp\/v2\/product_tag?post=11150"}],"curies":[{"name":"wp","href":"https:\/\/api.w.org\/{rel}","templated":true}]}}