{"id":10338,"date":"2024-09-09T03:53:22","date_gmt":"2024-09-09T03:53:22","guid":{"rendered":"https:\/\/www.cfaebooks.com\/?post_type=product&#038;p=10338"},"modified":"2026-04-03T07:59:29","modified_gmt":"2026-04-03T07:59:29","slug":"2025-cfa-ift-opintomonisteet-taso-3-yksityismarkkinat-polku-2","status":"publish","type":"product","link":"https:\/\/www.cfaebooks.com\/fi\/products\/2025-cfa-ift-opintomonisteet-taso-3-yksityismarkkinat-polku-2\/","title":{"rendered":"2025 CFA IFT Study Notes Taso 3 Yksityismarkkinat Pathway -opintojakso"},"content":{"rendered":"<p>For sale is an e-Book 2025 CFA Level 3 IFT Study Notes Private Markets Pathway PDF.<\/p>\n\n\n\n<p>Sis\u00e4lt\u00e4\u00e4 seuraavat aiheet: <em>Yksityismarkkinapolku, osa 1, osa 2, osa 3, osa 4 ja osa 5.<\/em><\/p>\n\n\n\n<ul class=\"wp-block-list\">\n<li>Kun olet kassalla, voit ladata e-kirjan heti.<\/li>\n\n\n\n<li>T\u00e4m\u00e4 ei ole fyysinen kirja, vaan digitaalinen PDF-kopio. \u00c4l\u00e4 osta, jos haluat fyysisen painetun kopion.<\/li>\n<\/ul>","protected":false},"excerpt":{"rendered":"<p>For sale is an e-Book 2025 CFA Level 3 IFT Study Notes Private Markets Pathway PDF. Includes the following topics: Private Market Pathway, Volume 1, Volume 2, Volume 3, Volume 4 and Volume 5.<\/p>","protected":false},"featured_media":10340,"comment_status":"closed","ping_status":"closed","template":"","meta":[],"product_brand":[],"product_cat":[265],"product_tag":[261,93,88,90,180,267,307,91,92,167,168],"class_list":{"0":"post-10338","1":"product","2":"type-product","3":"status-publish","4":"has-post-thumbnail","6":"product_cat-cfa-level-3","7":"product_tag-cfa-2025","8":"product_tag-cfa-books","9":"product_tag-cfa-ebooks","10":"product_tag-cfa-exam","11":"product_tag-cfa-level-3","12":"product_tag-cfa-level-3-2025","13":"product_tag-cfa-level-3-private-markets-pathway","14":"product_tag-cfa-prep","15":"product_tag-cfa-test","16":"product_tag-ift","17":"product_tag-study-notes","19":"first","20":"instock","21":"downloadable","22":"virtual","23":"sold-individually","24":"purchasable","25":"product-type-simple"},"_links":{"self":[{"href":"https:\/\/www.cfaebooks.com\/fi\/wp-json\/wp\/v2\/product\/10338","targetHints":{"allow":["GET"]}}],"collection":[{"href":"https:\/\/www.cfaebooks.com\/fi\/wp-json\/wp\/v2\/product"}],"about":[{"href":"https:\/\/www.cfaebooks.com\/fi\/wp-json\/wp\/v2\/types\/product"}],"replies":[{"embeddable":true,"href":"https:\/\/www.cfaebooks.com\/fi\/wp-json\/wp\/v2\/comments?post=10338"}],"wp:featuredmedia":[{"embeddable":true,"href":"https:\/\/www.cfaebooks.com\/fi\/wp-json\/wp\/v2\/media\/10340"}],"wp:attachment":[{"href":"https:\/\/www.cfaebooks.com\/fi\/wp-json\/wp\/v2\/media?parent=10338"}],"wp:term":[{"taxonomy":"product_brand","embeddable":true,"href":"https:\/\/www.cfaebooks.com\/fi\/wp-json\/wp\/v2\/product_brand?post=10338"},{"taxonomy":"product_cat","embeddable":true,"href":"https:\/\/www.cfaebooks.com\/fi\/wp-json\/wp\/v2\/product_cat?post=10338"},{"taxonomy":"product_tag","embeddable":true,"href":"https:\/\/www.cfaebooks.com\/fi\/wp-json\/wp\/v2\/product_tag?post=10338"}],"curies":[{"name":"wp","href":"https:\/\/api.w.org\/{rel}","templated":true}]}}