{"id":8795,"date":"2024-03-22T13:16:51","date_gmt":"2024-03-22T13:16:51","guid":{"rendered":"https:\/\/www.cfaebooks.com\/?page_id=8795"},"modified":"2024-03-22T14:19:25","modified_gmt":"2024-03-22T14:19:25","slug":"terms-of-use","status":"publish","type":"page","link":"https:\/\/www.cfaebooks.com\/fi\/terms-of-use\/","title":{"rendered":"K\u00e4ytt\u00f6ehdot"},"content":{"rendered":"<p>CFAeBooks on maailmanlaajuisesti kaikkien saatavilla i\u00e4st\u00e4, sukupuolesta, rodusta, kansallisuudesta tai uskonnosta riippumatta.<\/p>\n\n\n\n<h3 class=\"wp-block-heading\">Tekij\u00e4noikeus Disclaimer<\/h3>\n\n\n\n<p>Tekij\u00e4noikeuslain 107 pyk\u00e4l\u00e4 Oikeudenmukainen k\u00e4ytt\u00f6 Sis\u00e4lt\u00f6. Koulutuksen tarkoitus ja opetuksen aikomus. Ei kaupalliseen tarkoitukseen.<\/p>\n\n\n\n<h3 class=\"wp-block-heading\">Ulkoiset linkit Vastuuvapauslauseke<\/h3>\n\n\n\n<p>Sivusto saattaa sis\u00e4lt\u00e4\u00e4 (tai sinulle saatetaan l\u00e4hett\u00e4\u00e4 Sivuston kautta) linkkej\u00e4 muille verkkosivustoille tai sis\u00e4lt\u00f6\u00f6n, jotka kuuluvat kolmansille osapuolille tai ovat per\u00e4isin kolmansilta osapuolilta, tai linkkej\u00e4 verkkosivustoihin ja ominaisuuksiin bannereissa tai muussa mainonnassa. Me emme tutki, valvo tai tarkista t\u00e4llaisia ulkoisia linkkej\u00e4 niiden tarkkuuden, riitt\u00e4vyyden, p\u00e4tevyyden, luotettavuuden, saatavuuden tai t\u00e4ydellisyyden osalta. EMME TAKAA, TUE, TAKAA TAI OTA VASTUUTA SIVUSTOLLA LINKITETTYJEN KOLMANSIEN OSAPUOLTEN VERKKOSIVUSTOJEN TARJOAMIEN TIETOJEN TAI BANNEREISSA TAI MUUSSA MAINONNASSA LINKITETTYJEN VERKKOSIVUSTOJEN TAI OMINAISUUKSIEN TARKKUUDESTA TAI LUOTETTAVUUDESTA. EMME OLE OSAPUOLENA TAI MILL\u00c4\u00c4N TAVALLA VASTUUSSA SINUN JA KOLMANSIEN OSAPUOLTEN TUOTTEIDEN TAI PALVELUIDEN TARJOAJIEN V\u00c4LISTEN LIIKETOIMIEN VALVONNASTA.<\/p>\n\n\n\n<h3 class=\"wp-block-heading\">Tavaramerkit, logot ja tuotenimet Vastuuvapauslauseke<\/h3>\n\n\n\n<p>Kaikki tavaramerkit, logot ja tuotenimet ovat omistajiensa tai niiden tyt\u00e4ryhti\u00f6iden omaisuutta.<\/p>\n\n\n\n<h3 class=\"wp-block-heading\">DMCA-lauseke<\/h3>\n\n\n\n<p>Emme is\u00e4nn\u00f6i mit\u00e4\u00e4n tekij\u00e4noikeudella suojattua sis\u00e4lt\u00f6\u00e4 sivustollamme, se on luettelo linkkej\u00e4, jotka on jo l\u00f6ydetty Internetist\u00e4. Tutustu\u00a0<a href=\"\/fi\/dmca\/\">DMCA-k\u00e4yt\u00e4nt\u00f6<\/a>. Jos koet, ett\u00e4 tekij\u00e4noikeuksiasi on loukattu, ota meihin v\u00e4litt\u00f6m\u00e4sti yhteytt\u00e4, sill\u00e4 kyseinen sis\u00e4lt\u00f6 poistetaan pysyv\u00e4sti 24 tunnin kuluessa.\u00a0<a href=\"\/fi\/contact\/\">Ota yhteytt\u00e4<\/a>.<\/p>\n\n\n\n<h2 class=\"wp-block-heading\">Tietosuoja- ja ev\u00e4stek\u00e4yt\u00e4nn\u00f6t<\/h2>\n\n\n\n<p>CFAeBooks hyv\u00e4ksyy t\u00e4ysin EU:n yleisen tietosuoja-asetuksen (GDPR) 2018 mukaiset tietosuojaperiaatteet ja noudattaa niit\u00e4. CFAeBooks on sitoutunut suojelemaan k\u00e4ytt\u00e4jien yksityisyytt\u00e4. Ymm\u00e4rr\u00e4mme, ett\u00e4 t\u00e4m\u00e4n verkkosivuston k\u00e4vij\u00e4t ja k\u00e4ytt\u00e4j\u00e4t ovat huolissaan meille annettujen tietojen luottamuksellisuudesta ja turvallisuudesta.<\/p>\n\n\n\n<p>Katso meid\u00e4n&nbsp;<a href=\"\/fi\/privacy-policy\/\">Tietosuojak\u00e4yt\u00e4nt\u00f6 t\u00e4\u00e4ll\u00e4<\/a><\/p>\n\n\n\n<p>Katso meid\u00e4n&nbsp;<a href=\"\/fi\/privacy-policy\/#cookies\">Ev\u00e4stek\u00e4yt\u00e4nt\u00f6 t\u00e4\u00e4ll\u00e4<\/a><\/p>\n\n\n\n<p>Jos sinulla on kysytt\u00e4v\u00e4\u00e4 t\u00e4st\u00e4 asiakirjasta tai k\u00e4ytt\u00f6ehdoistamme, ota yhteytt\u00e4 osoitteeseen&nbsp;<a href=\"\/fi\/contact\/\">Ota yhteytt\u00e4<\/a>.<\/p>","protected":false},"excerpt":{"rendered":"<p>CFAeBooks&nbsp;are made available worldwide to all persons, regardless of age, gender, race, nationality, or religion. Copyright Disclaimer Section 107 of the Copyright Act Fair Use Contents. Purpose of Education &amp; Teaching Intention. Not for commercial purpose. External Links Disclaimer The Site may contain (or you may be sent through the Site) links to other websites [&hellip;]<\/p>\n","protected":false},"author":1,"featured_media":0,"parent":0,"menu_order":0,"comment_status":"closed","ping_status":"closed","template":"template-fullwidth.php","meta":{"footnotes":""},"class_list":["post-8795","page","type-page","status-publish","hentry"],"_links":{"self":[{"href":"https:\/\/www.cfaebooks.com\/fi\/wp-json\/wp\/v2\/pages\/8795","targetHints":{"allow":["GET"]}}],"collection":[{"href":"https:\/\/www.cfaebooks.com\/fi\/wp-json\/wp\/v2\/pages"}],"about":[{"href":"https:\/\/www.cfaebooks.com\/fi\/wp-json\/wp\/v2\/types\/page"}],"author":[{"embeddable":true,"href":"https:\/\/www.cfaebooks.com\/fi\/wp-json\/wp\/v2\/users\/1"}],"replies":[{"embeddable":true,"href":"https:\/\/www.cfaebooks.com\/fi\/wp-json\/wp\/v2\/comments?post=8795"}],"version-history":[{"count":0,"href":"https:\/\/www.cfaebooks.com\/fi\/wp-json\/wp\/v2\/pages\/8795\/revisions"}],"wp:attachment":[{"href":"https:\/\/www.cfaebooks.com\/fi\/wp-json\/wp\/v2\/media?parent=8795"}],"curies":[{"name":"wp","href":"https:\/\/api.w.org\/{rel}","templated":true}]}}