{"id":8662,"date":"2024-03-20T09:28:22","date_gmt":"2024-03-20T09:28:22","guid":{"rendered":"https:\/\/www.cfaebooks.com\/?page_id=8662"},"modified":"2026-02-11T04:07:34","modified_gmt":"2026-02-11T04:07:34","slug":"faqs","status":"publish","type":"page","link":"https:\/\/www.cfaebooks.com\/fi\/faqs\/","title":{"rendered":"UKK"},"content":{"rendered":"<div id=\"rank-math-faq\" class=\"rank-math-block\">\n<div class=\"rank-math-list\">\n<div id=\"faq-question-1711112280361\" class=\"rank-math-list-item\">\n<h3 class=\"rank-math-question\"><strong>Maksutapani ei toimi miksi?<\/strong><\/h3>\n<div class=\"rank-math-answer\">\n\n<p>Maksun k\u00e4sittelyss\u00e4 saattaa olla vaikeuksia muutamasta syyst\u00e4. Seuraavassa on muutamia yleisi\u00e4 asioita, jotka kannattaa yritt\u00e4\u00e4 tarkistaa.<\/p>\n<p>1. Varmista, ett\u00e4\u00a0<strong>sy\u00f6tetty maa vastaa maksukortin maata<\/strong><br \/>2. <strong>Tyhjenn\u00e4 v\u00e4limuisti<\/strong>\u00a0selaimessasi<br \/>3. Try<strong>\u00a0k\u00e4ytt\u00e4m\u00e4ll\u00e4 eri s\u00e4hk\u00f6postiosoitetta<\/strong><br \/>4. Try a\u00a0<strong>eri verkkoselain<\/strong>\u00a0esim. Google Chrome, Mozilla Firefox, Microsoft Edge, Apple Safari.<\/p>\n\n<\/div>\n<\/div>\n<div id=\"faq-question-1711112367817\" class=\"rank-math-list-item\">\n<h3 class=\"rank-math-question\"><strong>Tarvitsenko tilin tuotteiden ostamiseen?<\/strong><\/h3>\n<div class=\"rank-math-answer\">\n\n<p>Ei, et tarvitse tili\u00e4 ostaaksesi tuotteita. Sinulla on mahdollisuus\u00a0<strong>kassalle vieraana<\/strong>. Jos haluat, voit my\u00f6s luoda ilmaisen tilin.<\/p>\n\n<\/div>\n<\/div>\n<div id=\"faq-question-1711112392048\" class=\"rank-math-list-item\">\n<h3 class=\"rank-math-question\"><strong>Miten kirjaudun ilmaiselle tilille?<\/strong><\/h3>\n<div class=\"rank-math-answer\">\n\n<p>Voit rekister\u00f6ity\u00e4 klikkaamalla\u00a0<strong><a href=\"\/fi\/my-account\/\">REGISTER\u00a0<\/a><\/strong>here. You can also find register in the menu under &#8216;Account&#8217;.<\/p>\n\n<\/div>\n<\/div>\n<div id=\"faq-question-1711112474613\" class=\"rank-math-list-item\">\n<h3 class=\"rank-math-question\"><strong>Mill\u00e4 maksutavoilla voin maksaa?<\/strong><\/h3>\n<div class=\"rank-math-answer\">\n\n<p>We accept payment via most Debit \/ Credit Card.<\/p>\n\n<\/div>\n<\/div>\n<div id=\"faq-question-1711112510413\" class=\"rank-math-list-item\">\n<h3 class=\"rank-math-question\"><strong>Kuinka monta kertaa voin k\u00e4ytt\u00e4\u00e4 latauksiani?<\/strong><\/h3>\n<div class=\"rank-math-answer\">\n\n<p>Kun olet ostanut, voit ladata tuotteesi\u00a0<strong>niin monta kertaa kuin haluat<\/strong>\u00a0ja niin monella laitteella kuin haluat - kyll\u00e4, se on oikein...\u00a0<strong>rajoittamaton<\/strong>!<\/p>\n\n<\/div>\n<\/div>\n<div id=\"faq-question-1711112536280\" class=\"rank-math-list-item\">\n<h3 class=\"rank-math-question\"><strong>Milloin tilaukseni l\u00e4hetet\u00e4\u00e4n?<\/strong><\/h3>\n<div class=\"rank-math-answer\">\n\n<p>Download links are provided after payment is confirmed. You will receive the download links to the files in &#8216;<strong>Lataukseni<\/strong>'. Lis\u00e4ksi saat my\u00f6s\u00a0<strong>erillinen s\u00e4hk\u00f6posti, jossa on latauslinkit<\/strong>\u00a0my\u00f6s.<\/p>\n\n<\/div>\n<\/div>\n<div id=\"faq-question-1711112560304\" class=\"rank-math-list-item\">\n<h3 class=\"rank-math-question\"><strong>Miss\u00e4 digitaalinen lataukseni on? En ole saanut s\u00e4hk\u00f6postia ostokseni j\u00e4lkeen.<\/strong><\/h3>\n<div class=\"rank-math-answer\">\n\n<p>Tarkista\u00a0<strong>Roskat\u00a0<\/strong>ja\u00a0<strong>Roskaposti<\/strong>\u00a0s\u00e4hk\u00f6postikansiot. Toisinaan s\u00e4hk\u00f6postipalveluntarjoajat, kuten Outlook, Yahoo ja Gmail, l\u00e4hett\u00e4v\u00e4t s\u00e4hk\u00f6postiviestej\u00e4 roskapostikansioihin saapuneiden s\u00e4hk\u00f6postiviestien sijasta. Harvinaisissa tapauksissa voi kest\u00e4\u00e4 hetken (jopa 10 minuuttia), ennen kuin se ilmestyy.<\/p>\n\n<\/div>\n<\/div>\n<div id=\"faq-question-1711112595961\" class=\"rank-math-list-item\">\n<h3 class=\"rank-math-question\"><strong>Mill\u00e4 laitteilla voin avata e-kirjat ja kuunnella \u00e4\u00e4nt\u00e4?<\/strong><\/h3>\n<div class=\"rank-math-answer\">\n\n<p>Me\u00a0<strong>suosittelen<\/strong>\u00a0k\u00e4ytt\u00e4m\u00e4ll\u00e4\u00a0<strong>PC\/Mac\/Laptop<\/strong>\u00a0katsella ja kuunnella tiedostoja, sill\u00e4 se on helpoin ja k\u00e4ytt\u00e4j\u00e4yst\u00e4v\u00e4llisin tapa oppia. Tiedostomme toimivat my\u00f6s \u00e4lypuhelimissa, kuten iPhonessa, Androidissa ja tableteissa, kuten iPadissa.<\/p>\n\n<\/div>\n<\/div>\n<div id=\"faq-question-1711112625984\" class=\"rank-math-list-item\">\n<h3 class=\"rank-math-question\"><strong>En saa vastausta live-chatista, miten voin ottaa teihin yhteytt\u00e4?<\/strong><\/h3>\n<div class=\"rank-math-answer\">\n\n<p>Johtuen\u00a0<strong>vaihtelevat aikavy\u00f6hykkeet<\/strong>\u00a0emme ole aina verkossa. Voit kuitenkin\u00a0<strong>j\u00e4t\u00e4 meille viesti ja s\u00e4hk\u00f6postiosoitteesi chatissa.\u00a0<\/strong>ja palaamme asiaan\u00a0<strong>mahdollisimman pian - olemme eritt\u00e4in reagoivia.<\/strong>. Useimmissa tapauksissa kuulet meist\u00e4\u00a0<strong>2-3 tunnin sis\u00e4ll\u00e4<\/strong>\u00a0ja enint\u00e4\u00e4n 8 tuntia.<\/p>\n\n<\/div>\n<\/div>\n<div id=\"faq-question-1711112665432\" class=\"rank-math-list-item\">\n<h3 class=\"rank-math-question\"><strong>Minulla on ongelmia .zip-tiedoston\/kansion avaamisessa, mit\u00e4 minun pit\u00e4isi tehd\u00e4? En ole koskaan ennen k\u00e4sitellyt .zip-tiedostoja\/kansioita.<\/strong><\/h3>\n<div class=\"rank-math-answer\">\n<img decoding=\"async\" width=\"150\" height=\"150\" src=\"https:\/\/www.cfaebooks.com\/wp-content\/uploads\/2024\/03\/extract-150x150.png\" class=\"alignright\" alt=\"\">\n<p>Jotkin suuremmat tiedostot, kuten videot, on tallennettu .zip-kansioihin, mik\u00e4 tarkoittaa, ett\u00e4 sinun on purettava kansio, jotta voit tarkastella kansiossa olevia tiedostoja. Voit purkaa kansion Winzip-ohjelmalla (Windowsin ilmainen oletusty\u00f6kalu tai Macin oletusty\u00f6kalu).\u00a0<strong>Klikkaa kansiota hiiren oikealla painikkeella<\/strong>\u00a0ja klikkaa\u00a0<strong>'Pura kaikki'<\/strong>\u00a0purkaaksesi kansion, sinun pit\u00e4isi nyt n\u00e4hd\u00e4 tiedostot. Suosittelemme my\u00f6s toista ilmaista .zip-tiedoston poimintaohjelmaa.\u00a0<strong>(<a href=\"https:\/\/www.win-rar.com\/download.html?&amp;L=0\" target=\"_blank\" rel=\"noreferrer noopener nofollow\">Winrar<\/a>)\u00a0<\/strong>saat sen t\u00e4st\u00e4 linkist\u00e4, se toimii samoin kuin muut edell\u00e4 mainitut.<\/p>\n\n<\/div>\n<\/div>\n<\/div>\n<\/div>\n\n\n<p><\/p>","protected":false},"excerpt":{"rendered":"","protected":false},"author":1,"featured_media":0,"parent":0,"menu_order":0,"comment_status":"closed","ping_status":"closed","template":"template-fullwidth.php","meta":{"footnotes":""},"class_list":["post-8662","page","type-page","status-publish","hentry"],"_links":{"self":[{"href":"https:\/\/www.cfaebooks.com\/fi\/wp-json\/wp\/v2\/pages\/8662","targetHints":{"allow":["GET"]}}],"collection":[{"href":"https:\/\/www.cfaebooks.com\/fi\/wp-json\/wp\/v2\/pages"}],"about":[{"href":"https:\/\/www.cfaebooks.com\/fi\/wp-json\/wp\/v2\/types\/page"}],"author":[{"embeddable":true,"href":"https:\/\/www.cfaebooks.com\/fi\/wp-json\/wp\/v2\/users\/1"}],"replies":[{"embeddable":true,"href":"https:\/\/www.cfaebooks.com\/fi\/wp-json\/wp\/v2\/comments?post=8662"}],"version-history":[{"count":2,"href":"https:\/\/www.cfaebooks.com\/fi\/wp-json\/wp\/v2\/pages\/8662\/revisions"}],"predecessor-version":[{"id":16305,"href":"https:\/\/www.cfaebooks.com\/fi\/wp-json\/wp\/v2\/pages\/8662\/revisions\/16305"}],"wp:attachment":[{"href":"https:\/\/www.cfaebooks.com\/fi\/wp-json\/wp\/v2\/media?parent=8662"}],"curies":[{"name":"wp","href":"https:\/\/api.w.org\/{rel}","templated":true}]}}