{"id":9923,"date":"2024-08-06T06:29:12","date_gmt":"2024-08-06T06:29:12","guid":{"rendered":"https:\/\/www.cfaebooks.com\/?post_type=product&#038;p=9923"},"modified":"2026-04-03T07:58:48","modified_gmt":"2026-04-03T07:58:48","slug":"notas-de-estudio-del-cfa-nivel-1-2025-ift","status":"publish","type":"product","link":"https:\/\/www.cfaebooks.com\/es\/products\/notas-de-estudio-del-cfa-nivel-1-2025-ift\/","title":{"rendered":"CFA Nivel 1 2025 IFT Notas de estudio"},"content":{"rendered":"<p>Para la venta es un e-libro 2025 CFA Nivel 1 IFT Notas de Estudio PDF. <\/p>\n\n\n\n<p>Incluye los siguientes temas: <\/p>\n\n\n\n<ul class=\"wp-block-list\">\n<li><em>M\u00e9todos cuantitativos, Econom\u00eda<\/em><\/li>\n\n\n\n<li><em>Empresas emisoras<\/em><\/li>\n\n\n\n<li><em>An\u00e1lisis de estados financieros<\/em><\/li>\n\n\n\n<li><em>Inversiones de capital<\/em><\/li>\n\n\n\n<li><em>Renta fija<\/em><\/li>\n\n\n\n<li><em>Derivados<\/em><\/li>\n\n\n\n<li><em>Inversiones alternativas<\/em><\/li>\n\n\n\n<li><em>Gesti\u00f3n de carteras<\/em><\/li>\n\n\n\n<li><em>Normas \u00e9ticas y profesionales<\/em>.<\/li>\n<\/ul>\n\n\n\n<p>Obtendr\u00e1 Notas de Estudio detalladas que cubren toda la LOS, y que incluyen: <strong><em>Resumen de cada lectura y Ejemplos<\/em><\/strong><\/p>\n\n\n\n<p>Despu\u00e9s de pagar puede descargar el libro electr\u00f3nico inmediatamente. No se trata de un libro f\u00edsico, sino de una copia digital en PDF. No lo compre si desea una copia f\u00edsica.<\/p>","protected":false},"excerpt":{"rendered":"<p>For sale is an e-Book 2025 CFA Level 1 IFT Study Notes PDF. Includes the following topics: You will get detailed Study Notes covering all LOS, and which include: Summary of each reading and Examples After checkout you can download the e-Book immediately. This is not a physical book it is a\u00a0PDF\u00a0digital copy. Please do [&hellip;]<\/p>\n","protected":false},"featured_media":9924,"comment_status":"closed","ping_status":"closed","template":"","meta":[],"product_brand":[],"product_cat":[260],"product_tag":[261,93,88,90,87,91,92,167,168],"class_list":{"0":"post-9923","1":"product","2":"type-product","3":"status-publish","4":"has-post-thumbnail","6":"product_cat-cfa-level-1","7":"product_tag-cfa-2025","8":"product_tag-cfa-books","9":"product_tag-cfa-ebooks","10":"product_tag-cfa-exam","11":"product_tag-cfa-level-i","12":"product_tag-cfa-prep","13":"product_tag-cfa-test","14":"product_tag-ift","15":"product_tag-study-notes","17":"first","18":"instock","19":"downloadable","20":"virtual","21":"sold-individually","22":"purchasable","23":"product-type-simple"},"_links":{"self":[{"href":"https:\/\/www.cfaebooks.com\/es\/wp-json\/wp\/v2\/product\/9923","targetHints":{"allow":["GET"]}}],"collection":[{"href":"https:\/\/www.cfaebooks.com\/es\/wp-json\/wp\/v2\/product"}],"about":[{"href":"https:\/\/www.cfaebooks.com\/es\/wp-json\/wp\/v2\/types\/product"}],"replies":[{"embeddable":true,"href":"https:\/\/www.cfaebooks.com\/es\/wp-json\/wp\/v2\/comments?post=9923"}],"wp:featuredmedia":[{"embeddable":true,"href":"https:\/\/www.cfaebooks.com\/es\/wp-json\/wp\/v2\/media\/9924"}],"wp:attachment":[{"href":"https:\/\/www.cfaebooks.com\/es\/wp-json\/wp\/v2\/media?parent=9923"}],"wp:term":[{"taxonomy":"product_brand","embeddable":true,"href":"https:\/\/www.cfaebooks.com\/es\/wp-json\/wp\/v2\/product_brand?post=9923"},{"taxonomy":"product_cat","embeddable":true,"href":"https:\/\/www.cfaebooks.com\/es\/wp-json\/wp\/v2\/product_cat?post=9923"},{"taxonomy":"product_tag","embeddable":true,"href":"https:\/\/www.cfaebooks.com\/es\/wp-json\/wp\/v2\/product_tag?post=9923"}],"curies":[{"name":"wp","href":"https:\/\/api.w.org\/{rel}","templated":true}]}}