{"id":9787,"date":"2024-07-21T13:13:36","date_gmt":"2024-07-21T13:13:36","guid":{"rendered":"https:\/\/www.cfaebooks.com\/?post_type=product&#038;p=9787"},"modified":"2026-04-03T07:58:43","modified_gmt":"2026-04-03T07:58:43","slug":"fintree-juice-notes-cfa-nivel-2-2024","status":"publish","type":"product","link":"https:\/\/www.cfaebooks.com\/es\/products\/fintree-juice-notes-cfa-nivel-2-2024\/","title":{"rendered":"Fintree Juice Notes CFA nivel 2 2024"},"content":{"rendered":"<p>Para la venta es un e-libro 2024 CFA nivel 2 Fintree Notas Jugo PDF. Esto no es un libro f\u00edsico es una copia digital PDF. Por favor, no compre si desea una copia f\u00edsica. Despu\u00e9s de la compra se puede descargar el libro electr\u00f3nico de inmediato.<\/p>","protected":false},"excerpt":{"rendered":"<p>Se vende un libro electr\u00f3nico 2024 CFA nivel 2 Fintree Juice Notes en formato PDF. No se trata de un libro f\u00edsico, sino de una copia digital en formato PDF. No lo compre si desea una copia f\u00edsica impresa. Tras realizar el pago, podr\u00e1 descargar el libro electr\u00f3nico inmediatamente.<\/p>","protected":false},"featured_media":9789,"comment_status":"closed","ping_status":"closed","template":"","meta":[],"product_brand":[],"product_cat":[266],"product_tag":[86,93,88,90,178,91,92,173],"class_list":{"0":"post-9787","1":"product","2":"type-product","3":"status-publish","4":"has-post-thumbnail","6":"product_cat-cfa-level-2","7":"product_tag-cfa-2024","8":"product_tag-cfa-books","9":"product_tag-cfa-ebooks","10":"product_tag-cfa-exam","11":"product_tag-cfa-level-2","12":"product_tag-cfa-prep","13":"product_tag-cfa-test","14":"product_tag-juicenotes","16":"first","17":"instock","18":"downloadable","19":"virtual","20":"sold-individually","21":"purchasable","22":"product-type-simple"},"_links":{"self":[{"href":"https:\/\/www.cfaebooks.com\/es\/wp-json\/wp\/v2\/product\/9787","targetHints":{"allow":["GET"]}}],"collection":[{"href":"https:\/\/www.cfaebooks.com\/es\/wp-json\/wp\/v2\/product"}],"about":[{"href":"https:\/\/www.cfaebooks.com\/es\/wp-json\/wp\/v2\/types\/product"}],"replies":[{"embeddable":true,"href":"https:\/\/www.cfaebooks.com\/es\/wp-json\/wp\/v2\/comments?post=9787"}],"wp:featuredmedia":[{"embeddable":true,"href":"https:\/\/www.cfaebooks.com\/es\/wp-json\/wp\/v2\/media\/9789"}],"wp:attachment":[{"href":"https:\/\/www.cfaebooks.com\/es\/wp-json\/wp\/v2\/media?parent=9787"}],"wp:term":[{"taxonomy":"product_brand","embeddable":true,"href":"https:\/\/www.cfaebooks.com\/es\/wp-json\/wp\/v2\/product_brand?post=9787"},{"taxonomy":"product_cat","embeddable":true,"href":"https:\/\/www.cfaebooks.com\/es\/wp-json\/wp\/v2\/product_cat?post=9787"},{"taxonomy":"product_tag","embeddable":true,"href":"https:\/\/www.cfaebooks.com\/es\/wp-json\/wp\/v2\/product_tag?post=9787"}],"curies":[{"name":"wp","href":"https:\/\/api.w.org\/{rel}","templated":true}]}}