{"id":9591,"date":"2024-06-29T05:38:07","date_gmt":"2024-06-29T05:38:07","guid":{"rendered":"https:\/\/www.cfaebooks.com\/?post_type=product&#038;p=9591"},"modified":"2026-04-03T07:58:29","modified_gmt":"2026-04-03T07:58:29","slug":"2025-cfa-nivel-1-schweser-notas-2","status":"publish","type":"product","link":"https:\/\/www.cfaebooks.com\/es\/products\/2025-cfa-nivel-1-schweser-notas-2\/","title":{"rendered":"2025 CFA Nivel 1 Notas Schweser"},"content":{"rendered":"<p>Para la venta es un e-Libro 2025 CFA Schweser Notas Nivel 1 PDF. <\/p>\n\n\n\n<p>Incluye juego de 4 libros: <\/p>\n\n\n\n<ul class=\"wp-block-list\">\n<li>Libro 1: M\u00e9todos cuantitativos, econom\u00eda y emisores corporativos<\/li>\n\n\n\n<li>Libro 2: An\u00e1lisis de estados financieros e inversiones de capital<\/li>\n\n\n\n<li>Libro 3: Renta fija y derivados<\/li>\n\n\n\n<li>Libro 4: Inversiones alternativas, gesti\u00f3n de carteras y normas \u00e9ticas y profesionales<\/li>\n<\/ul>\n\n\n\n<p>Este no es un libro f\u00edsico, es una copia digital en PDF. Por favor, no lo compre si desea una copia f\u00edsica. Despu\u00e9s de la compra puede descargar el libro electr\u00f3nico inmediatamente.<\/p>","protected":false},"excerpt":{"rendered":"<p>For sale is an e-Book 2025 CFA Schweser Notes Level 1 PDF. Includes Set of 4 books: This is not a physical book it is a\u00a0PDF\u00a0digital copy. Please do not purchase if you want a physical hard copy. After checkout you can download the e-Book immediately.<\/p>","protected":false},"featured_media":9592,"comment_status":"closed","ping_status":"closed","template":"","meta":[],"product_brand":[],"product_cat":[260],"product_tag":[261,93,88,90,87,91,92,158],"class_list":{"0":"post-9591","1":"product","2":"type-product","3":"status-publish","4":"has-post-thumbnail","6":"product_cat-cfa-level-1","7":"product_tag-cfa-2025","8":"product_tag-cfa-books","9":"product_tag-cfa-ebooks","10":"product_tag-cfa-exam","11":"product_tag-cfa-level-i","12":"product_tag-cfa-prep","13":"product_tag-cfa-test","14":"product_tag-kaplan-schweser","16":"first","17":"instock","18":"downloadable","19":"virtual","20":"sold-individually","21":"purchasable","22":"product-type-simple"},"_links":{"self":[{"href":"https:\/\/www.cfaebooks.com\/es\/wp-json\/wp\/v2\/product\/9591","targetHints":{"allow":["GET"]}}],"collection":[{"href":"https:\/\/www.cfaebooks.com\/es\/wp-json\/wp\/v2\/product"}],"about":[{"href":"https:\/\/www.cfaebooks.com\/es\/wp-json\/wp\/v2\/types\/product"}],"replies":[{"embeddable":true,"href":"https:\/\/www.cfaebooks.com\/es\/wp-json\/wp\/v2\/comments?post=9591"}],"wp:featuredmedia":[{"embeddable":true,"href":"https:\/\/www.cfaebooks.com\/es\/wp-json\/wp\/v2\/media\/9592"}],"wp:attachment":[{"href":"https:\/\/www.cfaebooks.com\/es\/wp-json\/wp\/v2\/media?parent=9591"}],"wp:term":[{"taxonomy":"product_brand","embeddable":true,"href":"https:\/\/www.cfaebooks.com\/es\/wp-json\/wp\/v2\/product_brand?post=9591"},{"taxonomy":"product_cat","embeddable":true,"href":"https:\/\/www.cfaebooks.com\/es\/wp-json\/wp\/v2\/product_cat?post=9591"},{"taxonomy":"product_tag","embeddable":true,"href":"https:\/\/www.cfaebooks.com\/es\/wp-json\/wp\/v2\/product_tag?post=9591"}],"curies":[{"name":"wp","href":"https:\/\/api.w.org\/{rel}","templated":true}]}}