{"id":9243,"date":"2024-05-27T03:41:25","date_gmt":"2024-05-27T03:41:25","guid":{"rendered":"https:\/\/www.cfaebooks.com\/?post_type=product&#038;p=9243"},"modified":"2026-04-03T07:58:09","modified_gmt":"2026-04-03T07:58:09","slug":"caia-2020-nivel-i-quicksheet","status":"publish","type":"product","link":"https:\/\/www.cfaebooks.com\/es\/products\/caia-2020-nivel-i-quicksheet\/","title":{"rendered":"CAIA 2020 Nivel I Quicksheet"},"content":{"rendered":"<p>Para la venta es un e-libro CAIA 2020 Nivel I Schweser Quicksheet PDF. Esto no es un libro f\u00edsico es una copia digital PDF. Por favor, no compre si desea una copia f\u00edsica. Despu\u00e9s de la compra se puede descargar el libro electr\u00f3nico al instante.<\/p>","protected":false},"excerpt":{"rendered":"<p>Para la venta es un e-libro CAIA 2020 Nivel I Schweser Quicksheet PDF. Esto no es un libro f\u00edsico es una copia digital PDF. Por favor, no compre si desea una copia f\u00edsica. Despu\u00e9s de la compra se puede descargar el libro electr\u00f3nico al instante.<\/p>","protected":false},"featured_media":9245,"comment_status":"closed","ping_status":"closed","template":"","meta":[],"product_brand":[],"product_cat":[353],"product_tag":[247,251,250,248,246,252,249,177],"class_list":{"0":"post-9243","1":"product","2":"type-product","3":"status-publish","4":"has-post-thumbnail","6":"product_cat-caia-level-1-2024","7":"product_tag-caia","8":"product_tag-caia-books","9":"product_tag-caia-ebooks","10":"product_tag-caia-exam","11":"product_tag-caia-level-i","12":"product_tag-caia-prep","13":"product_tag-caia-test","14":"product_tag-quicksheet","16":"first","17":"instock","18":"downloadable","19":"virtual","20":"sold-individually","21":"purchasable","22":"product-type-simple"},"_links":{"self":[{"href":"https:\/\/www.cfaebooks.com\/es\/wp-json\/wp\/v2\/product\/9243","targetHints":{"allow":["GET"]}}],"collection":[{"href":"https:\/\/www.cfaebooks.com\/es\/wp-json\/wp\/v2\/product"}],"about":[{"href":"https:\/\/www.cfaebooks.com\/es\/wp-json\/wp\/v2\/types\/product"}],"replies":[{"embeddable":true,"href":"https:\/\/www.cfaebooks.com\/es\/wp-json\/wp\/v2\/comments?post=9243"}],"wp:featuredmedia":[{"embeddable":true,"href":"https:\/\/www.cfaebooks.com\/es\/wp-json\/wp\/v2\/media\/9245"}],"wp:attachment":[{"href":"https:\/\/www.cfaebooks.com\/es\/wp-json\/wp\/v2\/media?parent=9243"}],"wp:term":[{"taxonomy":"product_brand","embeddable":true,"href":"https:\/\/www.cfaebooks.com\/es\/wp-json\/wp\/v2\/product_brand?post=9243"},{"taxonomy":"product_cat","embeddable":true,"href":"https:\/\/www.cfaebooks.com\/es\/wp-json\/wp\/v2\/product_cat?post=9243"},{"taxonomy":"product_tag","embeddable":true,"href":"https:\/\/www.cfaebooks.com\/es\/wp-json\/wp\/v2\/product_tag?post=9243"}],"curies":[{"name":"wp","href":"https:\/\/api.w.org\/{rel}","templated":true}]}}