{"id":9012,"date":"2024-04-27T01:13:08","date_gmt":"2024-04-27T01:13:08","guid":{"rendered":"https:\/\/www.cfaebooks.com\/?post_type=product&#038;p=9012"},"modified":"2026-04-03T07:57:37","modified_gmt":"2026-04-03T07:57:37","slug":"ift-cfa-level-i-facts-and-formula-sheet-2024-f6qk","status":"publish","type":"product","link":"https:\/\/www.cfaebooks.com\/es\/products\/ift-cfa-level-i-facts-and-formula-sheet-2024-f6qk\/","title":{"rendered":"IFT CFA Nivel I Hoja de datos y f\u00f3rmulas 2024"},"content":{"rendered":"<p>Para la venta es un e-libro CFA 2024 Nivel 1 IFT Hechos y Hoja de F\u00f3rmula PDF.<\/p>\n\n\n\n<p>Este no es un libro f\u00edsico, es una copia digital en PDF. Por favor, no lo compre si desea una copia f\u00edsica. Despu\u00e9s de la compra se puede descargar el libro electr\u00f3nico al instante.<\/p>","protected":false},"excerpt":{"rendered":"<p>For sale is an e-Book CFA 2024 Level 1 IFT Facts and Formula Sheet PDF. This is not a physical book it is a&nbsp;PDF&nbsp;digital copy. Please do not purchase if you want a physical hard copy. After checkout you can download the e-Book instantly.<\/p>","protected":false},"featured_media":9013,"comment_status":"closed","ping_status":"closed","template":"","meta":[],"product_brand":[],"product_cat":[260],"product_tag":[86,90,87,91,92,164,167,177],"class_list":{"0":"post-9012","1":"product","2":"type-product","3":"status-publish","4":"has-post-thumbnail","6":"product_cat-cfa-level-1","7":"product_tag-cfa-2024","8":"product_tag-cfa-exam","9":"product_tag-cfa-level-i","10":"product_tag-cfa-prep","11":"product_tag-cfa-test","12":"product_tag-formula-sheet","13":"product_tag-ift","14":"product_tag-quicksheet","16":"first","17":"instock","18":"downloadable","19":"virtual","20":"sold-individually","21":"purchasable","22":"product-type-simple"},"_links":{"self":[{"href":"https:\/\/www.cfaebooks.com\/es\/wp-json\/wp\/v2\/product\/9012","targetHints":{"allow":["GET"]}}],"collection":[{"href":"https:\/\/www.cfaebooks.com\/es\/wp-json\/wp\/v2\/product"}],"about":[{"href":"https:\/\/www.cfaebooks.com\/es\/wp-json\/wp\/v2\/types\/product"}],"replies":[{"embeddable":true,"href":"https:\/\/www.cfaebooks.com\/es\/wp-json\/wp\/v2\/comments?post=9012"}],"wp:featuredmedia":[{"embeddable":true,"href":"https:\/\/www.cfaebooks.com\/es\/wp-json\/wp\/v2\/media\/9013"}],"wp:attachment":[{"href":"https:\/\/www.cfaebooks.com\/es\/wp-json\/wp\/v2\/media?parent=9012"}],"wp:term":[{"taxonomy":"product_brand","embeddable":true,"href":"https:\/\/www.cfaebooks.com\/es\/wp-json\/wp\/v2\/product_brand?post=9012"},{"taxonomy":"product_cat","embeddable":true,"href":"https:\/\/www.cfaebooks.com\/es\/wp-json\/wp\/v2\/product_cat?post=9012"},{"taxonomy":"product_tag","embeddable":true,"href":"https:\/\/www.cfaebooks.com\/es\/wp-json\/wp\/v2\/product_tag?post=9012"}],"curies":[{"name":"wp","href":"https:\/\/api.w.org\/{rel}","templated":true}]}}