{"id":8507,"date":"2024-03-09T06:03:27","date_gmt":"2024-03-09T06:03:27","guid":{"rendered":"https:\/\/www.cfaebooks.com\/?post_type=product&#038;p=8507"},"modified":"2026-04-03T07:57:27","modified_gmt":"2026-04-03T07:57:27","slug":"banco-de-preguntas-analystprep-frm-parte-2","status":"publish","type":"product","link":"https:\/\/www.cfaebooks.com\/es\/products\/banco-de-preguntas-analystprep-frm-parte-2\/","title":{"rendered":"AnalystPrep FRM Parte 1 Banco de preguntas"},"content":{"rendered":"<p>Para la venta es un e-libro 2024 FRM Parte 1 AnalystPrep Banco de Preguntas PDF. Esto no es un libro f\u00edsico es una copia digital PDF. Por favor, no compre si desea una copia f\u00edsica. Despu\u00e9s de la compra se puede descargar el libro electr\u00f3nico al instante.<\/p>","protected":false},"excerpt":{"rendered":"<p>Para la venta es un e-libro 2024 FRM Parte 1 AnalystPrep Banco de Preguntas PDF. Esto no es un libro f\u00edsico es una copia digital PDF. Por favor, no compre si desea una copia f\u00edsica. Despu\u00e9s de la compra se puede descargar el libro electr\u00f3nico al instante.<\/p>","protected":false},"featured_media":8508,"comment_status":"closed","ping_status":"closed","template":"","meta":[],"product_brand":[],"product_cat":[324],"product_tag":[203,184,189,185,186,181,182,204,183],"class_list":{"0":"post-8507","1":"product","2":"type-product","3":"status-publish","4":"has-post-thumbnail","6":"product_cat-frm-part-1","7":"product_tag-analystprep","8":"product_tag-frm","9":"product_tag-frm-2024","10":"product_tag-frm-books","11":"product_tag-frm-ebooks","12":"product_tag-frm-exam","13":"product_tag-frm-prep","14":"product_tag-frm-question-bank","15":"product_tag-frm-test","17":"first","18":"instock","19":"downloadable","20":"virtual","21":"sold-individually","22":"purchasable","23":"product-type-simple"},"_links":{"self":[{"href":"https:\/\/www.cfaebooks.com\/es\/wp-json\/wp\/v2\/product\/8507","targetHints":{"allow":["GET"]}}],"collection":[{"href":"https:\/\/www.cfaebooks.com\/es\/wp-json\/wp\/v2\/product"}],"about":[{"href":"https:\/\/www.cfaebooks.com\/es\/wp-json\/wp\/v2\/types\/product"}],"replies":[{"embeddable":true,"href":"https:\/\/www.cfaebooks.com\/es\/wp-json\/wp\/v2\/comments?post=8507"}],"wp:featuredmedia":[{"embeddable":true,"href":"https:\/\/www.cfaebooks.com\/es\/wp-json\/wp\/v2\/media\/8508"}],"wp:attachment":[{"href":"https:\/\/www.cfaebooks.com\/es\/wp-json\/wp\/v2\/media?parent=8507"}],"wp:term":[{"taxonomy":"product_brand","embeddable":true,"href":"https:\/\/www.cfaebooks.com\/es\/wp-json\/wp\/v2\/product_brand?post=8507"},{"taxonomy":"product_cat","embeddable":true,"href":"https:\/\/www.cfaebooks.com\/es\/wp-json\/wp\/v2\/product_cat?post=8507"},{"taxonomy":"product_tag","embeddable":true,"href":"https:\/\/www.cfaebooks.com\/es\/wp-json\/wp\/v2\/product_tag?post=8507"}],"curies":[{"name":"wp","href":"https:\/\/api.w.org\/{rel}","templated":true}]}}