{"id":8406,"date":"2024-03-07T12:44:15","date_gmt":"2024-03-07T12:44:15","guid":{"rendered":"https:\/\/www.cfaebooks.com\/?post_type=product&#038;p=8406"},"modified":"2026-04-03T07:57:04","modified_gmt":"2026-04-03T07:57:04","slug":"2024-cfa-nivel-1-eoc-preguntas-del-plan-de-estudios-2","status":"publish","type":"product","link":"https:\/\/www.cfaebooks.com\/es\/products\/2024-cfa-nivel-1-eoc-preguntas-del-plan-de-estudios-2\/","title":{"rendered":"2024 CFA Nivel 1 EOC Preguntas del plan de estudios"},"content":{"rendered":"<p>Para la venta es 2024 CFA Nivel 1 EOC Preguntas del plan de estudios PDF. <\/p>\n\n\n\n<p>Incluir 10 temas en <a href=\"https:\/\/www.cfaebooks.com\/es\/producto\/2024-cfa-program-curriculum-level-i-box-set\/\">Plan de estudios Nivel 1<\/a>: 1. Inversiones alternativas 2. Emisores corporativos 3. Derivados 4. Econom\u00eda 5. 6. \u00c9tica \u00c9tica 7. An\u00e1lisis de Estados Financieros 8. Renta Fija 9. Gesti\u00f3n de Carteras 10. M\u00e9todos cuantitativos M\u00e9todos cuantitativos<\/p>\n\n\n\n<ul class=\"wp-block-list\">\n<li>Este no es un libro f\u00edsico, es una copia digital en PDF. Por favor, no lo compre si desea una copia f\u00edsica.<\/li>\n\n\n\n<li>Despu\u00e9s de pagar, podr\u00e1 descargar el libro electr\u00f3nico al instante.<\/li>\n<\/ul>","protected":false},"excerpt":{"rendered":"<p>Para la venta es 2024 CFA Nivel 1 EOC Preguntas del Plan de Estudios PDF. Incluye 10 temas en el Plan de Estudios de Nivel 1: 1. Inversiones Alternativas 2. Emisores Corporativos 3. Derivados 4. Econom\u00eda 5. 6. \u00c9tica \u00c9tica 7. An\u00e1lisis de Estados Financieros 8. Renta Fija 9. Gesti\u00f3n de Carteras 10. M\u00e9todos cuantitativos M\u00e9todos cuantitativos<\/p>","protected":false},"featured_media":8407,"comment_status":"closed","ping_status":"closed","template":"","meta":[],"product_brand":[],"product_cat":[260],"product_tag":[86,93,88,90,87,91,89,92,201],"class_list":{"0":"post-8406","1":"product","2":"type-product","3":"status-publish","4":"has-post-thumbnail","6":"product_cat-cfa-level-1","7":"product_tag-cfa-2024","8":"product_tag-cfa-books","9":"product_tag-cfa-ebooks","10":"product_tag-cfa-exam","11":"product_tag-cfa-level-i","12":"product_tag-cfa-prep","13":"product_tag-cfa-program-curriculum","14":"product_tag-cfa-test","15":"product_tag-eoc-questions","17":"first","18":"instock","19":"downloadable","20":"virtual","21":"sold-individually","22":"purchasable","23":"product-type-simple"},"_links":{"self":[{"href":"https:\/\/www.cfaebooks.com\/es\/wp-json\/wp\/v2\/product\/8406","targetHints":{"allow":["GET"]}}],"collection":[{"href":"https:\/\/www.cfaebooks.com\/es\/wp-json\/wp\/v2\/product"}],"about":[{"href":"https:\/\/www.cfaebooks.com\/es\/wp-json\/wp\/v2\/types\/product"}],"replies":[{"embeddable":true,"href":"https:\/\/www.cfaebooks.com\/es\/wp-json\/wp\/v2\/comments?post=8406"}],"wp:featuredmedia":[{"embeddable":true,"href":"https:\/\/www.cfaebooks.com\/es\/wp-json\/wp\/v2\/media\/8407"}],"wp:attachment":[{"href":"https:\/\/www.cfaebooks.com\/es\/wp-json\/wp\/v2\/media?parent=8406"}],"wp:term":[{"taxonomy":"product_brand","embeddable":true,"href":"https:\/\/www.cfaebooks.com\/es\/wp-json\/wp\/v2\/product_brand?post=8406"},{"taxonomy":"product_cat","embeddable":true,"href":"https:\/\/www.cfaebooks.com\/es\/wp-json\/wp\/v2\/product_cat?post=8406"},{"taxonomy":"product_tag","embeddable":true,"href":"https:\/\/www.cfaebooks.com\/es\/wp-json\/wp\/v2\/product_tag?post=8406"}],"curies":[{"name":"wp","href":"https:\/\/api.w.org\/{rel}","templated":true}]}}