{"id":8350,"date":"2024-03-06T03:56:16","date_gmt":"2024-03-06T03:56:16","guid":{"rendered":"https:\/\/www.cfaebooks.com\/?post_type=product&#038;p=8350"},"modified":"2026-04-03T07:56:57","modified_gmt":"2026-04-03T07:56:57","slug":"2024-cfa-nivel-3-schweser-notas-2","status":"publish","type":"product","link":"https:\/\/www.cfaebooks.com\/es\/products\/2024-cfa-nivel-3-schweser-notas-2\/","title":{"rendered":"2024 CFA Nivel 3 Notas Schweser"},"content":{"rendered":"<p>Para la venta es un e-libro 2024 CFA Nivel 3 Schweser Notas PDF. <\/p>\n\n\n\n<p>Incluye juego de 5 libros: <\/p>\n\n\n\n<ul class=\"wp-block-list\">\n<li>Libro 1: Expectativas del mercado de capitales y asignaci\u00f3n de activos<\/li>\n\n\n\n<li>Libro 2: Derivados y gesti\u00f3n de divisas<\/li>\n\n\n\n<li>Libro 3: Renta fija y renta variable<\/li>\n\n\n\n<li>Libro 4: Inversiones alternativas, gesti\u00f3n de patrimonios privados e inversores institucionales<\/li>\n\n\n\n<li>Libro 5: Comercio, evaluaci\u00f3n del rendimiento, selecci\u00f3n de directivos, casos pr\u00e1cticos y normas \u00e9ticas y profesionales.<\/li>\n<\/ul>\n\n\n\n<p>Este no es un libro f\u00edsico, es una copia digital en PDF. Por favor, no lo compre si desea una copia f\u00edsica. Despu\u00e9s de la compra se puede descargar el libro electr\u00f3nico al instante.<\/p>","protected":false},"excerpt":{"rendered":"<p>For sale is an e-Book 2024 CFA Level 3 Schweser Notes PDF. Includes Set of 5 books: This is not a physical book it is a\u00a0PDF\u00a0digital copy. Please do not purchase if you want a physical hard copy. After checkout you can download the e-Book instantly.<\/p>","protected":false},"featured_media":8353,"comment_status":"closed","ping_status":"closed","template":"","meta":[],"product_brand":[],"product_cat":[351],"product_tag":[86,93,88,90,180,91,92,158,179],"class_list":{"0":"post-8350","1":"product","2":"type-product","3":"status-publish","4":"has-post-thumbnail","6":"product_cat-cfa-level-3-2024","7":"product_tag-cfa-2024","8":"product_tag-cfa-books","9":"product_tag-cfa-ebooks","10":"product_tag-cfa-exam","11":"product_tag-cfa-level-3","12":"product_tag-cfa-prep","13":"product_tag-cfa-test","14":"product_tag-kaplan-schweser","15":"product_tag-schweser-notes","17":"first","18":"instock","19":"downloadable","20":"virtual","21":"sold-individually","22":"purchasable","23":"product-type-simple"},"_links":{"self":[{"href":"https:\/\/www.cfaebooks.com\/es\/wp-json\/wp\/v2\/product\/8350","targetHints":{"allow":["GET"]}}],"collection":[{"href":"https:\/\/www.cfaebooks.com\/es\/wp-json\/wp\/v2\/product"}],"about":[{"href":"https:\/\/www.cfaebooks.com\/es\/wp-json\/wp\/v2\/types\/product"}],"replies":[{"embeddable":true,"href":"https:\/\/www.cfaebooks.com\/es\/wp-json\/wp\/v2\/comments?post=8350"}],"wp:featuredmedia":[{"embeddable":true,"href":"https:\/\/www.cfaebooks.com\/es\/wp-json\/wp\/v2\/media\/8353"}],"wp:attachment":[{"href":"https:\/\/www.cfaebooks.com\/es\/wp-json\/wp\/v2\/media?parent=8350"}],"wp:term":[{"taxonomy":"product_brand","embeddable":true,"href":"https:\/\/www.cfaebooks.com\/es\/wp-json\/wp\/v2\/product_brand?post=8350"},{"taxonomy":"product_cat","embeddable":true,"href":"https:\/\/www.cfaebooks.com\/es\/wp-json\/wp\/v2\/product_cat?post=8350"},{"taxonomy":"product_tag","embeddable":true,"href":"https:\/\/www.cfaebooks.com\/es\/wp-json\/wp\/v2\/product_tag?post=8350"}],"curies":[{"name":"wp","href":"https:\/\/api.w.org\/{rel}","templated":true}]}}