{"id":8311,"date":"2024-03-05T09:23:57","date_gmt":"2024-03-05T09:23:57","guid":{"rendered":"https:\/\/www.cfaebooks.com\/?post_type=product&#038;p=8311"},"modified":"2026-04-03T07:56:47","modified_gmt":"2026-04-03T07:56:47","slug":"cfa-nivel-3-2024-ift-notas-de-estudio-2","status":"publish","type":"product","link":"https:\/\/www.cfaebooks.com\/es\/products\/cfa-nivel-3-2024-ift-notas-de-estudio-2\/","title":{"rendered":"CFA Nivel 3 2024 IFT Notas de estudio"},"content":{"rendered":"<p>Para la venta es un e-libro CFA Nivel 3 2024 IFT Notas de Estudio PDF. Esto no es un libro f\u00edsico es una copia digital PDF. Por favor, no compre si desea una copia f\u00edsica. Despu\u00e9s de la compra se puede descargar el libro electr\u00f3nico al instante.<\/p>","protected":false},"excerpt":{"rendered":"<p>Para la venta es un e-libro CFA Nivel 3 2024 IFT Notas de Estudio PDF. Esto no es un libro f\u00edsico es una copia digital PDF. Por favor, no compre si desea una copia f\u00edsica. Despu\u00e9s de la compra se puede descargar el libro electr\u00f3nico al instante.<\/p>","protected":false},"featured_media":8315,"comment_status":"closed","ping_status":"closed","template":"","meta":[],"product_brand":[],"product_cat":[351],"product_tag":[93,88,90,180,91,92,167,168],"class_list":{"0":"post-8311","1":"product","2":"type-product","3":"status-publish","4":"has-post-thumbnail","6":"product_cat-cfa-level-3-2024","7":"product_tag-cfa-books","8":"product_tag-cfa-ebooks","9":"product_tag-cfa-exam","10":"product_tag-cfa-level-3","11":"product_tag-cfa-prep","12":"product_tag-cfa-test","13":"product_tag-ift","14":"product_tag-study-notes","16":"first","17":"instock","18":"downloadable","19":"virtual","20":"sold-individually","21":"purchasable","22":"product-type-simple"},"_links":{"self":[{"href":"https:\/\/www.cfaebooks.com\/es\/wp-json\/wp\/v2\/product\/8311","targetHints":{"allow":["GET"]}}],"collection":[{"href":"https:\/\/www.cfaebooks.com\/es\/wp-json\/wp\/v2\/product"}],"about":[{"href":"https:\/\/www.cfaebooks.com\/es\/wp-json\/wp\/v2\/types\/product"}],"replies":[{"embeddable":true,"href":"https:\/\/www.cfaebooks.com\/es\/wp-json\/wp\/v2\/comments?post=8311"}],"wp:featuredmedia":[{"embeddable":true,"href":"https:\/\/www.cfaebooks.com\/es\/wp-json\/wp\/v2\/media\/8315"}],"wp:attachment":[{"href":"https:\/\/www.cfaebooks.com\/es\/wp-json\/wp\/v2\/media?parent=8311"}],"wp:term":[{"taxonomy":"product_brand","embeddable":true,"href":"https:\/\/www.cfaebooks.com\/es\/wp-json\/wp\/v2\/product_brand?post=8311"},{"taxonomy":"product_cat","embeddable":true,"href":"https:\/\/www.cfaebooks.com\/es\/wp-json\/wp\/v2\/product_cat?post=8311"},{"taxonomy":"product_tag","embeddable":true,"href":"https:\/\/www.cfaebooks.com\/es\/wp-json\/wp\/v2\/product_tag?post=8311"}],"curies":[{"name":"wp","href":"https:\/\/api.w.org\/{rel}","templated":true}]}}