{"id":8287,"date":"2024-03-04T15:19:29","date_gmt":"2024-03-04T15:19:29","guid":{"rendered":"https:\/\/www.cfaebooks.com\/?post_type=product&#038;p=8287"},"modified":"2026-04-03T07:56:39","modified_gmt":"2026-04-03T07:56:39","slug":"2024-cfa-nivel-2-schweser-notas-2","status":"publish","type":"product","link":"https:\/\/www.cfaebooks.com\/es\/products\/2024-cfa-nivel-2-schweser-notas-2\/","title":{"rendered":"2024 CFA Nivel 2 Notas Schweser"},"content":{"rendered":"<p>Para la venta es un e-libro 2024 CFA Nivel 2 Schweser Notas PDF. Incluye Set de 5 libros: Libro 1: M\u00e9todos Cuantitativos y Econom\u00eda, Libro 2: An\u00e1lisis de Estados Financieros y Emisores Corporativos, Libro 3: Valoraci\u00f3n de Acciones, Libro 4: Renta Fija, Derivados e Inversiones Alternativas, Libro 5: Gesti\u00f3n de Carteras y \u00c9tica y Profesionalidad.<\/p>\n\n\n\n<ul class=\"wp-block-list\">\n<li>Este no es un libro f\u00edsico es un PDF digital. Por favor, no lo compre si desea una copia f\u00edsica.<\/li>\n\n\n\n<li>Despu\u00e9s de pagar, podr\u00e1 descargar el libro electr\u00f3nico al instante.<\/li>\n<\/ul>","protected":false},"excerpt":{"rendered":"<p>Para la venta es un e-libro 2024 CFA Nivel 2 Schweser Notas PDF. Incluye Set de 5 libros: Libro 1: M\u00e9todos Cuantitativos y Econom\u00eda, Libro 2: An\u00e1lisis de Estados Financieros y Emisores Corporativos, Libro 3: Valoraci\u00f3n de Acciones, Libro 4: Renta Fija, Derivados e Inversiones Alternativas, Libro 5: Gesti\u00f3n de Carteras y \u00c9tica y Profesionalidad.<\/p>","protected":false},"featured_media":8291,"comment_status":"closed","ping_status":"closed","template":"","meta":[],"product_brand":[],"product_cat":[350],"product_tag":[86,93,88,90,178,91,92,158,179],"class_list":{"0":"post-8287","1":"product","2":"type-product","3":"status-publish","4":"has-post-thumbnail","6":"product_cat-cfa-level-2-2024","7":"product_tag-cfa-2024","8":"product_tag-cfa-books","9":"product_tag-cfa-ebooks","10":"product_tag-cfa-exam","11":"product_tag-cfa-level-2","12":"product_tag-cfa-prep","13":"product_tag-cfa-test","14":"product_tag-kaplan-schweser","15":"product_tag-schweser-notes","17":"first","18":"instock","19":"downloadable","20":"virtual","21":"sold-individually","22":"purchasable","23":"product-type-simple"},"_links":{"self":[{"href":"https:\/\/www.cfaebooks.com\/es\/wp-json\/wp\/v2\/product\/8287","targetHints":{"allow":["GET"]}}],"collection":[{"href":"https:\/\/www.cfaebooks.com\/es\/wp-json\/wp\/v2\/product"}],"about":[{"href":"https:\/\/www.cfaebooks.com\/es\/wp-json\/wp\/v2\/types\/product"}],"replies":[{"embeddable":true,"href":"https:\/\/www.cfaebooks.com\/es\/wp-json\/wp\/v2\/comments?post=8287"}],"wp:featuredmedia":[{"embeddable":true,"href":"https:\/\/www.cfaebooks.com\/es\/wp-json\/wp\/v2\/media\/8291"}],"wp:attachment":[{"href":"https:\/\/www.cfaebooks.com\/es\/wp-json\/wp\/v2\/media?parent=8287"}],"wp:term":[{"taxonomy":"product_brand","embeddable":true,"href":"https:\/\/www.cfaebooks.com\/es\/wp-json\/wp\/v2\/product_brand?post=8287"},{"taxonomy":"product_cat","embeddable":true,"href":"https:\/\/www.cfaebooks.com\/es\/wp-json\/wp\/v2\/product_cat?post=8287"},{"taxonomy":"product_tag","embeddable":true,"href":"https:\/\/www.cfaebooks.com\/es\/wp-json\/wp\/v2\/product_tag?post=8287"}],"curies":[{"name":"wp","href":"https:\/\/api.w.org\/{rel}","templated":true}]}}