{"id":8196,"date":"2024-03-03T08:29:04","date_gmt":"2024-03-03T08:29:04","guid":{"rendered":"https:\/\/www.cfaebooks.com\/?post_type=product&#038;p=8196"},"modified":"2026-04-03T07:56:22","modified_gmt":"2026-04-03T07:56:22","slug":"cfa-nivel-1-2024-uworld-qbank-preguntas-respuestas-2","status":"publish","type":"product","link":"https:\/\/www.cfaebooks.com\/es\/products\/cfa-nivel-1-2024-uworld-qbank-preguntas-respuestas-2\/","title":{"rendered":"CFA Nivel 1 2024 UWorld QBank (Preguntas Respuestas)"},"content":{"rendered":"<p>Para la venta es un e-libro CFA Nivel 1 2024 UWorld Banco de Preguntas PDF. Incluye 2.100 preguntas de examen de pr\u00e1ctica de alta calidad. Las preguntas est\u00e1n escritas con un nivel de dificultad igual o superior al del examen. El contenido est\u00e1 escrito y constantemente actualizado por los titulares de la carta interna. 141 archivos con<strong> respuestas<\/strong>.<\/p>\n\n\n\n<p>Incluye 2.100 preguntas de examen pr\u00e1ctico de alta calidad. Las preguntas est\u00e1n redactadas con un nivel de dificultad igual o superior al del examen. El contenido est\u00e1 redactado y actualizado constantemente por titulares internos. 141 archivos con<strong> respuestas<\/strong>.<\/p>\n\n\n\n<ul class=\"wp-block-list\">\n<li>Este no es un libro f\u00edsico, es una copia digital en PDF. Por favor, no lo compre si desea una copia f\u00edsica.<\/li>\n\n\n\n<li>Despu\u00e9s de pagar, podr\u00e1 descargar el libro electr\u00f3nico al instante.<\/li>\n<\/ul>","protected":false},"excerpt":{"rendered":"<p>For sale is an e-Book CFA Level 1 2024 UWorld Question Bank PDF. Includes 2,100 high-quality practice exam questions. Questions are written at or above exam-level difficulty. Content is written and constantly updated by in-house charterholders. 141 files with answers. Includes 2,100 high-quality practice exam questions. Questions are written at or above exam-level difficulty. Content [&hellip;]<\/p>\n","protected":false},"featured_media":8197,"comment_status":"closed","ping_status":"closed","template":"","meta":[],"product_brand":[],"product_cat":[260],"product_tag":[86,93,88,90,87,91,92,162,161,170],"class_list":{"0":"post-8196","1":"product","2":"type-product","3":"status-publish","4":"has-post-thumbnail","6":"product_cat-cfa-level-1","7":"product_tag-cfa-2024","8":"product_tag-cfa-books","9":"product_tag-cfa-ebooks","10":"product_tag-cfa-exam","11":"product_tag-cfa-level-i","12":"product_tag-cfa-prep","13":"product_tag-cfa-test","14":"product_tag-qbank","15":"product_tag-question-bank","16":"product_tag-uworld","18":"first","19":"instock","20":"downloadable","21":"virtual","22":"sold-individually","23":"purchasable","24":"product-type-simple"},"_links":{"self":[{"href":"https:\/\/www.cfaebooks.com\/es\/wp-json\/wp\/v2\/product\/8196","targetHints":{"allow":["GET"]}}],"collection":[{"href":"https:\/\/www.cfaebooks.com\/es\/wp-json\/wp\/v2\/product"}],"about":[{"href":"https:\/\/www.cfaebooks.com\/es\/wp-json\/wp\/v2\/types\/product"}],"replies":[{"embeddable":true,"href":"https:\/\/www.cfaebooks.com\/es\/wp-json\/wp\/v2\/comments?post=8196"}],"wp:featuredmedia":[{"embeddable":true,"href":"https:\/\/www.cfaebooks.com\/es\/wp-json\/wp\/v2\/media\/8197"}],"wp:attachment":[{"href":"https:\/\/www.cfaebooks.com\/es\/wp-json\/wp\/v2\/media?parent=8196"}],"wp:term":[{"taxonomy":"product_brand","embeddable":true,"href":"https:\/\/www.cfaebooks.com\/es\/wp-json\/wp\/v2\/product_brand?post=8196"},{"taxonomy":"product_cat","embeddable":true,"href":"https:\/\/www.cfaebooks.com\/es\/wp-json\/wp\/v2\/product_cat?post=8196"},{"taxonomy":"product_tag","embeddable":true,"href":"https:\/\/www.cfaebooks.com\/es\/wp-json\/wp\/v2\/product_tag?post=8196"}],"curies":[{"name":"wp","href":"https:\/\/api.w.org\/{rel}","templated":true}]}}