{"id":8180,"date":"2024-03-03T02:44:19","date_gmt":"2024-03-03T02:44:19","guid":{"rendered":"https:\/\/www.cfaebooks.com\/?post_type=product&#038;p=8180"},"modified":"2026-04-03T07:56:13","modified_gmt":"2026-04-03T07:56:13","slug":"2024-cfa-nivel-1-banco-de-preguntas-ift","status":"publish","type":"product","link":"https:\/\/www.cfaebooks.com\/es\/products\/2024-cfa-nivel-1-banco-de-preguntas-ift\/","title":{"rendered":"2024 CFA Nivel 1 IFT Banco de preguntas"},"content":{"rendered":"<p>Para la venta es un e-libro IFT CFA 2024 Nivel 1 Banco de Preguntas PDF. M\u00e1s de 1.500 preguntas tipo examen. Un banco de preguntas separado para cada lectura. Resultados de Aprendizaje (L.O.) basado. Respuestas explicadas en detalle.<\/p>\n\n\n\n<ul class=\"wp-block-list\">\n<li>Este no es un libro f\u00edsico, es una copia digital en PDF. Por favor, no lo compre si desea una copia f\u00edsica.<\/li>\n\n\n\n<li>Despu\u00e9s de pagar, podr\u00e1 descargar el libro electr\u00f3nico al instante.<\/li>\n<\/ul>","protected":false},"excerpt":{"rendered":"<p>Para la venta es un e-libro IFT CFA 2024 Nivel 1 Banco de Preguntas PDF. M\u00e1s de 1.500 preguntas tipo examen. Un banco de preguntas separado para cada lectura. Resultados de Aprendizaje (L.O.) basado. Respuestas explicadas en detalle.<\/p>","protected":false},"featured_media":8181,"comment_status":"closed","ping_status":"closed","template":"","meta":[],"product_brand":[],"product_cat":[260],"product_tag":[86,93,88,90,87,91,166,92,167,161],"class_list":{"0":"post-8180","1":"product","2":"type-product","3":"status-publish","4":"has-post-thumbnail","6":"product_cat-cfa-level-1","7":"product_tag-cfa-2024","8":"product_tag-cfa-books","9":"product_tag-cfa-ebooks","10":"product_tag-cfa-exam","11":"product_tag-cfa-level-i","12":"product_tag-cfa-prep","13":"product_tag-cfa-question-bank","14":"product_tag-cfa-test","15":"product_tag-ift","16":"product_tag-question-bank","18":"first","19":"instock","20":"downloadable","21":"virtual","22":"sold-individually","23":"purchasable","24":"product-type-simple"},"_links":{"self":[{"href":"https:\/\/www.cfaebooks.com\/es\/wp-json\/wp\/v2\/product\/8180","targetHints":{"allow":["GET"]}}],"collection":[{"href":"https:\/\/www.cfaebooks.com\/es\/wp-json\/wp\/v2\/product"}],"about":[{"href":"https:\/\/www.cfaebooks.com\/es\/wp-json\/wp\/v2\/types\/product"}],"replies":[{"embeddable":true,"href":"https:\/\/www.cfaebooks.com\/es\/wp-json\/wp\/v2\/comments?post=8180"}],"wp:featuredmedia":[{"embeddable":true,"href":"https:\/\/www.cfaebooks.com\/es\/wp-json\/wp\/v2\/media\/8181"}],"wp:attachment":[{"href":"https:\/\/www.cfaebooks.com\/es\/wp-json\/wp\/v2\/media?parent=8180"}],"wp:term":[{"taxonomy":"product_brand","embeddable":true,"href":"https:\/\/www.cfaebooks.com\/es\/wp-json\/wp\/v2\/product_brand?post=8180"},{"taxonomy":"product_cat","embeddable":true,"href":"https:\/\/www.cfaebooks.com\/es\/wp-json\/wp\/v2\/product_cat?post=8180"},{"taxonomy":"product_tag","embeddable":true,"href":"https:\/\/www.cfaebooks.com\/es\/wp-json\/wp\/v2\/product_tag?post=8180"}],"curies":[{"name":"wp","href":"https:\/\/api.w.org\/{rel}","templated":true}]}}