{"id":8176,"date":"2024-03-03T02:19:49","date_gmt":"2024-03-03T02:19:49","guid":{"rendered":"https:\/\/www.cfaebooks.com\/?post_type=product&#038;p=8176"},"modified":"2026-04-03T07:56:11","modified_gmt":"2026-04-03T07:56:11","slug":"cfa-nivel-1-2024-mark-meldrum-formula-sheet-2","status":"publish","type":"product","link":"https:\/\/www.cfaebooks.com\/es\/products\/cfa-nivel-1-2024-mark-meldrum-formula-sheet-2\/","title":{"rendered":"CFA Nivel 1 2024 Hoja de f\u00f3rmulas Mark Meldrum"},"content":{"rendered":"<p>Para la venta es un e-libro CFA Nivel 1 2024 Hoja de F\u00f3rmula Mark Meldrum PDF.<\/p>\n\n\n\n<ul class=\"wp-block-list\">\n<li>No se trata de un libro f\u00edsico, sino de una copia digital en PDF. <\/li>\n\n\n\n<li>No lo compre si desea una copia f\u00edsica. Despu\u00e9s de la compra puede descargar el libro electr\u00f3nico al instante.<\/li>\n<\/ul>","protected":false},"excerpt":{"rendered":"<p>Para la venta es un e-libro CFA Nivel 1 2024 Hoja de F\u00f3rmula Mark Meldrum PDF.<\/p>","protected":false},"featured_media":8177,"comment_status":"closed","ping_status":"closed","template":"","meta":[],"product_brand":[],"product_cat":[349],"product_tag":[86,93,88,90,87,91,92],"class_list":{"0":"post-8176","1":"product","2":"type-product","3":"status-publish","4":"has-post-thumbnail","6":"product_cat-cfa-level-1-2024","7":"product_tag-cfa-2024","8":"product_tag-cfa-books","9":"product_tag-cfa-ebooks","10":"product_tag-cfa-exam","11":"product_tag-cfa-level-i","12":"product_tag-cfa-prep","13":"product_tag-cfa-test","15":"first","16":"instock","17":"downloadable","18":"virtual","19":"sold-individually","20":"purchasable","21":"product-type-simple"},"_links":{"self":[{"href":"https:\/\/www.cfaebooks.com\/es\/wp-json\/wp\/v2\/product\/8176","targetHints":{"allow":["GET"]}}],"collection":[{"href":"https:\/\/www.cfaebooks.com\/es\/wp-json\/wp\/v2\/product"}],"about":[{"href":"https:\/\/www.cfaebooks.com\/es\/wp-json\/wp\/v2\/types\/product"}],"replies":[{"embeddable":true,"href":"https:\/\/www.cfaebooks.com\/es\/wp-json\/wp\/v2\/comments?post=8176"}],"wp:featuredmedia":[{"embeddable":true,"href":"https:\/\/www.cfaebooks.com\/es\/wp-json\/wp\/v2\/media\/8177"}],"wp:attachment":[{"href":"https:\/\/www.cfaebooks.com\/es\/wp-json\/wp\/v2\/media?parent=8176"}],"wp:term":[{"taxonomy":"product_brand","embeddable":true,"href":"https:\/\/www.cfaebooks.com\/es\/wp-json\/wp\/v2\/product_brand?post=8176"},{"taxonomy":"product_cat","embeddable":true,"href":"https:\/\/www.cfaebooks.com\/es\/wp-json\/wp\/v2\/product_cat?post=8176"},{"taxonomy":"product_tag","embeddable":true,"href":"https:\/\/www.cfaebooks.com\/es\/wp-json\/wp\/v2\/product_tag?post=8176"}],"curies":[{"name":"wp","href":"https:\/\/api.w.org\/{rel}","templated":true}]}}