{"id":17409,"date":"2026-04-04T14:31:48","date_gmt":"2026-04-04T14:31:48","guid":{"rendered":"https:\/\/www.cfaebooks.com\/?post_type=product&#038;p=17409"},"modified":"2026-04-04T14:43:38","modified_gmt":"2026-04-04T14:43:38","slug":"frm-2026-part-2-analystprep-question-bank","status":"publish","type":"product","link":"https:\/\/www.cfaebooks.com\/es\/products\/frm-2026-part-2-analystprep-question-bank\/","title":{"rendered":"FRM 2026 Part 2 \u2013 AnalystPrep Question Bank"},"content":{"rendered":"<p>For sale is an e-Book FRM 2026 Part 2 \u2013 AnalystPrep Question Bank pdf.<\/p>\n\n\n\n<p>Over 1200 questions and answers.<\/p>\n\n\n\n<p>Includes seperate file for questions and answers so that you can do questions then compare your answers.<\/p>\n\n\n\n<p><strong>Temas tratados:<\/strong><\/p>\n\n\n\n<ul class=\"wp-block-list\">\n<li><strong><strong>Medici\u00f3n y gesti\u00f3n del riesgo de mercado<\/strong><\/strong><\/li>\n\n\n\n<li><strong><strong>Medici\u00f3n y gesti\u00f3n del riesgo de cr\u00e9dito<\/strong><\/strong><\/li>\n\n\n\n<li><strong><strong>Operational Risk &amp; Resilience<\/strong><\/strong><\/li>\n\n\n\n<li><strong>Gesti\u00f3n de riesgos y gesti\u00f3n de inversiones<\/strong><\/li>\n\n\n\n<li><strong>Cuestiones actuales de los mercados financieros<\/strong><\/li>\n<\/ul>\n\n\n\n<p>Este no es un libro f\u00edsico, es una copia digital en PDF. Por favor, no lo compre si desea una copia f\u00edsica.<\/p>\n\n\n\n<p>Despu\u00e9s de pagar, podr\u00e1 descargar el libro electr\u00f3nico al instante.<\/p>","protected":false},"excerpt":{"rendered":"<p>For sale is an e-Book FRM 2026 Part 2 \u2013 AnalystPrep Question Bank pdf. Over 1200 questions and answers. Includes seperate file for questions and answers so that you can do questions then compare your answers. Topics Covered: This is not a physical book it is a&nbsp;PDF&nbsp;digital copy. Please do not purchase if you want [&hellip;]<\/p>\n","protected":false},"featured_media":17410,"comment_status":"closed","ping_status":"closed","template":"","meta":[],"product_brand":[],"product_cat":[325],"product_tag":[184,409,185,186,181,411,182,204,183],"class_list":{"0":"post-17409","1":"product","2":"type-product","3":"status-publish","4":"has-post-thumbnail","6":"product_cat-frm-part-2","7":"product_tag-frm","8":"product_tag-frm-2026","9":"product_tag-frm-books","10":"product_tag-frm-ebooks","11":"product_tag-frm-exam","12":"product_tag-frm-part-2-2026","13":"product_tag-frm-prep","14":"product_tag-frm-question-bank","15":"product_tag-frm-test","17":"first","18":"instock","19":"downloadable","20":"virtual","21":"sold-individually","22":"purchasable","23":"product-type-simple"},"_links":{"self":[{"href":"https:\/\/www.cfaebooks.com\/es\/wp-json\/wp\/v2\/product\/17409","targetHints":{"allow":["GET"]}}],"collection":[{"href":"https:\/\/www.cfaebooks.com\/es\/wp-json\/wp\/v2\/product"}],"about":[{"href":"https:\/\/www.cfaebooks.com\/es\/wp-json\/wp\/v2\/types\/product"}],"replies":[{"embeddable":true,"href":"https:\/\/www.cfaebooks.com\/es\/wp-json\/wp\/v2\/comments?post=17409"}],"wp:featuredmedia":[{"embeddable":true,"href":"https:\/\/www.cfaebooks.com\/es\/wp-json\/wp\/v2\/media\/17410"}],"wp:attachment":[{"href":"https:\/\/www.cfaebooks.com\/es\/wp-json\/wp\/v2\/media?parent=17409"}],"wp:term":[{"taxonomy":"product_brand","embeddable":true,"href":"https:\/\/www.cfaebooks.com\/es\/wp-json\/wp\/v2\/product_brand?post=17409"},{"taxonomy":"product_cat","embeddable":true,"href":"https:\/\/www.cfaebooks.com\/es\/wp-json\/wp\/v2\/product_cat?post=17409"},{"taxonomy":"product_tag","embeddable":true,"href":"https:\/\/www.cfaebooks.com\/es\/wp-json\/wp\/v2\/product_tag?post=17409"}],"curies":[{"name":"wp","href":"https:\/\/api.w.org\/{rel}","templated":true}]}}