{"id":17389,"date":"2026-04-04T13:39:05","date_gmt":"2026-04-04T13:39:05","guid":{"rendered":"https:\/\/www.cfaebooks.com\/?post_type=product&#038;p=17389"},"modified":"2026-04-04T13:53:25","modified_gmt":"2026-04-04T13:53:25","slug":"frm-2026-part-1-analystprep-question-bank","status":"publish","type":"product","link":"https:\/\/www.cfaebooks.com\/es\/products\/frm-2026-part-1-analystprep-question-bank\/","title":{"rendered":"FRM 2026 Part 1 &#8211; AnalystPrep Question Bank"},"content":{"rendered":"<p>For sale is an e-Book FRM 2026 Part 1 &#8211; AnalystPrep Question Bank pdf.<\/p>\n\n\n\n<p>M\u00e1s de 1000 preguntas y respuestas.<\/p>\n\n\n\n<p>Includes seperate file for questions and answers so that you can do questions then compare your answers.<\/p>\n\n\n\n<p><strong>Temas tratados:<\/strong><\/p>\n\n\n\n<ul class=\"wp-block-list\">\n<li><strong>Fundamentos de la gesti\u00f3n de riesgos<\/strong><\/li>\n\n\n\n<li><strong>An\u00e1lisis cuantitativo<\/strong><\/li>\n\n\n\n<li><strong>Mercados y productos financieros<\/strong><\/li>\n\n\n\n<li><strong>Modelos de valoraci\u00f3n y riesgo<\/strong><\/li>\n<\/ul>\n\n\n\n<p>Este no es un libro f\u00edsico, es una copia digital en PDF. Por favor, no lo compre si desea una copia f\u00edsica.<\/p>\n\n\n\n<p>Despu\u00e9s de pagar, podr\u00e1 descargar el libro electr\u00f3nico al instante.<\/p>","protected":false},"excerpt":{"rendered":"<p>For sale is an e-Book FRM 2026 Part 1 &#8211; AnalystPrep Question Bank pdf. Over 1000 questions and answers. Includes seperate file for questions and answers so that you can do questions then compare your answers. Topics Covered: This is not a physical book it is a&nbsp;PDF&nbsp;digital copy. Please do not purchase if you want [&hellip;]<\/p>\n","protected":false},"featured_media":17390,"comment_status":"closed","ping_status":"closed","template":"","meta":[],"product_brand":[],"product_cat":[324],"product_tag":[184,409,181,205,410,182,204,183],"class_list":{"0":"post-17389","1":"product","2":"type-product","3":"status-publish","4":"has-post-thumbnail","6":"product_cat-frm-part-1","7":"product_tag-frm","8":"product_tag-frm-2026","9":"product_tag-frm-exam","10":"product_tag-frm-part-1","11":"product_tag-frm-part-1-2026","12":"product_tag-frm-prep","13":"product_tag-frm-question-bank","14":"product_tag-frm-test","16":"first","17":"instock","18":"downloadable","19":"virtual","20":"sold-individually","21":"purchasable","22":"product-type-simple"},"_links":{"self":[{"href":"https:\/\/www.cfaebooks.com\/es\/wp-json\/wp\/v2\/product\/17389","targetHints":{"allow":["GET"]}}],"collection":[{"href":"https:\/\/www.cfaebooks.com\/es\/wp-json\/wp\/v2\/product"}],"about":[{"href":"https:\/\/www.cfaebooks.com\/es\/wp-json\/wp\/v2\/types\/product"}],"replies":[{"embeddable":true,"href":"https:\/\/www.cfaebooks.com\/es\/wp-json\/wp\/v2\/comments?post=17389"}],"wp:featuredmedia":[{"embeddable":true,"href":"https:\/\/www.cfaebooks.com\/es\/wp-json\/wp\/v2\/media\/17390"}],"wp:attachment":[{"href":"https:\/\/www.cfaebooks.com\/es\/wp-json\/wp\/v2\/media?parent=17389"}],"wp:term":[{"taxonomy":"product_brand","embeddable":true,"href":"https:\/\/www.cfaebooks.com\/es\/wp-json\/wp\/v2\/product_brand?post=17389"},{"taxonomy":"product_cat","embeddable":true,"href":"https:\/\/www.cfaebooks.com\/es\/wp-json\/wp\/v2\/product_cat?post=17389"},{"taxonomy":"product_tag","embeddable":true,"href":"https:\/\/www.cfaebooks.com\/es\/wp-json\/wp\/v2\/product_tag?post=17389"}],"curies":[{"name":"wp","href":"https:\/\/api.w.org\/{rel}","templated":true}]}}