{"id":17158,"date":"2026-03-27T02:05:43","date_gmt":"2026-03-27T02:05:43","guid":{"rendered":"https:\/\/www.cfaebooks.com\/?post_type=product&#038;p=17158"},"modified":"2026-04-03T08:10:37","modified_gmt":"2026-04-03T08:10:37","slug":"2026-cfa-level-2-uworld-question-bank","status":"publish","type":"product","link":"https:\/\/www.cfaebooks.com\/es\/products\/2026-cfa-level-2-uworld-question-bank\/","title":{"rendered":"2026 CFA Level 2 UWorld Question Bank"},"content":{"rendered":"<p>Se vende un libro electr\u00f3nico\u00a0<strong>2026 CFA Level 2 UWorld Question Bank<\/strong> pdf.<\/p>\n\n\n\n<p>Include more than <strong>1.200 preguntas de pr\u00e1ctica dif\u00edciles<\/strong><\/p>\n\n\n\n<p>Incluye un archivo separado para las preguntas y las respuestas, de modo que puedas hacer preguntas y luego comparar tus respuestas.<\/p>\n\n\n\n<p><strong>Incluye los siguientes temas:<\/strong><\/p>\n\n\n\n<ol class=\"wp-block-list\">\n<li>M\u00e9todos cuantitativos<\/li>\n\n\n\n<li>Econom\u00eda<\/li>\n\n\n\n<li>An\u00e1lisis de estados financieros<\/li>\n\n\n\n<li>Empresas emisoras<\/li>\n\n\n\n<li>Valoraci\u00f3n del capital<\/li>\n\n\n\n<li>Renta fija<\/li>\n\n\n\n<li>Derivados<\/li>\n\n\n\n<li>Inversiones alternativas<\/li>\n\n\n\n<li>Gesti\u00f3n de carteras<\/li>\n\n\n\n<li>Normas \u00e9ticas y profesionales<\/li>\n<\/ol>\n\n\n\n<p>El texto se puede buscar mediante la funci\u00f3n de b\u00fasqueda del teclado del ordenador (ctrl+f) y a trav\u00e9s de la b\u00fasqueda de su smartphone o tableta. No se trata de libros f\u00edsicos, sino de copias digitales en PDF. No los compre si desea una copia f\u00edsica.<\/p>\n\n\n\n<p>Despu\u00e9s de pagar, podr\u00e1 descargar el libro electr\u00f3nico inmediatamente.<\/p>","protected":false},"excerpt":{"rendered":"<p>For sale is an e-Book\u00a02026 CFA Level 2 UWorld Question Bank pdf. Include more than 1,200 Hard Practice Questions Includes separate file for questions and answers so that you can do questions then compare your answers Includes the following topics: The text is searchable using the find feature on your computer keyboard \u2018ctrl+f\u2019 and through [&hellip;]<\/p>\n","protected":false},"featured_media":17159,"comment_status":"closed","ping_status":"closed","template":"","meta":[],"product_brand":[],"product_cat":[266],"product_tag":[369,93,88,90,375,166,92,408,162],"class_list":{"0":"post-17158","1":"product","2":"type-product","3":"status-publish","4":"has-post-thumbnail","6":"product_cat-cfa-level-2","7":"product_tag-cfa-2026","8":"product_tag-cfa-books","9":"product_tag-cfa-ebooks","10":"product_tag-cfa-exam","11":"product_tag-cfa-level-2-2026","12":"product_tag-cfa-question-bank","13":"product_tag-cfa-test","14":"product_tag-cfa-uworld-qbank","15":"product_tag-qbank","17":"first","18":"instock","19":"downloadable","20":"virtual","21":"sold-individually","22":"purchasable","23":"product-type-simple"},"_links":{"self":[{"href":"https:\/\/www.cfaebooks.com\/es\/wp-json\/wp\/v2\/product\/17158","targetHints":{"allow":["GET"]}}],"collection":[{"href":"https:\/\/www.cfaebooks.com\/es\/wp-json\/wp\/v2\/product"}],"about":[{"href":"https:\/\/www.cfaebooks.com\/es\/wp-json\/wp\/v2\/types\/product"}],"replies":[{"embeddable":true,"href":"https:\/\/www.cfaebooks.com\/es\/wp-json\/wp\/v2\/comments?post=17158"}],"wp:featuredmedia":[{"embeddable":true,"href":"https:\/\/www.cfaebooks.com\/es\/wp-json\/wp\/v2\/media\/17159"}],"wp:attachment":[{"href":"https:\/\/www.cfaebooks.com\/es\/wp-json\/wp\/v2\/media?parent=17158"}],"wp:term":[{"taxonomy":"product_brand","embeddable":true,"href":"https:\/\/www.cfaebooks.com\/es\/wp-json\/wp\/v2\/product_brand?post=17158"},{"taxonomy":"product_cat","embeddable":true,"href":"https:\/\/www.cfaebooks.com\/es\/wp-json\/wp\/v2\/product_cat?post=17158"},{"taxonomy":"product_tag","embeddable":true,"href":"https:\/\/www.cfaebooks.com\/es\/wp-json\/wp\/v2\/product_tag?post=17158"}],"curies":[{"name":"wp","href":"https:\/\/api.w.org\/{rel}","templated":true}]}}