{"id":15933,"date":"2026-01-19T14:19:02","date_gmt":"2026-01-19T14:19:02","guid":{"rendered":"https:\/\/www.cfaebooks.com\/?post_type=product&#038;p=15933"},"modified":"2026-04-03T08:09:17","modified_gmt":"2026-04-03T08:09:17","slug":"cfa-2025-2026-level-1-quintedge-study-notes-and-formula-sheet","status":"publish","type":"product","link":"https:\/\/www.cfaebooks.com\/es\/products\/cfa-2025-2026-level-1-quintedge-study-notes-and-formula-sheet\/","title":{"rendered":"CFA 2025 &#8211; 2026 Level 1 QuintEdge Study Notes and Formula Sheet"},"content":{"rendered":"<p>Se vende un libro electr\u00f3nico <strong>CFA 2025 &#8211; 2026 Level 1 QuintEdge Study Notes and Formula Sheet<\/strong> PDF.<\/p>\n\n\n\n<ul class=\"wp-block-list\">\n<li>Incluye los siguientes temas:\n<ul class=\"wp-block-list\">\n<li><strong><em>M\u00e9todos cuantitativos<\/em><\/strong><\/li>\n\n\n\n<li><strong><em>Econom\u00eda<\/em><\/strong><\/li>\n\n\n\n<li><strong><em>Empresas emisoras<\/em><\/strong><\/li>\n\n\n\n<li><strong><em>An\u00e1lisis de estados financieros<\/em><\/strong><\/li>\n\n\n\n<li><strong><em>Inversiones de capital<\/em><\/strong><\/li>\n\n\n\n<li><strong><em>Renta fija<\/em><\/strong><\/li>\n\n\n\n<li><strong><em>Derivados<\/em><\/strong><\/li>\n\n\n\n<li><strong><em>Inversiones alternativas<\/em><\/strong><\/li>\n\n\n\n<li><strong><em>Gesti\u00f3n de carteras<\/em><\/strong><\/li>\n\n\n\n<li><strong><em>Normas \u00e9ticas y profesionales<\/em><\/strong><\/li>\n<\/ul>\n<\/li>\n\n\n\n<li>Study Plan &amp; Formula Sheet are 23 pages in total<\/li>\n\n\n\n<li>El texto se puede buscar utilizando la funci\u00f3n de b\u00fasqueda del teclado del ordenador (ctrl+f) y a trav\u00e9s de la b\u00fasqueda de su smartphone\/tableta.<\/li>\n\n\n\n<li>No se trata de libros f\u00edsicos, sino de libros electr\u00f3nicos.<\/li>\n\n\n\n<li>Despu\u00e9s de pagar, podr\u00e1 descargar el libro electr\u00f3nico al instante.<\/li>\n<\/ul>","protected":false},"excerpt":{"rendered":"<p>For sale is an e-Book CFA 2025 &#8211; 2026 Level 1 QuintEdge Study Notes and Formula Sheet PDF.<\/p>","protected":false},"featured_media":15934,"comment_status":"closed","ping_status":"closed","template":"","meta":[],"product_brand":[],"product_cat":[260],"product_tag":[369,93,88,90,370,87,91,363,92,164,177,407],"class_list":{"0":"post-15933","1":"product","2":"type-product","3":"status-publish","4":"has-post-thumbnail","6":"product_cat-cfa-level-1","7":"product_tag-cfa-2026","8":"product_tag-cfa-books","9":"product_tag-cfa-ebooks","10":"product_tag-cfa-exam","11":"product_tag-cfa-level-1-2026","12":"product_tag-cfa-level-i","13":"product_tag-cfa-prep","14":"product_tag-cfa-study-notes","15":"product_tag-cfa-test","16":"product_tag-formula-sheet","17":"product_tag-quicksheet","18":"product_tag-quintedge","20":"first","21":"instock","22":"downloadable","23":"virtual","24":"sold-individually","25":"purchasable","26":"product-type-simple"},"_links":{"self":[{"href":"https:\/\/www.cfaebooks.com\/es\/wp-json\/wp\/v2\/product\/15933","targetHints":{"allow":["GET"]}}],"collection":[{"href":"https:\/\/www.cfaebooks.com\/es\/wp-json\/wp\/v2\/product"}],"about":[{"href":"https:\/\/www.cfaebooks.com\/es\/wp-json\/wp\/v2\/types\/product"}],"replies":[{"embeddable":true,"href":"https:\/\/www.cfaebooks.com\/es\/wp-json\/wp\/v2\/comments?post=15933"}],"wp:featuredmedia":[{"embeddable":true,"href":"https:\/\/www.cfaebooks.com\/es\/wp-json\/wp\/v2\/media\/15934"}],"wp:attachment":[{"href":"https:\/\/www.cfaebooks.com\/es\/wp-json\/wp\/v2\/media?parent=15933"}],"wp:term":[{"taxonomy":"product_brand","embeddable":true,"href":"https:\/\/www.cfaebooks.com\/es\/wp-json\/wp\/v2\/product_brand?post=15933"},{"taxonomy":"product_cat","embeddable":true,"href":"https:\/\/www.cfaebooks.com\/es\/wp-json\/wp\/v2\/product_cat?post=15933"},{"taxonomy":"product_tag","embeddable":true,"href":"https:\/\/www.cfaebooks.com\/es\/wp-json\/wp\/v2\/product_tag?post=15933"}],"curies":[{"name":"wp","href":"https:\/\/api.w.org\/{rel}","templated":true}]}}