{"id":15517,"date":"2025-12-26T03:41:54","date_gmt":"2025-12-26T03:41:54","guid":{"rendered":"https:\/\/www.cfaebooks.com\/?post_type=product&#038;p=15517"},"modified":"2026-04-03T08:08:36","modified_gmt":"2026-04-03T08:08:36","slug":"frm-2025-analystprep-mock-exams-part-1","status":"publish","type":"product","link":"https:\/\/www.cfaebooks.com\/es\/products\/frm-2025-analystprep-mock-exams-part-1\/","title":{"rendered":"FRM 2025 AnalystPrep Mock Exams Part 1"},"content":{"rendered":"<p>For sale is an e-Book FRM 2025 AnalystPrep Mock Exams Part 1.<\/p>\n\n\n\n<p><strong>You\u2019ll get 3 mock exams.<\/strong> Includes seperate file for questions and answers so that you can do questions then compare your answers.<\/p>\n\n\n\n<p><strong>Temas tratados:<\/strong><\/p>\n\n\n\n<ul class=\"wp-block-list\">\n<li><strong>Fundamentos de la gesti\u00f3n de riesgos<\/strong><\/li>\n\n\n\n<li><strong>An\u00e1lisis cuantitativo<\/strong><\/li>\n\n\n\n<li><strong>Mercados y productos financieros<\/strong><\/li>\n\n\n\n<li><strong>Modelos de valoraci\u00f3n y riesgo<\/strong><\/li>\n<\/ul>\n\n\n\n<p>Este no es un libro f\u00edsico, es una copia digital en PDF. Por favor, no lo compre si desea una copia f\u00edsica.<\/p>\n\n\n\n<p>Despu\u00e9s de pagar, podr\u00e1 descargar el libro electr\u00f3nico al instante.<\/p>","protected":false},"excerpt":{"rendered":"<p>For sale is an e-Book FRM 2025 AnalystPrep Mock Exams Part 1. You\u2019ll get 3 mock exams. Includes seperate file for questions and answers so that you can do questions then compare your answers. Topics Covered: This is not a physical book it is a&nbsp;PDF&nbsp;digital copy. Please do not purchase if you want a physical [&hellip;]<\/p>\n","protected":false},"featured_media":15518,"comment_status":"closed","ping_status":"closed","template":"","meta":[],"product_brand":[],"product_cat":[324],"product_tag":[184,326,185,186,181,275,402,205,327,182,362,183],"class_list":{"0":"post-15517","1":"product","2":"type-product","3":"status-publish","4":"has-post-thumbnail","6":"product_cat-frm-part-1","7":"product_tag-frm","8":"product_tag-frm-2025","9":"product_tag-frm-books","10":"product_tag-frm-ebooks","11":"product_tag-frm-exam","12":"product_tag-frm-mock-exams","13":"product_tag-frm-mock-test","14":"product_tag-frm-part-1","15":"product_tag-frm-part-1-2025","16":"product_tag-frm-prep","17":"product_tag-frm-study-notes","18":"product_tag-frm-test","20":"first","21":"instock","22":"downloadable","23":"virtual","24":"sold-individually","25":"purchasable","26":"product-type-simple"},"_links":{"self":[{"href":"https:\/\/www.cfaebooks.com\/es\/wp-json\/wp\/v2\/product\/15517","targetHints":{"allow":["GET"]}}],"collection":[{"href":"https:\/\/www.cfaebooks.com\/es\/wp-json\/wp\/v2\/product"}],"about":[{"href":"https:\/\/www.cfaebooks.com\/es\/wp-json\/wp\/v2\/types\/product"}],"replies":[{"embeddable":true,"href":"https:\/\/www.cfaebooks.com\/es\/wp-json\/wp\/v2\/comments?post=15517"}],"wp:featuredmedia":[{"embeddable":true,"href":"https:\/\/www.cfaebooks.com\/es\/wp-json\/wp\/v2\/media\/15518"}],"wp:attachment":[{"href":"https:\/\/www.cfaebooks.com\/es\/wp-json\/wp\/v2\/media?parent=15517"}],"wp:term":[{"taxonomy":"product_brand","embeddable":true,"href":"https:\/\/www.cfaebooks.com\/es\/wp-json\/wp\/v2\/product_brand?post=15517"},{"taxonomy":"product_cat","embeddable":true,"href":"https:\/\/www.cfaebooks.com\/es\/wp-json\/wp\/v2\/product_cat?post=15517"},{"taxonomy":"product_tag","embeddable":true,"href":"https:\/\/www.cfaebooks.com\/es\/wp-json\/wp\/v2\/product_tag?post=15517"}],"curies":[{"name":"wp","href":"https:\/\/api.w.org\/{rel}","templated":true}]}}