{"id":15420,"date":"2025-12-20T02:49:34","date_gmt":"2025-12-20T02:49:34","guid":{"rendered":"https:\/\/www.cfaebooks.com\/?post_type=product&#038;p=15420"},"modified":"2026-04-03T08:08:12","modified_gmt":"2026-04-03T08:08:12","slug":"cma-2026-part-1-uworld-question-bank-mcq-essay","status":"publish","type":"product","link":"https:\/\/www.cfaebooks.com\/es\/products\/cma-2026-part-1-uworld-question-bank-mcq-essay\/","title":{"rendered":"CMA 2026 Parte 1 Banco de preguntas UWorld (MCQ y ensayo)"},"content":{"rendered":"<p>For sale is an e-Book CMA 2026 Part 1 UWorld Question Bank (MCQ &amp; Essay).<\/p>\n\n\n\n<p>The package includes <strong>multiple-choice questions (MCQs)<\/strong> y <strong>essays<\/strong>.<\/p>\n\n\n\n<p>Includes the following sections:<\/p>\n\n\n\n<ul class=\"wp-block-list\">\n<li><strong>Section A<\/strong>. External Financial Reporting Decisions<\/li>\n\n\n\n<li><strong>Section B<\/strong>. Planning, Budgeting, and Forecasting<\/li>\n\n\n\n<li><strong>Section C<\/strong>. Performance Management<\/li>\n\n\n\n<li><strong>Section D<\/strong>. Cost Management<\/li>\n\n\n\n<li><strong>Section E<\/strong>. Internal Controls<\/li>\n\n\n\n<li><strong>Section F<\/strong>. Technology and Analytics<\/li>\n<\/ul>\n\n\n\n<p>Este no es un libro f\u00edsico, es una copia digital en PDF. Por favor, no lo compre si desea una copia f\u00edsica. Despu\u00e9s de la compra se puede descargar el libro electr\u00f3nico al instante.<\/p>","protected":false},"excerpt":{"rendered":"<p>For sale is an e-Book CMA 2026 Part 1 UWorld Question Bank (MCQ &amp; Essay). The package includes multiple-choice questions (MCQs) and essays. Includes the following sections: This is not a physical book it is a\u00a0PDF\u00a0digital copy. Please do not purchase if you want a physical hard copy. After checkout you can download the e-Book [&hellip;]<\/p>\n","protected":false},"featured_media":15422,"comment_status":"closed","ping_status":"closed","template":"","meta":[],"product_brand":[],"product_cat":[279],"product_tag":[282,384,292,291,288,285,290,396,397,289,385,162,170,395],"class_list":{"0":"post-15420","1":"product","2":"type-product","3":"status-publish","4":"has-post-thumbnail","6":"product_cat-cma-part-1","7":"product_tag-cma","8":"product_tag-cma-2026","9":"product_tag-cma-books","10":"product_tag-cma-ebooks","11":"product_tag-cma-exam","12":"product_tag-cma-part-1","13":"product_tag-cma-prep","14":"product_tag-cma-qbank","15":"product_tag-cma-question-bank","16":"product_tag-cma-test","17":"product_tag-cma-uworld","18":"product_tag-qbank","19":"product_tag-uworld","20":"product_tag-uworld-qbank","22":"first","23":"instock","24":"downloadable","25":"virtual","26":"sold-individually","27":"purchasable","28":"product-type-simple"},"_links":{"self":[{"href":"https:\/\/www.cfaebooks.com\/es\/wp-json\/wp\/v2\/product\/15420","targetHints":{"allow":["GET"]}}],"collection":[{"href":"https:\/\/www.cfaebooks.com\/es\/wp-json\/wp\/v2\/product"}],"about":[{"href":"https:\/\/www.cfaebooks.com\/es\/wp-json\/wp\/v2\/types\/product"}],"replies":[{"embeddable":true,"href":"https:\/\/www.cfaebooks.com\/es\/wp-json\/wp\/v2\/comments?post=15420"}],"wp:featuredmedia":[{"embeddable":true,"href":"https:\/\/www.cfaebooks.com\/es\/wp-json\/wp\/v2\/media\/15422"}],"wp:attachment":[{"href":"https:\/\/www.cfaebooks.com\/es\/wp-json\/wp\/v2\/media?parent=15420"}],"wp:term":[{"taxonomy":"product_brand","embeddable":true,"href":"https:\/\/www.cfaebooks.com\/es\/wp-json\/wp\/v2\/product_brand?post=15420"},{"taxonomy":"product_cat","embeddable":true,"href":"https:\/\/www.cfaebooks.com\/es\/wp-json\/wp\/v2\/product_cat?post=15420"},{"taxonomy":"product_tag","embeddable":true,"href":"https:\/\/www.cfaebooks.com\/es\/wp-json\/wp\/v2\/product_tag?post=15420"}],"curies":[{"name":"wp","href":"https:\/\/api.w.org\/{rel}","templated":true}]}}