{"id":15310,"date":"2025-12-07T11:13:11","date_gmt":"2025-12-07T11:13:11","guid":{"rendered":"https:\/\/www.cfaebooks.com\/?post_type=product&#038;p=15310"},"modified":"2026-04-03T08:07:51","modified_gmt":"2026-04-03T08:07:51","slug":"2026-cfa-level-1-mark-meldrum-premium-mock-exams","status":"publish","type":"product","link":"https:\/\/www.cfaebooks.com\/es\/products\/2026-cfa-level-1-mark-meldrum-premium-mock-exams\/","title":{"rendered":"2026 CFA Nivel 1 Mark Meldrum Ex\u00e1menes de prueba premium"},"content":{"rendered":"<p>For sale is an e-Book 2026 CFA Level 1 Mark Meldrum Premium Mock Exams.<\/p>\n\n\n\n<ul class=\"wp-block-list\">\n<li>Incluye <strong>3 full mock exams<\/strong>.\n<ul class=\"wp-block-list\">\n<li>Mock 1 &#8211; comes in 2 parts<\/li>\n\n\n\n<li>Mock 2<\/li>\n\n\n\n<li>Mock 3<\/li>\n<\/ul>\n<\/li>\n\n\n\n<li>Estos simulacros est\u00e1n dise\u00f1ados para CFA Nivel 1 en dificultad.<\/li>\n\n\n\n<li>Incluye <strong>preguntas y respuestas<\/strong><\/li>\n\n\n\n<li>El texto se puede buscar utilizando la funci\u00f3n de b\u00fasqueda del teclado del ordenador (ctrl+f) y a trav\u00e9s de la b\u00fasqueda de su smartphone\/tableta.<\/li>\n\n\n\n<li>Este no es un libro f\u00edsico, es una copia digital en PDF. Por favor, no lo compre si desea una copia f\u00edsica.<\/li>\n\n\n\n<li>Despu\u00e9s de pagar, podr\u00e1 descargar el libro electr\u00f3nico al instante.<\/li>\n<\/ul>","protected":false},"excerpt":{"rendered":"<p>For sale is an e-Book 2026 CFA Level 1 Mark Meldrum Premium Mock Exams.<\/p>","protected":false},"featured_media":15311,"comment_status":"closed","ping_status":"closed","template":"","meta":[],"product_brand":[],"product_cat":[260],"product_tag":[369,93,88,90,370,87,361,91,92],"class_list":{"0":"post-15310","1":"product","2":"type-product","3":"status-publish","4":"has-post-thumbnail","6":"product_cat-cfa-level-1","7":"product_tag-cfa-2026","8":"product_tag-cfa-books","9":"product_tag-cfa-ebooks","10":"product_tag-cfa-exam","11":"product_tag-cfa-level-1-2026","12":"product_tag-cfa-level-i","13":"product_tag-cfa-mock-exams","14":"product_tag-cfa-prep","15":"product_tag-cfa-test","17":"first","18":"instock","19":"downloadable","20":"virtual","21":"sold-individually","22":"purchasable","23":"product-type-simple"},"_links":{"self":[{"href":"https:\/\/www.cfaebooks.com\/es\/wp-json\/wp\/v2\/product\/15310","targetHints":{"allow":["GET"]}}],"collection":[{"href":"https:\/\/www.cfaebooks.com\/es\/wp-json\/wp\/v2\/product"}],"about":[{"href":"https:\/\/www.cfaebooks.com\/es\/wp-json\/wp\/v2\/types\/product"}],"replies":[{"embeddable":true,"href":"https:\/\/www.cfaebooks.com\/es\/wp-json\/wp\/v2\/comments?post=15310"}],"wp:featuredmedia":[{"embeddable":true,"href":"https:\/\/www.cfaebooks.com\/es\/wp-json\/wp\/v2\/media\/15311"}],"wp:attachment":[{"href":"https:\/\/www.cfaebooks.com\/es\/wp-json\/wp\/v2\/media?parent=15310"}],"wp:term":[{"taxonomy":"product_brand","embeddable":true,"href":"https:\/\/www.cfaebooks.com\/es\/wp-json\/wp\/v2\/product_brand?post=15310"},{"taxonomy":"product_cat","embeddable":true,"href":"https:\/\/www.cfaebooks.com\/es\/wp-json\/wp\/v2\/product_cat?post=15310"},{"taxonomy":"product_tag","embeddable":true,"href":"https:\/\/www.cfaebooks.com\/es\/wp-json\/wp\/v2\/product_tag?post=15310"}],"curies":[{"name":"wp","href":"https:\/\/api.w.org\/{rel}","templated":true}]}}