{"id":14877,"date":"2025-11-03T00:04:27","date_gmt":"2025-11-03T00:04:27","guid":{"rendered":"https:\/\/www.cfaebooks.com\/?post_type=product&#038;p=14877"},"modified":"2026-04-03T08:07:08","modified_gmt":"2026-04-03T08:07:08","slug":"cfa-2026-schweser-notes-level-2-with-quicksheet","status":"publish","type":"product","link":"https:\/\/www.cfaebooks.com\/es\/products\/cfa-2026-schweser-notes-level-2-with-quicksheet\/","title":{"rendered":"CFA 2026 Schweser Notes Nivel 2 con Quicksheet"},"content":{"rendered":"<p>Se vende un libro electr\u00f3nico 2026 CFA Schweser Notes Nivel 2 con Quicksheet.<\/p>\n\n\n\n<ul class=\"wp-block-list\">\n<li>Incluye juego de 5 libros:\n<ul class=\"wp-block-list\">\n<li><strong><em>Libro 1: M\u00e9todos cuantitativos y econom\u00eda<\/em><\/strong><\/li>\n\n\n\n<li><strong><em>Libro 2: An\u00e1lisis de estados financieros y empresas emisoras<\/em><\/strong><\/li>\n\n\n\n<li><strong><em>Libro 3: Valoraci\u00f3n del patrimonio neto<\/em><\/strong><\/li>\n\n\n\n<li><strong><em>Libro 4: Renta fija, derivados e inversiones alternativas<\/em><\/strong><\/li>\n\n\n\n<li><strong><em>Libro 5: Gesti\u00f3n de carteras y normas \u00e9ticas y profesionales<\/em><\/strong>.<\/li>\n<\/ul>\n<\/li>\n\n\n\n<li>Quicksheet tiene 6 p\u00e1ginas en total<\/li>\n\n\n\n<li>El paquete incluye pdf, epub y versi\u00f3n web.<\/li>\n<\/ul>\n\n\n\n<p>Este no es un libro f\u00edsico, es una copia digital en PDF. Por favor, no lo compre si desea una copia f\u00edsica. Despu\u00e9s de la compra puede descargar el libro electr\u00f3nico inmediatamente.<\/p>","protected":false},"excerpt":{"rendered":"<p>For sale is an e-Book 2026 CFA Schweser Notes Level 2 with Quicksheet. This is not a physical book it is a&nbsp;PDF&nbsp;digital copy. Please do not purchase if you want a physical hard copy. After checkout you can download the e-Book immediately.<\/p>","protected":false},"featured_media":14878,"comment_status":"closed","ping_status":"closed","template":"","meta":[],"product_brand":[],"product_cat":[266],"product_tag":[369,93,88,90,375,91,363,92,158,179],"class_list":{"0":"post-14877","1":"product","2":"type-product","3":"status-publish","4":"has-post-thumbnail","6":"product_cat-cfa-level-2","7":"product_tag-cfa-2026","8":"product_tag-cfa-books","9":"product_tag-cfa-ebooks","10":"product_tag-cfa-exam","11":"product_tag-cfa-level-2-2026","12":"product_tag-cfa-prep","13":"product_tag-cfa-study-notes","14":"product_tag-cfa-test","15":"product_tag-kaplan-schweser","16":"product_tag-schweser-notes","18":"first","19":"instock","20":"downloadable","21":"virtual","22":"sold-individually","23":"purchasable","24":"product-type-simple"},"_links":{"self":[{"href":"https:\/\/www.cfaebooks.com\/es\/wp-json\/wp\/v2\/product\/14877","targetHints":{"allow":["GET"]}}],"collection":[{"href":"https:\/\/www.cfaebooks.com\/es\/wp-json\/wp\/v2\/product"}],"about":[{"href":"https:\/\/www.cfaebooks.com\/es\/wp-json\/wp\/v2\/types\/product"}],"replies":[{"embeddable":true,"href":"https:\/\/www.cfaebooks.com\/es\/wp-json\/wp\/v2\/comments?post=14877"}],"wp:featuredmedia":[{"embeddable":true,"href":"https:\/\/www.cfaebooks.com\/es\/wp-json\/wp\/v2\/media\/14878"}],"wp:attachment":[{"href":"https:\/\/www.cfaebooks.com\/es\/wp-json\/wp\/v2\/media?parent=14877"}],"wp:term":[{"taxonomy":"product_brand","embeddable":true,"href":"https:\/\/www.cfaebooks.com\/es\/wp-json\/wp\/v2\/product_brand?post=14877"},{"taxonomy":"product_cat","embeddable":true,"href":"https:\/\/www.cfaebooks.com\/es\/wp-json\/wp\/v2\/product_cat?post=14877"},{"taxonomy":"product_tag","embeddable":true,"href":"https:\/\/www.cfaebooks.com\/es\/wp-json\/wp\/v2\/product_tag?post=14877"}],"curies":[{"name":"wp","href":"https:\/\/api.w.org\/{rel}","templated":true}]}}