{"id":14221,"date":"2025-10-09T09:15:00","date_gmt":"2025-10-09T09:15:00","guid":{"rendered":"https:\/\/www.cfaebooks.com\/?post_type=product&#038;p=14221"},"modified":"2026-04-03T08:06:37","modified_gmt":"2026-04-03T08:06:37","slug":"2026-cfa-level-3-ift-mock-exam-private-wealth-pathway","status":"publish","type":"product","link":"https:\/\/www.cfaebooks.com\/es\/products\/2026-cfa-level-3-ift-mock-exam-private-wealth-pathway\/","title":{"rendered":"2026 CFA Nivel 3 IFT Examen de prueba: Private Wealth Pathway"},"content":{"rendered":"<p>Para la venta es un e-Libro 2026 CFA Nivel 3 IFT Mock Exams Private Wealth Pathway PDF.<\/p>\n\n\n\n<ul class=\"wp-block-list\">\n<li>Incluye 2 sesiones, <strong>4 simulacros de examen completos<\/strong>.<\/li>\n\n\n\n<li>Estos simulacros est\u00e1n dise\u00f1ados para CFA Nivel 3 Private Wealth Pathway en dificultad.<\/li>\n\n\n\n<li>Incluye un archivo separado para las preguntas y las respuestas, de modo que puedas hacer preguntas y luego comparar tus respuestas.<\/li>\n\n\n\n<li>El texto se puede buscar utilizando la funci\u00f3n de b\u00fasqueda del teclado del ordenador (ctrl+f) y a trav\u00e9s de la b\u00fasqueda de su smartphone\/tableta.<\/li>\n\n\n\n<li>Este no es un libro f\u00edsico, es una copia digital en PDF. Por favor, no lo compre si desea una copia f\u00edsica.<\/li>\n\n\n\n<li>Despu\u00e9s de pagar, podr\u00e1 descargar el libro electr\u00f3nico al instante.<\/li>\n<\/ul>","protected":false},"excerpt":{"rendered":"<p>Para la venta es un e-Libro 2026 CFA Nivel 3 IFT Mock Exams Private Wealth Pathway PDF.<\/p>","protected":false},"featured_media":14222,"comment_status":"closed","ping_status":"closed","template":"","meta":[],"product_brand":[],"product_cat":[265],"product_tag":[369,93,88,90,180,371,361,311,91,92,167,381],"class_list":{"0":"post-14221","1":"product","2":"type-product","3":"status-publish","4":"has-post-thumbnail","6":"product_cat-cfa-level-3","7":"product_tag-cfa-2026","8":"product_tag-cfa-books","9":"product_tag-cfa-ebooks","10":"product_tag-cfa-exam","11":"product_tag-cfa-level-3","12":"product_tag-cfa-level-3-2026","13":"product_tag-cfa-mock-exams","14":"product_tag-cfa-mocks","15":"product_tag-cfa-prep","16":"product_tag-cfa-test","17":"product_tag-ift","18":"product_tag-ift-2026","20":"first","21":"instock","22":"downloadable","23":"virtual","24":"sold-individually","25":"purchasable","26":"product-type-simple"},"_links":{"self":[{"href":"https:\/\/www.cfaebooks.com\/es\/wp-json\/wp\/v2\/product\/14221","targetHints":{"allow":["GET"]}}],"collection":[{"href":"https:\/\/www.cfaebooks.com\/es\/wp-json\/wp\/v2\/product"}],"about":[{"href":"https:\/\/www.cfaebooks.com\/es\/wp-json\/wp\/v2\/types\/product"}],"replies":[{"embeddable":true,"href":"https:\/\/www.cfaebooks.com\/es\/wp-json\/wp\/v2\/comments?post=14221"}],"wp:featuredmedia":[{"embeddable":true,"href":"https:\/\/www.cfaebooks.com\/es\/wp-json\/wp\/v2\/media\/14222"}],"wp:attachment":[{"href":"https:\/\/www.cfaebooks.com\/es\/wp-json\/wp\/v2\/media?parent=14221"}],"wp:term":[{"taxonomy":"product_brand","embeddable":true,"href":"https:\/\/www.cfaebooks.com\/es\/wp-json\/wp\/v2\/product_brand?post=14221"},{"taxonomy":"product_cat","embeddable":true,"href":"https:\/\/www.cfaebooks.com\/es\/wp-json\/wp\/v2\/product_cat?post=14221"},{"taxonomy":"product_tag","embeddable":true,"href":"https:\/\/www.cfaebooks.com\/es\/wp-json\/wp\/v2\/product_tag?post=14221"}],"curies":[{"name":"wp","href":"https:\/\/api.w.org\/{rel}","templated":true}]}}