{"id":14110,"date":"2025-10-04T23:22:50","date_gmt":"2025-10-04T23:22:50","guid":{"rendered":"https:\/\/www.cfaebooks.com\/?post_type=product&#038;p=14110"},"modified":"2026-04-03T08:06:25","modified_gmt":"2026-04-03T08:06:25","slug":"2026-cfa-level-1-schweser-prerequisite-program-notes-qbank-video","status":"publish","type":"product","link":"https:\/\/www.cfaebooks.com\/es\/products\/2026-cfa-level-1-schweser-prerequisite-program-notes-qbank-video\/","title":{"rendered":"Programa de requisitos previos para el nivel 1 del CFA 2026 de Schweser (apuntes, banco de preguntas, v\u00eddeos)"},"content":{"rendered":"<p>Para la venta es el 2026 CFA Schweser Programa de Requisitos previos Nivel 1 (Notas, Qbank, Video).<\/p>\n\n\n\n<p>Incluye los siguientes temas:&nbsp;<\/p>\n\n\n\n<ul class=\"wp-block-list\">\n<li><strong>M\u00e9todos cuantitativos<\/strong><\/li>\n\n\n\n<li><strong>Econom\u00eda<\/strong><\/li>\n\n\n\n<li><strong>An\u00e1lisis de estados financieros<\/strong>. <\/li>\n<\/ul>\n\n\n\n<p>El paquete incluye <strong>Apuntes, banco de preguntas y videoconferencias<\/strong><\/p>\n\n\n\n<ul class=\"wp-block-list\">\n<li>Qbank: incluye un archivo separado para las preguntas y las respuestas, de modo que puedas hacer preguntas y luego comparar tus respuestas.<\/li>\n\n\n\n<li>El texto se puede buscar utilizando la funci\u00f3n de b\u00fasqueda del teclado del ordenador (ctrl+f) y a trav\u00e9s de la b\u00fasqueda de su smartphone\/tableta.<\/li>\n\n\n\n<li>Despu\u00e9s de pagar, puede descargar al instante.<\/li>\n<\/ul>","protected":false},"excerpt":{"rendered":"<p>For sale is the 2026 CFA Schweser Prerequisite Program Level 1 (Notes, Qbank, Video). Includes the following topics:&nbsp; In the package, it including Notes, Question Bank and Video Lectures<\/p>","protected":false},"featured_media":14111,"comment_status":"closed","ping_status":"closed","template":"","meta":[],"product_brand":[],"product_cat":[260,269],"product_tag":[369,378,93,88,370,91,158,272,179,271,270],"class_list":{"0":"post-14110","1":"product","2":"type-product","3":"status-publish","4":"has-post-thumbnail","6":"product_cat-cfa-level-1","7":"product_cat-cfa-video-lectures","8":"product_tag-cfa-2026","9":"product_tag-cfa-2026-video-lectures","10":"product_tag-cfa-books","11":"product_tag-cfa-ebooks","12":"product_tag-cfa-level-1-2026","13":"product_tag-cfa-prep","14":"product_tag-kaplan-schweser","15":"product_tag-prerequisite-program","16":"product_tag-schweser-notes","17":"product_tag-video-lectures","18":"product_tag-video-lessons","20":"first","21":"instock","22":"downloadable","23":"virtual","24":"sold-individually","25":"purchasable","26":"product-type-simple"},"_links":{"self":[{"href":"https:\/\/www.cfaebooks.com\/es\/wp-json\/wp\/v2\/product\/14110","targetHints":{"allow":["GET"]}}],"collection":[{"href":"https:\/\/www.cfaebooks.com\/es\/wp-json\/wp\/v2\/product"}],"about":[{"href":"https:\/\/www.cfaebooks.com\/es\/wp-json\/wp\/v2\/types\/product"}],"replies":[{"embeddable":true,"href":"https:\/\/www.cfaebooks.com\/es\/wp-json\/wp\/v2\/comments?post=14110"}],"wp:featuredmedia":[{"embeddable":true,"href":"https:\/\/www.cfaebooks.com\/es\/wp-json\/wp\/v2\/media\/14111"}],"wp:attachment":[{"href":"https:\/\/www.cfaebooks.com\/es\/wp-json\/wp\/v2\/media?parent=14110"}],"wp:term":[{"taxonomy":"product_brand","embeddable":true,"href":"https:\/\/www.cfaebooks.com\/es\/wp-json\/wp\/v2\/product_brand?post=14110"},{"taxonomy":"product_cat","embeddable":true,"href":"https:\/\/www.cfaebooks.com\/es\/wp-json\/wp\/v2\/product_cat?post=14110"},{"taxonomy":"product_tag","embeddable":true,"href":"https:\/\/www.cfaebooks.com\/es\/wp-json\/wp\/v2\/product_tag?post=14110"}],"curies":[{"name":"wp","href":"https:\/\/api.w.org\/{rel}","templated":true}]}}