{"id":14040,"date":"2025-10-04T01:08:10","date_gmt":"2025-10-04T01:08:10","guid":{"rendered":"https:\/\/www.cfaebooks.com\/?post_type=product&#038;p=14040"},"modified":"2026-04-03T08:06:03","modified_gmt":"2026-04-03T08:06:03","slug":"cfa-2026-level-1-salt-solutions-question-bank-and-mock-exams","status":"publish","type":"product","link":"https:\/\/www.cfaebooks.com\/es\/products\/cfa-2026-level-1-salt-solutions-question-bank-and-mock-exams\/","title":{"rendered":"CFA 2026 Nivel 1 Soluciones salinas Banco de preguntas y simulacros de examen"},"content":{"rendered":"<p>Para la venta es un e-libro 2026 CFA Nivel 1 Sal Soluciones Banco de preguntas y simulacros de examen PDF.<\/p>\n\n\n\n<ul class=\"wp-block-list\">\n<li>M\u00e1s de 1000 preguntas con sus respuestas<\/li>\n\n\n\n<li>Incluye 3 simulacros de examen, con 2 sesiones cada uno.<\/li>\n\n\n\n<li>Cubri\u00f3 10 temas:&nbsp;\n<ul class=\"wp-block-list\">\n<li><em><strong>M\u00e9todos cuantitativos<\/strong><\/em><\/li>\n\n\n\n<li><em><strong>Econom\u00eda<\/strong><\/em><\/li>\n\n\n\n<li><em><strong>Empresas emisoras<\/strong><\/em><\/li>\n\n\n\n<li><em><strong>An\u00e1lisis de estados financieros<\/strong><\/em><\/li>\n\n\n\n<li><em><strong>Acciones<\/strong><\/em><\/li>\n\n\n\n<li><em><strong>Renta fija<\/strong><\/em><\/li>\n\n\n\n<li><em><strong>Derivados<\/strong><\/em><\/li>\n\n\n\n<li><em><strong>Inversiones alternativas<\/strong><\/em><\/li>\n\n\n\n<li><em><strong>Gesti\u00f3n de carteras<\/strong><\/em><\/li>\n\n\n\n<li><em><strong>\u00c9tica.<\/strong><\/em><\/li>\n<\/ul>\n<\/li>\n\n\n\n<li>Incluye un archivo separado para las preguntas y las respuestas, de modo que puedas hacer preguntas y luego comparar tus respuestas.<\/li>\n\n\n\n<li>El texto se puede buscar utilizando la funci\u00f3n de b\u00fasqueda del teclado del ordenador (ctrl+f) y a trav\u00e9s de la b\u00fasqueda de su smartphone\/tableta.<\/li>\n\n\n\n<li>Este no es un libro f\u00edsico, es una copia digital en PDF. Por favor, no lo compre si desea una copia f\u00edsica.<\/li>\n\n\n\n<li>Despu\u00e9s de pagar, podr\u00e1 descargar el libro electr\u00f3nico al instante.<\/li>\n<\/ul>","protected":false},"excerpt":{"rendered":"<p>Para la venta es un e-libro 2026 CFA Nivel 1 Sal Soluciones Banco de preguntas y simulacros de examen PDF.<\/p>","protected":false},"featured_media":14042,"comment_status":"closed","ping_status":"closed","template":"","meta":[],"product_brand":[],"product_cat":[260],"product_tag":[369,93,88,90,370,87,361,311,91,166,92,176,162,377],"class_list":{"0":"post-14040","1":"product","2":"type-product","3":"status-publish","4":"has-post-thumbnail","6":"product_cat-cfa-level-1","7":"product_tag-cfa-2026","8":"product_tag-cfa-books","9":"product_tag-cfa-ebooks","10":"product_tag-cfa-exam","11":"product_tag-cfa-level-1-2026","12":"product_tag-cfa-level-i","13":"product_tag-cfa-mock-exams","14":"product_tag-cfa-mocks","15":"product_tag-cfa-prep","16":"product_tag-cfa-question-bank","17":"product_tag-cfa-test","18":"product_tag-mock-exam","19":"product_tag-qbank","20":"product_tag-salt-solutions","22":"first","23":"instock","24":"downloadable","25":"virtual","26":"sold-individually","27":"purchasable","28":"product-type-simple"},"_links":{"self":[{"href":"https:\/\/www.cfaebooks.com\/es\/wp-json\/wp\/v2\/product\/14040","targetHints":{"allow":["GET"]}}],"collection":[{"href":"https:\/\/www.cfaebooks.com\/es\/wp-json\/wp\/v2\/product"}],"about":[{"href":"https:\/\/www.cfaebooks.com\/es\/wp-json\/wp\/v2\/types\/product"}],"replies":[{"embeddable":true,"href":"https:\/\/www.cfaebooks.com\/es\/wp-json\/wp\/v2\/comments?post=14040"}],"wp:featuredmedia":[{"embeddable":true,"href":"https:\/\/www.cfaebooks.com\/es\/wp-json\/wp\/v2\/media\/14042"}],"wp:attachment":[{"href":"https:\/\/www.cfaebooks.com\/es\/wp-json\/wp\/v2\/media?parent=14040"}],"wp:term":[{"taxonomy":"product_brand","embeddable":true,"href":"https:\/\/www.cfaebooks.com\/es\/wp-json\/wp\/v2\/product_brand?post=14040"},{"taxonomy":"product_cat","embeddable":true,"href":"https:\/\/www.cfaebooks.com\/es\/wp-json\/wp\/v2\/product_cat?post=14040"},{"taxonomy":"product_tag","embeddable":true,"href":"https:\/\/www.cfaebooks.com\/es\/wp-json\/wp\/v2\/product_tag?post=14040"}],"curies":[{"name":"wp","href":"https:\/\/api.w.org\/{rel}","templated":true}]}}