{"id":13588,"date":"2025-10-05T00:28:05","date_gmt":"2025-10-05T00:28:05","guid":{"rendered":"https:\/\/www.cfaebooks.com\/?post_type=product&#038;p=13588"},"modified":"2026-04-03T08:05:47","modified_gmt":"2026-04-03T08:05:47","slug":"cfa-2026-level-1-schweser-question-bank-model-quizzes-topic-quiz-and-checkpoint-exams","status":"publish","type":"product","link":"https:\/\/www.cfaebooks.com\/es\/products\/cfa-2026-level-1-schweser-question-bank-model-quizzes-topic-quiz-and-checkpoint-exams\/","title":{"rendered":"CFA 2026 Nivel 1 Banco de preguntas Schweser, cuestionarios modelo, cuestionarios tem\u00e1ticos y ex\u00e1menes de control"},"content":{"rendered":"<p>For sale is an e-Book CFA 2026 Level 1 Schweser Question Bank, Model Quizzes, Topic Quiz and Checkpoint Exams.<\/p>\n\n\n\n<p>The package includes\u00a0<strong>QBank, Model Quizzes, Topic Quiz and Checkpoint Exams<\/strong>.<\/p>\n\n\n\n<ul class=\"wp-block-list\">\n<li>M\u00e1s de 1000 preguntas con sus respuestas<\/li>\n\n\n\n<li>Tema tratado:\n<ol class=\"wp-block-list\">\n<li>M\u00e9todos cuantitativos<\/li>\n\n\n\n<li>Econom\u00eda<\/li>\n\n\n\n<li>Empresas emisoras<\/li>\n\n\n\n<li>An\u00e1lisis de estados financieros<\/li>\n\n\n\n<li>Inversiones de capital<\/li>\n\n\n\n<li>Renta fija<\/li>\n\n\n\n<li>Derivados<\/li>\n\n\n\n<li>Inversiones alternativas <\/li>\n\n\n\n<li>Gesti\u00f3n de carteras<\/li>\n\n\n\n<li>Normas \u00e9ticas y profesionales<\/li>\n<\/ol>\n<\/li>\n\n\n\n<li>Incluye un archivo separado para las preguntas y las respuestas, de modo que puedas hacer preguntas y luego comparar tus respuestas. <\/li>\n\n\n\n<li>El texto se puede buscar utilizando la funci\u00f3n de b\u00fasqueda del teclado del ordenador (ctrl+f) y a trav\u00e9s de la b\u00fasqueda de su smartphone\/tableta.<\/li>\n\n\n\n<li>Este no es un libro f\u00edsico, es una copia digital en PDF. Por favor, no lo compre si desea una copia f\u00edsica.<\/li>\n\n\n\n<li>Despu\u00e9s de pagar, podr\u00e1 descargar el libro electr\u00f3nico al instante.<\/li>\n<\/ul>\n\n\n\n<p><\/p>","protected":false},"excerpt":{"rendered":"<p>For sale is an e-Book CFA 2026 Level 1 Schweser Question Bank, Model Quizzes, Topic Quiz and Checkpoint Exams. The package includes\u00a0QBank, Model Quizzes, Topic Quiz and Checkpoint Exams.<\/p>","protected":false},"featured_media":15440,"comment_status":"closed","ping_status":"closed","template":"","meta":[],"product_brand":[],"product_cat":[260],"product_tag":[369,93,88,90,370,87,91,92,162,161,163],"class_list":{"0":"post-13588","1":"product","2":"type-product","3":"status-publish","4":"has-post-thumbnail","6":"product_cat-cfa-level-1","7":"product_tag-cfa-2026","8":"product_tag-cfa-books","9":"product_tag-cfa-ebooks","10":"product_tag-cfa-exam","11":"product_tag-cfa-level-1-2026","12":"product_tag-cfa-level-i","13":"product_tag-cfa-prep","14":"product_tag-cfa-test","15":"product_tag-qbank","16":"product_tag-question-bank","17":"product_tag-schweser-qbank","19":"first","20":"instock","21":"downloadable","22":"virtual","23":"sold-individually","24":"purchasable","25":"product-type-simple"},"_links":{"self":[{"href":"https:\/\/www.cfaebooks.com\/es\/wp-json\/wp\/v2\/product\/13588","targetHints":{"allow":["GET"]}}],"collection":[{"href":"https:\/\/www.cfaebooks.com\/es\/wp-json\/wp\/v2\/product"}],"about":[{"href":"https:\/\/www.cfaebooks.com\/es\/wp-json\/wp\/v2\/types\/product"}],"replies":[{"embeddable":true,"href":"https:\/\/www.cfaebooks.com\/es\/wp-json\/wp\/v2\/comments?post=13588"}],"wp:featuredmedia":[{"embeddable":true,"href":"https:\/\/www.cfaebooks.com\/es\/wp-json\/wp\/v2\/media\/15440"}],"wp:attachment":[{"href":"https:\/\/www.cfaebooks.com\/es\/wp-json\/wp\/v2\/media?parent=13588"}],"wp:term":[{"taxonomy":"product_brand","embeddable":true,"href":"https:\/\/www.cfaebooks.com\/es\/wp-json\/wp\/v2\/product_brand?post=13588"},{"taxonomy":"product_cat","embeddable":true,"href":"https:\/\/www.cfaebooks.com\/es\/wp-json\/wp\/v2\/product_cat?post=13588"},{"taxonomy":"product_tag","embeddable":true,"href":"https:\/\/www.cfaebooks.com\/es\/wp-json\/wp\/v2\/product_tag?post=13588"}],"curies":[{"name":"wp","href":"https:\/\/api.w.org\/{rel}","templated":true}]}}