{"id":13409,"date":"2025-08-14T04:26:52","date_gmt":"2025-08-14T04:26:52","guid":{"rendered":"https:\/\/www.cfaebooks.com\/?post_type=product&#038;p=13409"},"modified":"2026-04-03T08:05:30","modified_gmt":"2026-04-03T08:05:30","slug":"cfa-2026-ift-high-yield-notes-level-3-portfolio-management-pathway","status":"publish","type":"product","link":"https:\/\/www.cfaebooks.com\/es\/products\/cfa-2026-ift-high-yield-notes-level-3-portfolio-management-pathway\/","title":{"rendered":"CFA 2026 IFT Notas de Alto Rendimiento Nivel 3 Portfolio Management Pathway"},"content":{"rendered":"<p>Para la venta es un e-Libro 2026 CFA Nivel 3 IFT High Yield Notes Portfolio Management Pathway PDF.<\/p>\n\n\n\n<p>Incluye los siguientes temas:<\/p>\n\n\n\n<ul class=\"wp-block-list\">\n<li>Volumen 1 - Asignaci\u00f3n de activos<\/li>\n\n\n\n<li><em>Volumen 2 - Construcci\u00f3n de carteras<\/em><\/li>\n\n\n\n<li><em>Volumen 3 - Medici\u00f3n del rendimiento<\/em><\/li>\n\n\n\n<li><em>Volumen 4 - Derivados y gesti\u00f3n de riesgos<\/em><\/li>\n\n\n\n<li><em>Volumen 5 - Normas \u00e9ticas y profesionales<\/em><\/li>\n\n\n\n<li><strong>Gesti\u00f3n de carteras<\/strong> Senda<\/li>\n<\/ul>\n\n\n\n<p>El texto se puede buscar utilizando la funci\u00f3n de b\u00fasqueda del teclado del ordenador (ctrl f) y a trav\u00e9s de la b\u00fasqueda de su smartphone o tableta.<\/p>\n\n\n\n<p>Despu\u00e9s de pagar puede descargar el libro electr\u00f3nico inmediatamente. No se trata de un libro f\u00edsico, sino de una copia digital en PDF. No lo compre si desea una copia f\u00edsica.<\/p>","protected":false},"excerpt":{"rendered":"<p>For sale is an e-Book 2026 CFA Level 3 IFT High Yield Notes Portfolio Management Pathway PDF. Includes the following topics: The text is searchable using the find feature on your computer keyboard &#8216;ctrl f&#8217; and through search on your smartphone\/tablet. After checkout you can download the e-Book immediately. This is not a physical book [&hellip;]<\/p>\n","protected":false},"featured_media":13410,"comment_status":"closed","ping_status":"closed","template":"","meta":[],"product_brand":[],"product_cat":[265],"product_tag":[369,93,88,90,180,371,91,363,92,335,373,372],"class_list":{"0":"post-13409","1":"product","2":"type-product","3":"status-publish","4":"has-post-thumbnail","6":"product_cat-cfa-level-3","7":"product_tag-cfa-2026","8":"product_tag-cfa-books","9":"product_tag-cfa-ebooks","10":"product_tag-cfa-exam","11":"product_tag-cfa-level-3","12":"product_tag-cfa-level-3-2026","13":"product_tag-cfa-prep","14":"product_tag-cfa-study-notes","15":"product_tag-cfa-test","16":"product_tag-high-yield-notes","17":"product_tag-ift-high-yield","18":"product_tag-ift-study-notes","20":"first","21":"instock","22":"downloadable","23":"virtual","24":"sold-individually","25":"purchasable","26":"product-type-simple"},"_links":{"self":[{"href":"https:\/\/www.cfaebooks.com\/es\/wp-json\/wp\/v2\/product\/13409","targetHints":{"allow":["GET"]}}],"collection":[{"href":"https:\/\/www.cfaebooks.com\/es\/wp-json\/wp\/v2\/product"}],"about":[{"href":"https:\/\/www.cfaebooks.com\/es\/wp-json\/wp\/v2\/types\/product"}],"replies":[{"embeddable":true,"href":"https:\/\/www.cfaebooks.com\/es\/wp-json\/wp\/v2\/comments?post=13409"}],"wp:featuredmedia":[{"embeddable":true,"href":"https:\/\/www.cfaebooks.com\/es\/wp-json\/wp\/v2\/media\/13410"}],"wp:attachment":[{"href":"https:\/\/www.cfaebooks.com\/es\/wp-json\/wp\/v2\/media?parent=13409"}],"wp:term":[{"taxonomy":"product_brand","embeddable":true,"href":"https:\/\/www.cfaebooks.com\/es\/wp-json\/wp\/v2\/product_brand?post=13409"},{"taxonomy":"product_cat","embeddable":true,"href":"https:\/\/www.cfaebooks.com\/es\/wp-json\/wp\/v2\/product_cat?post=13409"},{"taxonomy":"product_tag","embeddable":true,"href":"https:\/\/www.cfaebooks.com\/es\/wp-json\/wp\/v2\/product_tag?post=13409"}],"curies":[{"name":"wp","href":"https:\/\/api.w.org\/{rel}","templated":true}]}}