{"id":13403,"date":"2025-08-14T04:10:58","date_gmt":"2025-08-14T04:10:58","guid":{"rendered":"https:\/\/www.cfaebooks.com\/?post_type=product&#038;p=13403"},"modified":"2026-04-03T08:05:27","modified_gmt":"2026-04-03T08:05:27","slug":"cfa-2026-ift-notas-de-estudio-nivel-3-private-wealth-pathway-con-hoja-de-formulas-2","status":"publish","type":"product","link":"https:\/\/www.cfaebooks.com\/es\/products\/cfa-2026-ift-notas-de-estudio-nivel-3-private-wealth-pathway-con-hoja-de-formulas-2\/","title":{"rendered":"CFA 2026 IFT Notas de estudio Nivel 3 Private Wealth Pathway con hoja de f\u00f3rmulas"},"content":{"rendered":"<p>Para la venta es un e-Libro 2026 CFA Nivel 3 IFT Notas de Estudio Private Wealth Pathway con Hoja de F\u00f3rmula PDF.<\/p>\n\n\n\n<p>Incluye los siguientes temas:<\/p>\n\n\n\n<ul class=\"wp-block-list\">\n<li>Volumen 1 - Asignaci\u00f3n de activos<\/li>\n\n\n\n<li><em>Volumen 2 - Construcci\u00f3n de carteras<\/em><\/li>\n\n\n\n<li><em>Volumen 3 - Medici\u00f3n del rendimiento<\/em><\/li>\n\n\n\n<li><em>Volumen 4 - Derivados y gesti\u00f3n de riesgos<\/em><\/li>\n\n\n\n<li><em>Volumen 5 - Normas \u00e9ticas y profesionales<\/em><\/li>\n\n\n\n<li>Camino hacia la riqueza privada<\/li>\n\n\n\n<li><em>Hoja informativa y f\u00f3rmula 2026 Nivel III<\/em><\/li>\n<\/ul>\n\n\n\n<p>El texto se puede buscar utilizando la funci\u00f3n de b\u00fasqueda del teclado del ordenador (ctrl f) y a trav\u00e9s de la b\u00fasqueda de su smartphone o tableta.<\/p>\n\n\n\n<p>Obtendr\u00e1 Notas de Estudio detalladas que cubren toda la LOS, y que incluyen:&nbsp;<strong><em>Resumen de cada lectura y Ejemplos<\/em><\/strong><\/p>\n\n\n\n<ul class=\"wp-block-list\">\n<li>Despu\u00e9s de pagar, podr\u00e1 descargar el libro electr\u00f3nico inmediatamente.<\/li>\n\n\n\n<li>Este no es un libro f\u00edsico, es una copia digital en PDF. Por favor, no lo compre si desea una copia f\u00edsica.<\/li>\n<\/ul>","protected":false},"excerpt":{"rendered":"<p>For sale is an e-Book 2026 CFA Level 3 IFT Study Notes Private Wealth Pathway with Formula Sheet PDF. Includes the following topics: The text is searchable using the find feature on your computer keyboard &#8216;ctrl f&#8217; and through search on your smartphone\/tablet. You will get detailed Study Notes covering all LOS, and which include:&nbsp;Summary [&hellip;]<\/p>\n","protected":false},"featured_media":13404,"comment_status":"closed","ping_status":"closed","template":"","meta":[],"product_brand":[],"product_cat":[265],"product_tag":[369,93,88,90,180,371,91,363,92,372,168],"class_list":{"0":"post-13403","1":"product","2":"type-product","3":"status-publish","4":"has-post-thumbnail","6":"product_cat-cfa-level-3","7":"product_tag-cfa-2026","8":"product_tag-cfa-books","9":"product_tag-cfa-ebooks","10":"product_tag-cfa-exam","11":"product_tag-cfa-level-3","12":"product_tag-cfa-level-3-2026","13":"product_tag-cfa-prep","14":"product_tag-cfa-study-notes","15":"product_tag-cfa-test","16":"product_tag-ift-study-notes","17":"product_tag-study-notes","19":"first","20":"instock","21":"downloadable","22":"virtual","23":"sold-individually","24":"purchasable","25":"product-type-simple"},"_links":{"self":[{"href":"https:\/\/www.cfaebooks.com\/es\/wp-json\/wp\/v2\/product\/13403","targetHints":{"allow":["GET"]}}],"collection":[{"href":"https:\/\/www.cfaebooks.com\/es\/wp-json\/wp\/v2\/product"}],"about":[{"href":"https:\/\/www.cfaebooks.com\/es\/wp-json\/wp\/v2\/types\/product"}],"replies":[{"embeddable":true,"href":"https:\/\/www.cfaebooks.com\/es\/wp-json\/wp\/v2\/comments?post=13403"}],"wp:featuredmedia":[{"embeddable":true,"href":"https:\/\/www.cfaebooks.com\/es\/wp-json\/wp\/v2\/media\/13404"}],"wp:attachment":[{"href":"https:\/\/www.cfaebooks.com\/es\/wp-json\/wp\/v2\/media?parent=13403"}],"wp:term":[{"taxonomy":"product_brand","embeddable":true,"href":"https:\/\/www.cfaebooks.com\/es\/wp-json\/wp\/v2\/product_brand?post=13403"},{"taxonomy":"product_cat","embeddable":true,"href":"https:\/\/www.cfaebooks.com\/es\/wp-json\/wp\/v2\/product_cat?post=13403"},{"taxonomy":"product_tag","embeddable":true,"href":"https:\/\/www.cfaebooks.com\/es\/wp-json\/wp\/v2\/product_tag?post=13403"}],"curies":[{"name":"wp","href":"https:\/\/api.w.org\/{rel}","templated":true}]}}