{"id":13247,"date":"2025-07-31T04:30:44","date_gmt":"2025-07-31T04:30:44","guid":{"rendered":"https:\/\/www.cfaebooks.com\/?post_type=product&#038;p=13247"},"modified":"2026-04-03T08:05:16","modified_gmt":"2026-04-03T08:05:16","slug":"notas-de-estudio-cfa-2026-nivel-1-ift-high-yield-2","status":"publish","type":"product","link":"https:\/\/www.cfaebooks.com\/es\/products\/notas-de-estudio-cfa-2026-nivel-1-ift-high-yield-2\/","title":{"rendered":"CFA 2026 Nivel 1 IFT High Yield Notas de estudio"},"content":{"rendered":"<p>Para la venta es un e-Libro 2026 CFA Nivel 1 IFT Notas de Alto Rendimiento PDF.<\/p>\n\n\n\n<p><strong>Tema incluido:<\/strong><\/p>\n\n\n\n<ol class=\"wp-block-list\">\n<li><strong><em>M\u00e9todos cuantitativos<\/em><\/strong><\/li>\n\n\n\n<li><strong><em>Econom\u00eda<\/em><\/strong><\/li>\n\n\n\n<li><strong><em>Empresas emisoras<\/em><\/strong><\/li>\n\n\n\n<li><strong><em>An\u00e1lisis de estados financieros<\/em><\/strong><\/li>\n\n\n\n<li><strong><em>Equidad<\/em> Inversiones<\/strong><\/li>\n\n\n\n<li><strong><em>Renta fija<\/em><\/strong><\/li>\n\n\n\n<li><strong><em>Derivados<\/em><\/strong><\/li>\n\n\n\n<li><strong><em>Inversiones alternativas<\/em><\/strong><\/li>\n\n\n\n<li><strong><em>Gesti\u00f3n de carteras<\/em><\/strong><\/li>\n\n\n\n<li><strong><strong><em>Normas \u00e9ticas y profesionales<\/em><\/strong>.<\/strong><\/li>\n<\/ol>\n\n\n\n<p>Despu\u00e9s de pagar puede descargar los libros electr\u00f3nicos inmediatamente. No se trata de libros f\u00edsicos, sino de copias digitales en PDF. Por favor, no compre si desea una copia f\u00edsica.<\/p>","protected":false},"excerpt":{"rendered":"<p>For sale is an e-Book 2026 CFA Level 1 IFT High Yield Notes PDF. Topic Included: After checkout you can download the e-Books immediately. These are not physical books they are PDF digital copies. Please do not purchase if you want a physical hard copy.<\/p>","protected":false},"featured_media":13388,"comment_status":"closed","ping_status":"closed","template":"","meta":[],"product_brand":[],"product_cat":[260],"product_tag":[369,93,90,370,87,311,91,92,335,167],"class_list":{"0":"post-13247","1":"product","2":"type-product","3":"status-publish","4":"has-post-thumbnail","6":"product_cat-cfa-level-1","7":"product_tag-cfa-2026","8":"product_tag-cfa-books","9":"product_tag-cfa-exam","10":"product_tag-cfa-level-1-2026","11":"product_tag-cfa-level-i","12":"product_tag-cfa-mocks","13":"product_tag-cfa-prep","14":"product_tag-cfa-test","15":"product_tag-high-yield-notes","16":"product_tag-ift","18":"first","19":"instock","20":"downloadable","21":"virtual","22":"sold-individually","23":"purchasable","24":"product-type-simple"},"_links":{"self":[{"href":"https:\/\/www.cfaebooks.com\/es\/wp-json\/wp\/v2\/product\/13247","targetHints":{"allow":["GET"]}}],"collection":[{"href":"https:\/\/www.cfaebooks.com\/es\/wp-json\/wp\/v2\/product"}],"about":[{"href":"https:\/\/www.cfaebooks.com\/es\/wp-json\/wp\/v2\/types\/product"}],"replies":[{"embeddable":true,"href":"https:\/\/www.cfaebooks.com\/es\/wp-json\/wp\/v2\/comments?post=13247"}],"wp:featuredmedia":[{"embeddable":true,"href":"https:\/\/www.cfaebooks.com\/es\/wp-json\/wp\/v2\/media\/13388"}],"wp:attachment":[{"href":"https:\/\/www.cfaebooks.com\/es\/wp-json\/wp\/v2\/media?parent=13247"}],"wp:term":[{"taxonomy":"product_brand","embeddable":true,"href":"https:\/\/www.cfaebooks.com\/es\/wp-json\/wp\/v2\/product_brand?post=13247"},{"taxonomy":"product_cat","embeddable":true,"href":"https:\/\/www.cfaebooks.com\/es\/wp-json\/wp\/v2\/product_cat?post=13247"},{"taxonomy":"product_tag","embeddable":true,"href":"https:\/\/www.cfaebooks.com\/es\/wp-json\/wp\/v2\/product_tag?post=13247"}],"curies":[{"name":"wp","href":"https:\/\/api.w.org\/{rel}","templated":true}]}}