{"id":13238,"date":"2025-07-31T03:18:33","date_gmt":"2025-07-31T03:18:33","guid":{"rendered":"https:\/\/www.cfaebooks.com\/?post_type=product&#038;p=13238"},"modified":"2026-04-03T08:05:13","modified_gmt":"2026-04-03T08:05:13","slug":"cfa-2026-nivel-1-ift-apuntes-de-estudio-con-hoja-de-formulas-2","status":"publish","type":"product","link":"https:\/\/www.cfaebooks.com\/es\/products\/cfa-2026-nivel-1-ift-apuntes-de-estudio-con-hoja-de-formulas-2\/","title":{"rendered":"CFA 2026 Nivel 1 IFT Notas de estudio con hoja de f\u00f3rmulas"},"content":{"rendered":"<p>Para la venta es un e-libro 2026 CFA Nivel 1 IFT Notas de Estudio con la Hoja de F\u00f3rmula PDF.<\/p>\n\n\n\n<p>Incluye los siguientes temas: <\/p>\n\n\n\n<ol class=\"wp-block-list\">\n<li>Lecturas previas<\/li>\n\n\n\n<li><em>M\u00e9todos cuantitativos<\/em><\/li>\n\n\n\n<li><em>Econom\u00eda<\/em><\/li>\n\n\n\n<li><em>Empresas emisoras<\/em><\/li>\n\n\n\n<li><em>An\u00e1lisis de estados financieros<\/em><\/li>\n\n\n\n<li><em>Inversiones de capital<\/em><\/li>\n\n\n\n<li><em>Renta fija<\/em><\/li>\n\n\n\n<li><em>Derivados<\/em><\/li>\n\n\n\n<li><em>Inversiones alternativas<\/em><\/li>\n\n\n\n<li><em>Gesti\u00f3n de carteras<\/em><\/li>\n\n\n\n<li><em>Normas \u00e9ticas y profesionales<\/em>.<\/li>\n<\/ol>\n\n\n\n<p>Obtendr\u00e1 Notas de Estudio detalladas que cubren toda la LOS, y que incluyen: <strong><em>Resumen de cada lectura y Ejemplos<\/em><\/strong><\/p>\n\n\n\n<ul class=\"wp-block-list\">\n<li>Despu\u00e9s de pagar, podr\u00e1 descargar el libro electr\u00f3nico inmediatamente.<\/li>\n\n\n\n<li>Este no es un libro f\u00edsico, es una copia digital en PDF. Por favor, no lo compre si desea una copia f\u00edsica.<\/li>\n<\/ul>","protected":false},"excerpt":{"rendered":"<p>For sale is an e-Book 2026 CFA Level 1 IFT Study Notes with Formula Sheet PDF. Includes the following topics: You will get detailed Study Notes covering all LOS, and which include: Summary of each reading and Examples<\/p>","protected":false},"featured_media":13387,"comment_status":"closed","ping_status":"closed","template":"","meta":[],"product_brand":[],"product_cat":[260],"product_tag":[369,93,88,90,370,87,91,92,167,168],"class_list":{"0":"post-13238","1":"product","2":"type-product","3":"status-publish","4":"has-post-thumbnail","6":"product_cat-cfa-level-1","7":"product_tag-cfa-2026","8":"product_tag-cfa-books","9":"product_tag-cfa-ebooks","10":"product_tag-cfa-exam","11":"product_tag-cfa-level-1-2026","12":"product_tag-cfa-level-i","13":"product_tag-cfa-prep","14":"product_tag-cfa-test","15":"product_tag-ift","16":"product_tag-study-notes","18":"first","19":"instock","20":"downloadable","21":"virtual","22":"sold-individually","23":"purchasable","24":"product-type-simple"},"_links":{"self":[{"href":"https:\/\/www.cfaebooks.com\/es\/wp-json\/wp\/v2\/product\/13238","targetHints":{"allow":["GET"]}}],"collection":[{"href":"https:\/\/www.cfaebooks.com\/es\/wp-json\/wp\/v2\/product"}],"about":[{"href":"https:\/\/www.cfaebooks.com\/es\/wp-json\/wp\/v2\/types\/product"}],"replies":[{"embeddable":true,"href":"https:\/\/www.cfaebooks.com\/es\/wp-json\/wp\/v2\/comments?post=13238"}],"wp:featuredmedia":[{"embeddable":true,"href":"https:\/\/www.cfaebooks.com\/es\/wp-json\/wp\/v2\/media\/13387"}],"wp:attachment":[{"href":"https:\/\/www.cfaebooks.com\/es\/wp-json\/wp\/v2\/media?parent=13238"}],"wp:term":[{"taxonomy":"product_brand","embeddable":true,"href":"https:\/\/www.cfaebooks.com\/es\/wp-json\/wp\/v2\/product_brand?post=13238"},{"taxonomy":"product_cat","embeddable":true,"href":"https:\/\/www.cfaebooks.com\/es\/wp-json\/wp\/v2\/product_cat?post=13238"},{"taxonomy":"product_tag","embeddable":true,"href":"https:\/\/www.cfaebooks.com\/es\/wp-json\/wp\/v2\/product_tag?post=13238"}],"curies":[{"name":"wp","href":"https:\/\/api.w.org\/{rel}","templated":true}]}}