{"id":12941,"date":"2025-06-22T05:08:46","date_gmt":"2025-06-22T05:08:46","guid":{"rendered":"https:\/\/www.cfaebooks.com\/?post_type=product&#038;p=12941"},"modified":"2026-04-03T08:05:05","modified_gmt":"2026-04-03T08:05:05","slug":"caia-2025-nivel-2-uppermark-banco-de-preguntas-crq-y-preguntas-de-ensayo-2","status":"publish","type":"product","link":"https:\/\/www.cfaebooks.com\/es\/products\/caia-2025-nivel-2-uppermark-banco-de-preguntas-crq-y-preguntas-de-ensayo-2\/","title":{"rendered":"CAIA 2025 Nivel 2 UpperMark Banco de preguntas, CRQ y preguntas de ensayo"},"content":{"rendered":"<p>Para la venta es un e-Libro 2025 CAIA Nivel 2 UpperMark Banco de preguntas, CRQ y preguntas de ensayo.<\/p>\n\n\n\n<p><strong>El banco de pruebas incluye m\u00e1s de 2.000 preguntas con respuestas detalladas.<\/strong><\/p>\n\n\n\n<p><strong>Preguntas de respuesta constructiva<\/strong> (CRQ)<\/p>\n\n\n\n<p><strong>Preguntas de redacci\u00f3n con respuestas modelo<\/strong><\/p>\n\n\n\n<p><strong>QBank Tema tratado:<\/strong><\/p>\n\n\n\n<ul class=\"wp-block-list\">\n<li>Tema 1 Propietarios de activos institucionales y pol\u00edticas de inversi\u00f3n<\/li>\n\n\n\n<li>Tema 2 Asignaci\u00f3n de activos<\/li>\n\n\n\n<li>Tema 3 Riesgo y gesti\u00f3n del riesgo<\/li>\n\n\n\n<li>Tema 4 M\u00e9todos y modelos<\/li>\n\n\n\n<li>Tema 5 Acceso a inversiones alternativas<\/li>\n\n\n\n<li>Tema 6 Diligencia debida y selecci\u00f3n de directivos<\/li>\n\n\n\n<li>Tema 7 Volatilidad y estrategias complejas<\/li>\n<\/ul>\n\n\n\n<p><strong>CRQ Tema tratado:<\/strong><\/p>\n\n\n\n<ul class=\"wp-block-list\">\n<li>Tema 1 Propietarios de activos institucionales y pol\u00edticas de inversi\u00f3n<\/li>\n\n\n\n<li>Tema 2 Asignaci\u00f3n de activos<\/li>\n\n\n\n<li>Tema 3 Riesgo y gesti\u00f3n del riesgo<\/li>\n\n\n\n<li>Tema 4 M\u00e9todos y modelos<\/li>\n\n\n\n<li>Tema 5 Acceso a inversiones alternativas<\/li>\n\n\n\n<li>Tema 6 Diligencia debida y selecci\u00f3n de directivos<\/li>\n\n\n\n<li>Tema 7 Volatilidad y estrategias complejas<\/li>\n\n\n\n<li>Tema 8 Consideraciones sobre la inversi\u00f3n universal<\/li>\n\n\n\n<li>Tema 9 Temas emergentes<\/li>\n<\/ul>\n\n\n\n<p>Este no es un libro f\u00edsico, es una copia digital en PDF. Por favor, no lo compre si desea una copia f\u00edsica. Despu\u00e9s de la compra se puede descargar el libro electr\u00f3nico al instante.<\/p>","protected":false},"excerpt":{"rendered":"<p>For sale is an e-Book 2025 CAIA Level 2 UpperMark Question Bank, CRQ and Essay Questions. The test bank includes over 2,000 questions with detailed answers. Constructive Response Questions (CRQ) Essay Questions with Model Answers QBank Topic covered: CRQ Topic covered: This is not a physical book it is a&nbsp;PDF&nbsp;digital copy. Please do not purchase [&hellip;]<\/p>\n","protected":false},"featured_media":12942,"comment_status":"closed","ping_status":"closed","template":"","meta":[],"product_brand":[],"product_cat":[318],"product_tag":[247,319,251,368,250,248,253,252,330,331,249],"class_list":{"0":"post-12941","1":"product","2":"type-product","3":"status-publish","4":"has-post-thumbnail","6":"product_cat-caia-level-2","7":"product_tag-caia","8":"product_tag-caia-2025","9":"product_tag-caia-books","10":"product_tag-caia-crq","11":"product_tag-caia-ebooks","12":"product_tag-caia-exam","13":"product_tag-caia-level-ii","14":"product_tag-caia-prep","15":"product_tag-caia-qbank","16":"product_tag-caia-question-bank","17":"product_tag-caia-test","19":"first","20":"instock","21":"downloadable","22":"virtual","23":"sold-individually","24":"purchasable","25":"product-type-simple"},"_links":{"self":[{"href":"https:\/\/www.cfaebooks.com\/es\/wp-json\/wp\/v2\/product\/12941","targetHints":{"allow":["GET"]}}],"collection":[{"href":"https:\/\/www.cfaebooks.com\/es\/wp-json\/wp\/v2\/product"}],"about":[{"href":"https:\/\/www.cfaebooks.com\/es\/wp-json\/wp\/v2\/types\/product"}],"replies":[{"embeddable":true,"href":"https:\/\/www.cfaebooks.com\/es\/wp-json\/wp\/v2\/comments?post=12941"}],"wp:featuredmedia":[{"embeddable":true,"href":"https:\/\/www.cfaebooks.com\/es\/wp-json\/wp\/v2\/media\/12942"}],"wp:attachment":[{"href":"https:\/\/www.cfaebooks.com\/es\/wp-json\/wp\/v2\/media?parent=12941"}],"wp:term":[{"taxonomy":"product_brand","embeddable":true,"href":"https:\/\/www.cfaebooks.com\/es\/wp-json\/wp\/v2\/product_brand?post=12941"},{"taxonomy":"product_cat","embeddable":true,"href":"https:\/\/www.cfaebooks.com\/es\/wp-json\/wp\/v2\/product_cat?post=12941"},{"taxonomy":"product_tag","embeddable":true,"href":"https:\/\/www.cfaebooks.com\/es\/wp-json\/wp\/v2\/product_tag?post=12941"}],"curies":[{"name":"wp","href":"https:\/\/api.w.org\/{rel}","templated":true}]}}